{"id":15,"date":"2023-12-14T13:50:39","date_gmt":"2023-12-14T10:50:39","guid":{"rendered":"http:\/\/yukselenoto.com.tr\/swm\/?page_id=15"},"modified":"2024-01-17T18:33:24","modified_gmt":"2024-01-17T15:33:24","slug":"iletisim","status":"publish","type":"page","link":"https:\/\/yukselenoto.com.tr\/swm\/iletisim\/","title":{"rendered":"\u0130leti\u015fim"},"content":{"rendered":"<p><iframe loading=\"lazy\"\n\t\t\t\t\tsrc=\"https:\/\/maps.google.com\/maps?q=Y%C3%BCkselen%20Otomotiv&#038;t=m&#038;z=15&#038;output=embed&#038;iwloc=near\"\n\t\t\t\t\ttitle=\"Y\u00fckselen Otomotiv\"\n\t\t\t\t\taria-label=\"Y\u00fckselen Otomotiv\"\n\t\t\t><\/iframe><\/p>\n<h3>\n\t\t\t\t\t\tTelefon<br \/>\n\t\t\t\t<\/h3>\n<p>\n\t\t\t\t\t\tTel: +90 212 552 40 00<br \/>\nTel: +90 212 653 81 15<br \/>\nFax: +90 212 451 43 19\t\t\t\t\t<\/p>\n<h3>\n\t\t\t\t\t\tE-Posta<br \/>\n\t\t\t\t<\/h3>\n<p>\n\t\t\t\t\t\tinfo@yukselenoto.com.tr\t\t\t\t\t<\/p>\n<h3>\n\t\t\t\t\t\tAdres<br \/>\n\t\t\t\t<\/h3>\n<p>\n\t\t\t\t\t\t\u00c7oban \u00c7e\u015fme Mahallesi, K\u0131m\u0131z Sokak No:16 Bah\u00e7elievler\/ \u0130STANBUL\t\t\t\t\t<\/p>\n<h2>\u0130leti\u015fim<\/h2>\n<h2>\u0130leti\u015fim Formu<\/h2>\n<p>\t\t[fc id=&#8217;3&#8242; align=&#8217;center&#8217;][\/fc]<\/p>\n","protected":false},"excerpt":{"rendered":"<p>Telefon Tel: +90 212 552 40 00 Tel: +90 212 653 81 15 Fax: +90 212 451 43 19 E-Posta info@yukselenoto.com.tr Adres \u00c7oban \u00c7e\u015fme Mahallesi, K\u0131m\u0131z Sokak No:16 Bah\u00e7elievler\/ \u0130STANBUL \u0130leti\u015fim \u0130leti\u015fim Formu [fc id=&#8217;3&#8242; align=&#8217;center&#8217;][\/fc]<\/p>\n","protected":false},"author":1,"featured_media":0,"parent":0,"menu_order":0,"comment_status":"closed","ping_status":"closed","template":"elementor_header_footer","meta":{"footnotes":""},"class_list":["post-15","page","type-page","status-publish","hentry","description-off"],"_links":{"self":[{"href":"https:\/\/yukselenoto.com.tr\/swm\/wp-json\/wp\/v2\/pages\/15","targetHints":{"allow":["GET"]}}],"collection":[{"href":"https:\/\/yukselenoto.com.tr\/swm\/wp-json\/wp\/v2\/pages"}],"about":[{"href":"https:\/\/yukselenoto.com.tr\/swm\/wp-json\/wp\/v2\/types\/page"}],"author":[{"embeddable":true,"href":"https:\/\/yukselenoto.com.tr\/swm\/wp-json\/wp\/v2\/users\/1"}],"replies":[{"embeddable":true,"href":"https:\/\/yukselenoto.com.tr\/swm\/wp-json\/wp\/v2\/comments?post=15"}],"version-history":[{"count":0,"href":"https:\/\/yukselenoto.com.tr\/swm\/wp-json\/wp\/v2\/pages\/15\/revisions"}],"wp:attachment":[{"href":"https:\/\/yukselenoto.com.tr\/swm\/wp-json\/wp\/v2\/media?parent=15"}],"curies":[{"name":"wp","href":"https:\/\/api.w.org\/{rel}","templated":true}]}}