{"id":227,"date":"2023-12-21T11:11:55","date_gmt":"2023-12-21T08:11:55","guid":{"rendered":"http:\/\/yukselenoto.com.tr\/swm\/?page_id=227"},"modified":"2023-12-21T15:46:08","modified_gmt":"2023-12-21T12:46:08","slug":"bakim-ve-onarim","status":"publish","type":"page","link":"https:\/\/yukselenoto.com.tr\/swm\/bakim-ve-onarim\/","title":{"rendered":"Bak\u0131m ve Onar\u0131m"},"content":{"rendered":"<h2>SWM YUKSELEN OTOMOT\u0130V<\/h2>\n<h2>BAKIM ve ONARIM<\/h2>\n<p>Arac\u0131n\u0131z\u0131n ilk g\u00fcnk\u00fc performans\u0131n\u0131 korumas\u0131 i\u00e7in periyodik bak\u0131mlar\u0131n ne kadar \u00f6nemli oldu\u011funu biliyoruz. Bu sebeple t\u00fcm bak\u0131m ihtiya\u00e7lar\u0131n\u0131z\u0131n SWM yetkili servis noktalar\u0131nda alan\u0131nda uzman teknik ekiplerimiz taraf\u0131ndan orijinal yedek par\u00e7a kullan\u0131larak yap\u0131lmas\u0131n\u0131 \u00f6neriyoruz.<\/p>\n<p>Ayr\u0131ca SWM yetkili servislerinde, SWM m\u00fc\u015fterilerinin ihtiya\u00e7lar\u0131n\u0131 kar\u015f\u0131lamaya haz\u0131r, \u201cson teknoloji\u201d kaporta ve boya at\u00f6lyeleri bulunmaktad\u0131r.<\/p>\n<p><strong>\u00d6nerilen Bak\u0131m\u00a0<\/strong><strong>Periyotlar\u0131:<\/strong><\/p>\n<p><strong>Benzinli SUV ve Hafif Ticari Ara\u00e7lar:<\/strong><\/p>\n<p><strong>\u0130lk Periyodik Bak\u0131m:<\/strong>\u00a03 ay\/3.000 km (hangisi \u00f6nce tamamlan\u0131rsa)<\/p>\n<p><strong>Periyodik Bak\u0131mlar<\/strong>: Her 12 ay\/10.000 km (hangisi \u00f6nce tamamlan\u0131rsa)<\/p>\n<p><strong>Elektrikli Hafif Ticari Ara\u00e7lar:<\/strong><\/p>\n<p>Periyodik Bak\u0131m ve Kontroller: Her 12 ay\/10.000 km (hangisi \u00f6nce tamamlan\u0131rsa)<\/p>\n<p>Arac\u0131n\u0131zla ilgili t\u00fcm ihtiya\u00e7lar\u0131n\u0131z i\u00e7in size en yak\u0131n SWM yetkili bayisi ile ileti\u015fime ge\u00e7ebilir ya da size en yak\u0131n yetkili SWM bayisini se\u00e7erek randevunuzu olu\u015fturabilirsiniz.<\/p>\n<p>\t\t\t[fc id=&#8217;4&#8242;][\/fc]\t\t<\/p>\n<h2>G01<\/h2>\n<h2>HEMEN S\u0130PAR\u0130\u015e VER\u0130N!<\/h2>\n<p>Sofistike ve zamans\u0131z tarz\u0131yla \u00f6ne \u00e7\u0131kar. Ak\u0131c\u0131 \u00e7izgiler ve zarif k\u0131vr\u0131mlar, aerodinamik detaylar ve otomotiv end\u00fcstrisindeki \u0130talyan tasar\u0131m\u0131n\u0131n m\u00fckemmelli\u011fini yans\u0131tan stilize unsurlarla birle\u015ftirilmi\u015ftir. Her ayr\u0131nt\u0131 \u0130talyan otomotiv m\u00fchendisli\u011finin tutkusunu ve yenilik\u00e7i tarz\u0131n\u0131 yans\u0131t\u0131r.<\/p>\n<p>\t\t\t<a href=\"https:\/\/yukselenoto.com.tr\/swm\/iletisim\/\"><br \/>\n\t\t\t\t\t\tSipari\u015f Verin!<br \/>\n\t\t\t\t\t<\/a><\/p>\n<figure><img decoding=\"async\" src=\"https:\/\/yukselenoto.com.tr\/swm\/wp-content\/uploads\/2023\/12\/swm_G01_gal_02-1024x683-1-768x512.webp\" alt=\"swm_G01_gal_02-1024x683\" \/><\/figure>\n<figure><img decoding=\"async\" src=\"https:\/\/yukselenoto.com.tr\/swm\/wp-content\/uploads\/2023\/12\/swm_G01_gal_01-1024x683-1-768x512.webp\" alt=\"swm_G01_gal_01-1024x683\" \/><\/figure>\n<figure><img decoding=\"async\" src=\"https:\/\/yukselenoto.com.tr\/swm\/wp-content\/uploads\/2023\/12\/swm_G01_gal_03-1024x683-1-768x512.webp\" alt=\"swm_G01_gal_03-1024x683\" \/><\/figure>\n<figure><img decoding=\"async\" src=\"https:\/\/yukselenoto.com.tr\/swm\/wp-content\/uploads\/2023\/12\/swm_G01_gal_05-1024x662-1-768x497.webp\" alt=\"swm_G01_gal_05-1024x662\" \/><\/figure>\n<figure><img decoding=\"async\" src=\"https:\/\/yukselenoto.com.tr\/swm\/wp-content\/uploads\/2023\/12\/swm_G01_gal_06-1024x683-1-768x512.webp\" alt=\"swm_G01_gal_06-1024x683\" \/><\/figure>\n<figure><img decoding=\"async\" src=\"https:\/\/yukselenoto.com.tr\/swm\/wp-content\/uploads\/2023\/12\/swm_G01_gal_07-1024x671-1-768x503.webp\" alt=\"swm_G01_gal_07-1024x671\" \/><\/figure>\n","protected":false},"excerpt":{"rendered":"<p>SWM YUKSELEN OTOMOT\u0130V BAKIM ve ONARIM Arac\u0131n\u0131z\u0131n ilk g\u00fcnk\u00fc performans\u0131n\u0131 korumas\u0131 i\u00e7in periyodik bak\u0131mlar\u0131n ne kadar \u00f6nemli oldu\u011funu biliyoruz. Bu sebeple t\u00fcm bak\u0131m ihtiya\u00e7lar\u0131n\u0131z\u0131n SWM yetkili servis noktalar\u0131nda alan\u0131nda uzman teknik ekiplerimiz taraf\u0131ndan orijinal yedek par\u00e7a kullan\u0131larak yap\u0131lmas\u0131n\u0131 \u00f6neriyoruz. Ayr\u0131ca SWM yetkili servislerinde, SWM m\u00fc\u015fterilerinin ihtiya\u00e7lar\u0131n\u0131 kar\u015f\u0131lamaya haz\u0131r, \u201cson teknoloji\u201d kaporta ve boya at\u00f6lyeleri bulunmaktad\u0131r.&hellip;<\/p>\n","protected":false},"author":1,"featured_media":0,"parent":0,"menu_order":0,"comment_status":"closed","ping_status":"closed","template":"elementor_header_footer","meta":{"footnotes":""},"class_list":["post-227","page","type-page","status-publish","hentry","description-off"],"_links":{"self":[{"href":"https:\/\/yukselenoto.com.tr\/swm\/wp-json\/wp\/v2\/pages\/227","targetHints":{"allow":["GET"]}}],"collection":[{"href":"https:\/\/yukselenoto.com.tr\/swm\/wp-json\/wp\/v2\/pages"}],"about":[{"href":"https:\/\/yukselenoto.com.tr\/swm\/wp-json\/wp\/v2\/types\/page"}],"author":[{"embeddable":true,"href":"https:\/\/yukselenoto.com.tr\/swm\/wp-json\/wp\/v2\/users\/1"}],"replies":[{"embeddable":true,"href":"https:\/\/yukselenoto.com.tr\/swm\/wp-json\/wp\/v2\/comments?post=227"}],"version-history":[{"count":0,"href":"https:\/\/yukselenoto.com.tr\/swm\/wp-json\/wp\/v2\/pages\/227\/revisions"}],"wp:attachment":[{"href":"https:\/\/yukselenoto.com.tr\/swm\/wp-json\/wp\/v2\/media?parent=227"}],"curies":[{"name":"wp","href":"https:\/\/api.w.org\/{rel}","templated":true}]}}