{"id":238,"date":"2023-12-21T11:25:24","date_gmt":"2023-12-21T08:25:24","guid":{"rendered":"http:\/\/yukselenoto.com.tr\/swm\/?page_id=238"},"modified":"2023-12-21T11:27:26","modified_gmt":"2023-12-21T08:27:26","slug":"garanti","status":"publish","type":"page","link":"https:\/\/yukselenoto.com.tr\/swm\/garanti\/","title":{"rendered":"Garanti"},"content":{"rendered":"<h2>SWM YUKSELEN OTOMOT\u0130V<\/h2>\n<h2>GARANT\u0130<\/h2>\n<p>SWM Binek ara\u00e7lar\u0131n yasal garanti s\u00fcresi teslim tarihinden itibaren 3 (\u00dc\u00e7) y\u0131l veya 60.000 kilometreyi (hangisi \u00f6nce tamamlan\u0131rsa) kapsamaktad\u0131r.<\/p>\n<p>Periyodik bak\u0131mlar\u0131n, SWM Kullan\u0131m K\u0131lavuzu\u2019nda belirtilen bak\u0131m program\u0131na uygun \u00a0ve zaman\u0131nda yap\u0131lmas\u0131 durumunda, arac\u0131n teslim tarihinden itibaren SWM ara\u00e7lar\u0131n\u0131n motor ve \u015fasisinin t\u00fcm temel aksamlar\u0131n\u0131* kapsayan ek garanti,\u00a0<strong>5 (Be\u015f) y\u0131l veya 150.000 kilometre<\/strong>\u00a0(hangisi \u00f6nce tamamlan\u0131rsa) olacakt\u0131r.<\/p>\n<p>*Ek garantinin kapsad\u0131\u011f\u0131 motor ve \u015fasi aksamlar\u0131n\u0131n listesi:<\/p>\n<p>Silindir blo\u011fu, silindir kapa\u011f\u0131, krank mili, eksantrik mili, emme supab\u0131, piston, piston kolu, volan, ya\u011f karteri, emme\/egzoz manifoldu (conta hari\u00e7), eksantrik mili zamanlama kasna\u011f\u0131\/di\u015flisi; \u015fanz\u0131man par\u00e7alar\u0131: kasa, di\u015fli, \u015faft, senkroniz\u00f6r, yatak; \u00f6n s\u00fcspansiyon kiri\u015f grubu, motor yata\u011f\u0131, \u015fanz\u0131man yata\u011f\u0131, motor kaputu kilit g\u00f6vdesi, manuel \u015fanz\u0131man muhafazas\u0131, di\u015fliler, miller, \u00e7atallar, kollar, diferansiyel di\u015fliler (rulmanlar ve ya\u011f ke\u00e7eleri hari\u00e7)<\/p>\n<p>SWM, m\u00fc\u015fterilerinin g\u00fcvenli\u011fini ve memnuniyetini sa\u011flamaya \u00e7al\u0131\u015farak, ara\u00e7 karoserinde korozyon nedeniyle delinmelere kar\u015f\u0131 5 (Be\u015f) y\u0131l veya 150.000 kilometre (hangisi \u00f6nce tamamlan\u0131rsa) garantisi vermektedir.<\/p>\n<p><strong>Garanti D\u0131\u015f\u0131 Kalan Durumlar:<\/strong><\/p>\n<p>\u2013 Kaporta boyas\u0131n\u0131n dayan\u0131kl\u0131l\u0131\u011f\u0131 3 y\u0131l s\u00fcrmektedir.<\/p>\n<p>\u2013 2 y\u0131l\u0131n \u00fcst\u00fcnde ve uygunsuz \u015fekilde kullan\u0131lan ak\u00fcler<\/p>\n<ul>\n<li>Ara\u00e7 par\u00e7alar\u0131n\u0131n herhangi bir d\u0131\u015f etkene maruz kalmadan a\u015f\u0131nmas\u0131 ve eskimesi\n<ul>\n<li>Normal t\u00fcketim etkisi: Filtre par\u00e7alar\u0131, ya\u011f (grease), so\u011futma, fren s\u0131v\u0131lar\u0131, elektrolit, klima kuru s\u0131v\u0131 depolama tank\u0131, balatalar, lastikler, vb.<\/li>\n<li>Normal a\u015f\u0131nan par\u00e7alar: Bujiler, yak\u0131t enjekt\u00f6rleri ve motor pistonlar\u0131, contalar, kau\u00e7uk par\u00e7alar, lastik contalar, emniyet silecek lastikleri, mar\u015f motorlar\u0131 ve jenerat\u00f6rler i\u00e7in f\u0131r\u00e7alar, genel yataklar<\/li>\n<\/ul>\n<\/li>\n<\/ul>\n<ul>\n<li>SWM taraf\u0131ndan tedarik edilmeyen par\u00e7alar ve ayr\u0131ca insan fakt\u00f6rlerinden kaynaklanan hasarlar ve bunlarla ili\u015fkili daha sonra meydana gelen ar\u0131zalar.<\/li>\n<li>Shineray \u00fcr\u00fcnlerinin elektrik sisteminin de\u011fi\u015ftirilmesinden veya yeniden tak\u0131lmas\u0131ndan, sigorta modellerinin veya \u00f6zelliklerinin de\u011fi\u015ftirilmesinden ve SWM\u2019nin yaz\u0131l\u0131 onay\u0131 olmadan uygunsuz sigortalar\u0131n kullan\u0131lmas\u0131ndan kaynaklanan her t\u00fcrl\u00fc sonu\u00e7.<\/li>\n<\/ul>\n<p>SWM yetkili bayileri onay\u0131 olmadan araca ya da arac\u0131n herhangi par\u00e7a veya aksam\u0131na yap\u0131lan m\u00fcdahaleler, onar\u0131mlar ya da de\u011fi\u015fimler ve bu m\u00fcdahalelerden kaynaklanan ar\u0131zalar.<\/p>\n<p>Motorun giri\u015f ve egzoz boru hatlar\u0131n\u0131n periyodik hava s\u0131zd\u0131rmazl\u0131k kontrol\u00fc s\u0131ras\u0131nda boru hatt\u0131 s\u0131z\u0131nt\u0131s\u0131ndan kaynaklanan motor veya ara\u00e7 hasar\u0131.<\/p>\n<p>Kullan\u0131m k\u0131lavuzunda belirtilen gereklilikleri kar\u015f\u0131lamayan yak\u0131t, ya\u011flama ya\u011f\u0131 (gres), so\u011futma s\u0131v\u0131s\u0131, fren hidroli\u011fi veya elektrolit kullan\u0131m\u0131ndan kaynaklanan ar\u0131zalar<\/p>\n<p>Ara\u00e7 ar\u0131zaland\u0131\u011f\u0131nda kullan\u0131c\u0131, arac\u0131 tekrar kullanmadan \u00f6nce ar\u0131zan\u0131n yetkili servis taraf\u0131ndan giderildi\u011finden emin olmal\u0131d\u0131r. Ara\u00e7 sahibinin ar\u0131za giderilmeden arac\u0131 kullanmaya devam etmesi halinde ar\u0131zan\u0131n b\u00fcy\u00fcmesi ve k\u00f6t\u00fcle\u015fmesi nedeniyle ara\u00e7 daha fazla zarar g\u00f6rebilir. Ar\u0131za giderilene kadar arac\u0131n d\u00fczg\u00fcn \u00e7al\u0131\u015fmayaca\u011f\u0131n\u0131 unutmay\u0131n.<\/p>\n<p>Arac\u0131n yanl\u0131\u015f kullan\u0131m\u0131ndan (h\u0131z yapma, a\u015f\u0131r\u0131 y\u00fckleme, yo\u011fun arazi kullan\u0131m\u0131 vb.) ve kullan\u0131c\u0131n\u0131n Kullan\u0131m K\u0131lavuzunun gerekliliklerine uygun bak\u0131m yapmamas\u0131ndan kaynaklanan ar\u0131zalar.<\/p>\n<p>Arac\u0131n uzun s\u00fcre (60 g\u00fcnden fazla) hareketsiz kalmas\u0131ndan sonra arac\u0131n bak\u0131m\u0131n\u0131n do\u011fru ve gerekli \u015fekilde yap\u0131lmamas\u0131ndan kaynaklanan her t\u00fcrl\u00fc ar\u0131za.<\/p>\n<p>\u2013 M\u00fccbir sebeplerden, do\u011fal afetlerden ve beklenmedik durumlardan (y\u0131ld\u0131r\u0131m \u00e7arpmas\u0131 dahil) kaynaklanan her t\u00fcrl\u00fc hasar ve ar\u0131zalar<\/p>\n<p><strong>Kullan\u0131c\u0131n\u0131n uymas\u0131 gereken kurallar:<\/strong><\/p>\n<p>Konforlu ve g\u00fcvenli bir s\u00fcr\u00fc\u015f i\u00e7in arac\u0131n\u0131z\u0131 kullan\u0131m k\u0131lavuzunda belirtildi\u011fi \u015fekilde kullan\u0131n. Kullan\u0131m k\u0131lavuzunda tavsiye edilen g\u00fcnl\u00fck bak\u0131m ve periyodik bak\u0131mlar\u0131 mutlaka yap\u0131n.<\/p>\n<p>Arac\u0131n\u0131za a\u015f\u0131r\u0131 y\u00fckleme yapmay\u0131n. Kullan\u0131m k\u0131lavuzunda veya uygunluk belgesinde belirtilen y\u00fckleme s\u0131n\u0131rlamalar\u0131n\u0131 a\u015fmay\u0131n. A\u015f\u0131r\u0131 y\u00fcklenme durumunda olu\u015fabilecek problemler garanti edilmemektedir.<\/p>\n<p><strong>Garanti Limitleri<\/strong><\/p>\n<p>T\u00fcrkiye s\u0131n\u0131rlar\u0131 i\u00e7erisinde sat\u0131lan ve kullan\u0131lan ara\u00e7lar i\u00e7in ge\u00e7erlidir.<\/p>\n<p><strong>Ekonomik \u00d6m\u00fcr<\/strong><\/p>\n<p>10 y\u0131l<\/p>\n<h2>G01<\/h2>\n<h2>HEMEN S\u0130PAR\u0130\u015e VER\u0130N!<\/h2>\n<p>Sofistike ve zamans\u0131z tarz\u0131yla \u00f6ne \u00e7\u0131kar. Ak\u0131c\u0131 \u00e7izgiler ve zarif k\u0131vr\u0131mlar, aerodinamik detaylar ve otomotiv end\u00fcstrisindeki \u0130talyan tasar\u0131m\u0131n\u0131n m\u00fckemmelli\u011fini yans\u0131tan stilize unsurlarla birle\u015ftirilmi\u015ftir. Her ayr\u0131nt\u0131 \u0130talyan otomotiv m\u00fchendisli\u011finin tutkusunu ve yenilik\u00e7i tarz\u0131n\u0131 yans\u0131t\u0131r.<\/p>\n<p>\t\t\t<a href=\"https:\/\/yukselenoto.com.tr\/swm\/iletisim\/\"><br \/>\n\t\t\t\t\t\tSipari\u015f Verin!<br \/>\n\t\t\t\t\t<\/a><\/p>\n<figure><img decoding=\"async\" src=\"https:\/\/yukselenoto.com.tr\/swm\/wp-content\/uploads\/2023\/12\/swm_G01_gal_02-1024x683-1-768x512.webp\" alt=\"swm_G01_gal_02-1024x683\" \/><\/figure>\n<figure><img decoding=\"async\" src=\"https:\/\/yukselenoto.com.tr\/swm\/wp-content\/uploads\/2023\/12\/swm_G01_gal_01-1024x683-1-768x512.webp\" alt=\"swm_G01_gal_01-1024x683\" \/><\/figure>\n<figure><img decoding=\"async\" src=\"https:\/\/yukselenoto.com.tr\/swm\/wp-content\/uploads\/2023\/12\/swm_G01_gal_03-1024x683-1-768x512.webp\" alt=\"swm_G01_gal_03-1024x683\" \/><\/figure>\n<figure><img decoding=\"async\" src=\"https:\/\/yukselenoto.com.tr\/swm\/wp-content\/uploads\/2023\/12\/swm_G01_gal_05-1024x662-1-768x497.webp\" alt=\"swm_G01_gal_05-1024x662\" \/><\/figure>\n<figure><img decoding=\"async\" src=\"https:\/\/yukselenoto.com.tr\/swm\/wp-content\/uploads\/2023\/12\/swm_G01_gal_06-1024x683-1-768x512.webp\" alt=\"swm_G01_gal_06-1024x683\" \/><\/figure>\n<figure><img decoding=\"async\" src=\"https:\/\/yukselenoto.com.tr\/swm\/wp-content\/uploads\/2023\/12\/swm_G01_gal_07-1024x671-1-768x503.webp\" alt=\"swm_G01_gal_07-1024x671\" \/><\/figure>\n","protected":false},"excerpt":{"rendered":"<p>SWM YUKSELEN OTOMOT\u0130V GARANT\u0130 SWM Binek ara\u00e7lar\u0131n yasal garanti s\u00fcresi teslim tarihinden itibaren 3 (\u00dc\u00e7) y\u0131l veya 60.000 kilometreyi (hangisi \u00f6nce tamamlan\u0131rsa) kapsamaktad\u0131r. Periyodik bak\u0131mlar\u0131n, SWM Kullan\u0131m K\u0131lavuzu\u2019nda belirtilen bak\u0131m program\u0131na uygun \u00a0ve zaman\u0131nda yap\u0131lmas\u0131 durumunda, arac\u0131n teslim tarihinden itibaren SWM ara\u00e7lar\u0131n\u0131n motor ve \u015fasisinin t\u00fcm temel aksamlar\u0131n\u0131* kapsayan ek garanti,\u00a05 (Be\u015f) y\u0131l veya 150.000&hellip;<\/p>\n","protected":false},"author":1,"featured_media":0,"parent":0,"menu_order":0,"comment_status":"closed","ping_status":"closed","template":"elementor_header_footer","meta":{"footnotes":""},"class_list":["post-238","page","type-page","status-publish","hentry","description-off"],"_links":{"self":[{"href":"https:\/\/yukselenoto.com.tr\/swm\/wp-json\/wp\/v2\/pages\/238","targetHints":{"allow":["GET"]}}],"collection":[{"href":"https:\/\/yukselenoto.com.tr\/swm\/wp-json\/wp\/v2\/pages"}],"about":[{"href":"https:\/\/yukselenoto.com.tr\/swm\/wp-json\/wp\/v2\/types\/page"}],"author":[{"embeddable":true,"href":"https:\/\/yukselenoto.com.tr\/swm\/wp-json\/wp\/v2\/users\/1"}],"replies":[{"embeddable":true,"href":"https:\/\/yukselenoto.com.tr\/swm\/wp-json\/wp\/v2\/comments?post=238"}],"version-history":[{"count":0,"href":"https:\/\/yukselenoto.com.tr\/swm\/wp-json\/wp\/v2\/pages\/238\/revisions"}],"wp:attachment":[{"href":"https:\/\/yukselenoto.com.tr\/swm\/wp-json\/wp\/v2\/media?parent=238"}],"curies":[{"name":"wp","href":"https:\/\/api.w.org\/{rel}","templated":true}]}}