{"id":245,"date":"2023-12-21T11:31:53","date_gmt":"2023-12-21T08:31:53","guid":{"rendered":"http:\/\/yukselenoto.com.tr\/swm\/?page_id=245"},"modified":"2023-12-21T15:41:04","modified_gmt":"2023-12-21T12:41:04","slug":"test-surusu","status":"publish","type":"page","link":"https:\/\/yukselenoto.com.tr\/swm\/test-surusu\/","title":{"rendered":"Test S\u00fcr\u00fc\u015f\u00fc"},"content":{"rendered":"<h2>SWM YUKSELEN OTOMOT\u0130V<\/h2>\n<h2>TEST S\u00dcR\u00dc\u015e\u00dc YAPIN!<\/h2>\n<p>Y\u00fckselen Oto&#8217;da SWM&#8217;nin benzersiz konfor ve teknolojileri ile tan\u0131\u015fmak i\u00e7in formu doldurun, test s\u00fcr\u00fc\u015f\u00fcne kat\u0131l\u0131n!<\/p>\n<p>\t\t\t\t\t\t\t\t\t\t\t\t\t\t\t<img loading=\"lazy\" decoding=\"async\" width=\"588\" height=\"268\" src=\"https:\/\/yukselenoto.com.tr\/swm\/wp-content\/uploads\/2023\/12\/G01F-Siyah-Right-pose.png\" alt=\"\" srcset=\"https:\/\/yukselenoto.com.tr\/swm\/wp-content\/uploads\/2023\/12\/G01F-Siyah-Right-pose.png 588w, https:\/\/yukselenoto.com.tr\/swm\/wp-content\/uploads\/2023\/12\/G01F-Siyah-Right-pose-300x137.png 300w\" sizes=\"auto, (max-width: 588px) 100vw, 588px\" \/><br \/>\n\t\t\t[fc id=&#8217;5&#8242;][\/fc]\t\t<\/p>\n<figure><img decoding=\"async\" src=\"https:\/\/yukselenoto.com.tr\/swm\/wp-content\/uploads\/2023\/12\/swm_G01_gal_02-1024x683-1-768x512.webp\" alt=\"swm_G01_gal_02-1024x683\" \/><\/figure>\n<figure><img decoding=\"async\" src=\"https:\/\/yukselenoto.com.tr\/swm\/wp-content\/uploads\/2023\/12\/swm_G01_gal_01-1024x683-1-768x512.webp\" alt=\"swm_G01_gal_01-1024x683\" \/><\/figure>\n<figure><img decoding=\"async\" src=\"https:\/\/yukselenoto.com.tr\/swm\/wp-content\/uploads\/2023\/12\/swm_G01_gal_03-1024x683-1-768x512.webp\" alt=\"swm_G01_gal_03-1024x683\" \/><\/figure>\n<figure><img decoding=\"async\" src=\"https:\/\/yukselenoto.com.tr\/swm\/wp-content\/uploads\/2023\/12\/swm_G01_gal_05-1024x662-1-768x497.webp\" alt=\"swm_G01_gal_05-1024x662\" \/><\/figure>\n<figure><img decoding=\"async\" src=\"https:\/\/yukselenoto.com.tr\/swm\/wp-content\/uploads\/2023\/12\/swm_G01_gal_06-1024x683-1-768x512.webp\" alt=\"swm_G01_gal_06-1024x683\" \/><\/figure>\n<figure><img decoding=\"async\" src=\"https:\/\/yukselenoto.com.tr\/swm\/wp-content\/uploads\/2023\/12\/swm_G01_gal_07-1024x671-1-768x503.webp\" alt=\"swm_G01_gal_07-1024x671\" \/><\/figure>\n","protected":false},"excerpt":{"rendered":"<p>SWM YUKSELEN OTOMOT\u0130V TEST S\u00dcR\u00dc\u015e\u00dc YAPIN! Y\u00fckselen Oto&#8217;da SWM&#8217;nin benzersiz konfor ve teknolojileri ile tan\u0131\u015fmak i\u00e7in formu doldurun, test s\u00fcr\u00fc\u015f\u00fcne kat\u0131l\u0131n! [fc id=&#8217;5&#8242;][\/fc]<\/p>\n","protected":false},"author":1,"featured_media":0,"parent":0,"menu_order":0,"comment_status":"closed","ping_status":"closed","template":"elementor_header_footer","meta":{"footnotes":""},"class_list":["post-245","page","type-page","status-publish","hentry","description-off"],"_links":{"self":[{"href":"https:\/\/yukselenoto.com.tr\/swm\/wp-json\/wp\/v2\/pages\/245","targetHints":{"allow":["GET"]}}],"collection":[{"href":"https:\/\/yukselenoto.com.tr\/swm\/wp-json\/wp\/v2\/pages"}],"about":[{"href":"https:\/\/yukselenoto.com.tr\/swm\/wp-json\/wp\/v2\/types\/page"}],"author":[{"embeddable":true,"href":"https:\/\/yukselenoto.com.tr\/swm\/wp-json\/wp\/v2\/users\/1"}],"replies":[{"embeddable":true,"href":"https:\/\/yukselenoto.com.tr\/swm\/wp-json\/wp\/v2\/comments?post=245"}],"version-history":[{"count":0,"href":"https:\/\/yukselenoto.com.tr\/swm\/wp-json\/wp\/v2\/pages\/245\/revisions"}],"wp:attachment":[{"href":"https:\/\/yukselenoto.com.tr\/swm\/wp-json\/wp\/v2\/media?parent=245"}],"curies":[{"name":"wp","href":"https:\/\/api.w.org\/{rel}","templated":true}]}}