{"id":34,"date":"2023-12-14T15:55:05","date_gmt":"2023-12-14T12:55:05","guid":{"rendered":"http:\/\/yukselenoto.com.tr\/swm\/?page_id=34"},"modified":"2024-01-05T16:17:11","modified_gmt":"2024-01-05T13:17:11","slug":"hakkimizda","status":"publish","type":"page","link":"https:\/\/yukselenoto.com.tr\/swm\/hakkimizda\/","title":{"rendered":"Hakk\u0131m\u0131zda"},"content":{"rendered":"<h2>SWM Hakk\u0131nda<br \/>\n<\/h2>\n<h2>SWM Motors Hakk\u0131nda<br \/>\n<\/h2>\n<p>SWM markas\u0131 1971 y\u0131l\u0131nda \u0130talya\u2019da kurulmu\u015ftur. 2014 y\u0131l\u0131nda Shineray Holding taraf\u0131ndan sat\u0131n al\u0131nan SWM, SWM Motors olarak 2016 y\u0131l\u0131nda Shineray Holding\u2019e ait Brilliance Shineray Chongqing Automobile Co., Ltd.\u2019ye dahil edilmi\u015ftir.<\/p>\n<p>\u00a0<\/p>\n<p>Tasar\u0131m ofisi \u0130talya Milano\u2019da olan ve tamamen \u0130talyan \u00e7izgileri ta\u015f\u0131yan SWM Motors\u2019un Ar-Ge Merkezi Chongging\u2019de (\u00c7in) bulunmaktad\u0131r. SWM Motors, Chongqing\u2019in Fuling B\u00f6lgesinde y\u0131lda 300.000 ara\u00e7 ve 300.000 motor \u00fcretimi yapmaktad\u0131r.<\/p>\n<p><strong>Geli\u015fmi\u015f Ar-Ge<\/strong><\/p>\n<p>SWM Motors\u2019un \u00c7in\u2019in Chongqing kentinde Ar-Ge, \u0130talya\u2019n\u0131n Milano kentinde ise bir tasar\u0131m merkezi bulunmaktad\u0131r.<\/p>\n<p>\u00a0<\/p>\n<p><strong>SWM Motors\u2019un Chongqing \u00fcretim \u00fcss\u00fc d\u00fcnyan\u0131n en geli\u015fmi\u015f tasar\u0131m felsefesini benimsemektedir.<\/strong><\/p>\n<p>113,6 hektarl\u0131k (1.136.000 m\u00b2) bir alan\u0131 ve toplam 4,5 milyar yuan yat\u0131r\u0131m\u0131 kapsayan SWM\u2019nin \u00fcretim \u00fcss\u00fcn\u00fcn in\u015faat\u0131 iki a\u015famada ger\u00e7ekle\u015fti: 300.000 komple ara\u00e7 ve 300.000 motor \u00fcretimiyle g\u00fcney tesisi ve kuzey tesisi.<\/p>\n<p>\u00a0<\/p>\n<p>BMW tasar\u0131mc\u0131lar\u0131 taraf\u0131ndan \u00fcretilen SWM Motors\u2019un Ar-Ge ve \u00fcretim kalitesi, Brilliance BMW kalite y\u00f6netim sistemine uygun \u015fekilde ger\u00e7ekle\u015ftirilmektedir. Alman BMW Group\u2019un eski kalite direkt\u00f6r\u00fc Franz Gollmann taraf\u0131ndan ger\u00e7ekle\u015ftirilen saha denetimleri ve kalite kontrolleri sayesinde t\u00fcm ara\u00e7lar Avrupa standartlar\u0131nda \u00fcretilmektedir.<\/p>\n<p>\u00a0<\/p>\n<p>Ar-Ge enstit\u00fcs\u00fcn\u00fcn \u015fu anda 1.000\u2019den fazla \u00e7al\u0131\u015fan\u0131 ile birlikte, ara\u00e7 tasar\u0131m\u0131, motor geli\u015ftirme ve performans optimizasyonuna ili\u015fkin ba\u011f\u0131ms\u0131z geli\u015ftirme sistemleri yer almaktad\u0131r. SWM Motors \u015fu anda veri analizi, CAE sim\u00fclasyon tasar\u0131m\u0131, NVH tasar\u0131m\u0131, g\u00fcvenilirlik do\u011frulama, \u015fasi e\u015fle\u015ftirme ve tam ara\u00e7 elektroni\u011fi e\u015fle\u015ftirme a\u00e7\u0131s\u0131ndan kritik tasar\u0131m yeteneklerine sahiptir.<\/p>\n<h2>SWM YUKSELEN OTOMOT\u0130V<\/h2>\n<h2>Hakk\u0131m\u0131zda<\/h2>\n<p>1994 y\u0131l\u0131ndan bu yana otomotiv sekt\u00f6r\u00fcnde faaliyet g\u00f6steren Y\u00fckselen Oto, uzun y\u0131llara dayanan deneyimi ve m\u00fc\u015fteri memnuniyeti odakl\u0131 hizmet anlay\u0131\u015f\u0131yla \u00f6n plana \u00e7\u0131kmaktad\u0131r. Firma olarak ba\u015flad\u0131\u011f\u0131m\u0131z yolculu\u011fumuzda, 2008-2016 y\u0131llar\u0131 aras\u0131nda Skoda bayili\u011fi yaparak m\u00fc\u015fterilere kaliteli ve g\u00fcvenilir hizmet sunman\u0131n gururunu ya\u015fad\u0131k.<\/p>\n<p>\u00a0<\/p>\n<p>2016-2023 y\u0131llar\u0131 aras\u0131nda Suzuki bayisi olarak hizmet veren Y\u00fckselen Oto, bu s\u00fcre\u00e7te m\u00fc\u015fteri memnuniyetini her zaman \u00f6n planda tutarak otomotiv tutkunlar\u0131na geni\u015f bir \u00fcr\u00fcn yelpazesi sunmay\u0131 ama\u00e7lad\u0131. Kaliteli servis anlay\u0131\u015f\u0131 ve sat\u0131\u015f sonras\u0131 destekle Suzuki markas\u0131n\u0131 m\u00fc\u015fterilere en iyi \u015fekilde sunma \u00e7abas\u0131nda bulunduk.<\/p>\n<p>\u00a0<\/p>\n<p>2023 y\u0131l\u0131nda SWM otomobil bayili\u011fi yapmaya ba\u015flad\u0131k. SWM Motors&#8217;un kaliteli ve yenilik\u00e7i ara\u00e7lar\u0131yla bulu\u015fan Y\u00fckselen Oto, m\u00fc\u015fterilere benzersiz s\u00fcr\u00fc\u015f deneyimleri sunman\u0131n yan\u0131 s\u0131ra, 2022 y\u0131l\u0131ndan bu yana Skywell markas\u0131n\u0131n bayisi olarak da faaliyet g\u00f6stermektedir.<\/p>\n<p>\u00a0<\/p>\n<p>Y\u00fckselen Oto, ayn\u0131 zamanda 2. el ara\u00e7 al\u0131m-sat\u0131m hizmetleriyle de m\u00fc\u015fterilerin ihtiya\u00e7lar\u0131na h\u0131zl\u0131 ve g\u00fcvenilir \u00e7\u00f6z\u00fcmler sunmaktad\u0131r. M\u00fc\u015fteri memnuniyetini \u00f6n planda tutan anlay\u0131\u015f\u0131yla, Y\u00fckselen Oto her ge\u00e7en g\u00fcn b\u00fcy\u00fcyen ve g\u00fc\u00e7lenen bir otomotiv markas\u0131 olma yolunda ilerlemektedir.<\/p>\n<p>\u00a0<\/p>\n<p>Siz de Y\u00fckselen Oto ailesinin bir par\u00e7as\u0131 olun, kaliteli hizmet ve g\u00fcvenilir ara\u00e7larla tan\u0131\u015f\u0131n!<\/p>\n<h5>\n\t\tSenelik Tecr\u00fcbe\t<\/h5>\n<h5>\n\t\tMutlu M\u00fc\u015fteri\t<\/h5>\n<h5>\n\t\tAra\u00e7 Modeli\t<\/h5>\n<h2>SWM YUKSELEN OTOMOT\u0130V<\/h2>\n<h2>Vizyonumuz<\/h2>\n<p>Y\u00fckselen Oto olarak, otomotiv sekt\u00f6r\u00fcnde \u00f6nc\u00fc bir marka olma vizyonumuz, m\u00fc\u015fterilerimize sadece ara\u00e7lar de\u011fil, ayn\u0131 zamanda unutulmaz bir deneyim sunarak hayatlar\u0131na de\u011fer katmakt\u0131r. S\u00fcrekli geli\u015fen ve de\u011fi\u015fen sekt\u00f6rde liderlik yaparak, yenilik\u00e7i \u00e7\u00f6z\u00fcmler ve kaliteli hizmet anlay\u0131\u015f\u0131 ile \u00f6ne \u00e7\u0131kmay\u0131 hedefliyoruz. Gelece\u011fin otomotiv trendlerini belirleyen bir akt\u00f6r olarak, m\u00fc\u015fteri memnuniyetini her zaman odak noktam\u0131z olarak tutarak b\u00fcy\u00fcmeyi ve s\u00fcrd\u00fcr\u00fclebilir ba\u015far\u0131y\u0131 ama\u00e7l\u0131yoruz.<\/p>\n<h2>SWM YUKSELEN OTOMOT\u0130V<\/h2>\n<h2>Misyonumuz<\/h2>\n<p>Y\u00fckselen Oto olarak, misyonumuz, m\u00fc\u015fterilerimize g\u00fcvenilir, kaliteli ve yenilik\u00e7i otomotiv \u00e7\u00f6z\u00fcmleri sunmak, onlar\u0131n ihtiya\u00e7lar\u0131n\u0131 en \u00fcst d\u00fczeyde kar\u015f\u0131lamak ve s\u00fcrd\u00fcr\u00fclebilir m\u00fc\u015fteri memnuniyetini sa\u011flamakt\u0131r. Bu do\u011frultuda, sekt\u00f6rdeki g\u00fc\u00e7l\u00fc ortakl\u0131klar\u0131m\u0131z\u0131 ve bayiliklerimizi kullanarak, m\u00fc\u015fterilerimize geni\u015f bir \u00fcr\u00fcn yelpazesi sunmaya devam ediyoruz.<\/p>\n<h2>SWM YUKSELEN OTOMOT\u0130V<\/h2>\n<h2>De\u011ferlerimiz<\/h2>\n<ol>\n<li>\n<p><strong>M\u00fc\u015fteri Odakl\u0131l\u0131k:<\/strong> M\u00fc\u015fterilerimizin ihtiya\u00e7lar\u0131na sayg\u0131 g\u00f6stermek ve onlar\u0131n beklentilerini a\u015fmay\u0131 hedeflemek, \u00e7al\u0131\u015fma prensiplerimizin temelini olu\u015fturur. M\u00fc\u015fteri memnuniyeti, i\u015fimizin merkezinde yer al\u0131r ve her karar\u0131m\u0131zda m\u00fc\u015fteri deneyimini geli\u015ftirmeye odaklan\u0131r\u0131z.<\/p>\n<\/li>\n<li>\n<p><strong>\u0130novasyon ve Yenilik\u00e7ilik:<\/strong> Sekt\u00f6rdeki geli\u015fmeleri yak\u0131ndan takip ederek, s\u00fcrekli olarak yeniliklere a\u00e7\u0131k olmak ve m\u00fc\u015fterilerimize \u00e7a\u011fda\u015f, teknolojiye uygun \u00e7\u00f6z\u00fcmler sunmak, firmam\u0131z\u0131n temel de\u011ferlerindendir. \u0130novasyon, ba\u015far\u0131 ve s\u00fcrd\u00fcr\u00fclebilir b\u00fcy\u00fcme i\u00e7in vazge\u00e7ilmez bir unsurdur.<\/p>\n<\/li>\n<li>\n<p><strong>G\u00fcvenilirlik:<\/strong> Her i\u015f ili\u015fkisinde g\u00fcvenilirlik, temel ta\u015flar\u0131m\u0131zdan biridir. M\u00fc\u015fterilerimiz, i\u015f ortaklar\u0131m\u0131z ve \u00e7al\u0131\u015fanlar\u0131m\u0131z aras\u0131nda g\u00fcven atmosferi olu\u015fturarak, uzun vadeli ili\u015fkiler kurar\u0131z. S\u00f6z verdi\u011fimiz \u015feyleri yerine getirmek ve g\u00fcvenilir bir i\u015f orta\u011f\u0131 olmak, Y\u00fckselen Oto&#8217;nun ayr\u0131lmaz bir par\u00e7as\u0131d\u0131r.<\/p>\n<\/li>\n<li>\n<p><strong>Toplumsal Sorumluluk:<\/strong> Toplumumuza ve \u00e7evreye kar\u015f\u0131 sorumluluk ta\u015f\u0131mak, i\u015f yap\u0131\u015f \u015feklimizin ayr\u0131lmaz bir par\u00e7as\u0131d\u0131r. S\u00fcrd\u00fcr\u00fclebilirlik ilkelerine ba\u011fl\u0131 kalarak, \u00e7evresel etkileri en aza indirmeyi ve toplumumuza katk\u0131da bulunmay\u0131 ama\u00e7lar\u0131z.<\/p>\n<\/li>\n<li>\n<p><strong>Ekip \u00c7al\u0131\u015fmas\u0131:<\/strong> Ba\u015far\u0131y\u0131 birlikte elde etmek ve s\u00fcrd\u00fcrmek ad\u0131na tak\u0131m \u00e7al\u0131\u015fmas\u0131 k\u00fclt\u00fcr\u00fcn\u00fc benimseriz. \u0130\u015fbirli\u011fi, sayg\u0131 ve ileti\u015fim, her bir \u00e7al\u0131\u015fan\u0131n katk\u0131s\u0131n\u0131 de\u011ferli k\u0131lar ve firma i\u00e7inde olumlu bir \u00e7al\u0131\u015fma atmosferi yarat\u0131r.<\/p>\n<\/li>\n<li>\n<p><strong>S\u00fcrekli Geli\u015fim:<\/strong> Bireysel ve kurumsal d\u00fczeyde s\u00fcrekli geli\u015fimi destekler ve te\u015fvik ederiz. \u00d6\u011frenmeye ve kendimizi s\u00fcrekli olarak yenilemeye a\u00e7\u0131k olmak, hem bireysel hem de \u015firket d\u00fczeyinde ba\u015far\u0131ya ula\u015fmam\u0131z\u0131 sa\u011flar.<\/p>\n<\/li>\n<\/ol>\n<p>Bu de\u011ferlerimiz, Y\u00fckselen Oto&#8217;nun i\u015f yap\u0131\u015f \u015feklini \u015fekillendiren temel prensiplerdir. Bu de\u011ferlere sad\u0131k kalmak, m\u00fc\u015fterilerimize, \u00e7al\u0131\u015fanlar\u0131m\u0131za ve topluma kar\u015f\u0131 sorumluluklar\u0131m\u0131z\u0131 yerine getirme konusundaki taahh\u00fcd\u00fcm\u00fcz\u00fc yans\u0131tmaktad\u0131r.<\/p>\n","protected":false},"excerpt":{"rendered":"<p>SWM Hakk\u0131nda SWM Motors Hakk\u0131nda SWM markas\u0131 1971 y\u0131l\u0131nda \u0130talya\u2019da kurulmu\u015ftur. 2014 y\u0131l\u0131nda Shineray Holding taraf\u0131ndan sat\u0131n al\u0131nan SWM, SWM Motors olarak 2016 y\u0131l\u0131nda Shineray Holding\u2019e ait Brilliance Shineray Chongqing Automobile Co., Ltd.\u2019ye dahil edilmi\u015ftir. \u00a0 Tasar\u0131m ofisi \u0130talya Milano\u2019da olan ve tamamen \u0130talyan \u00e7izgileri ta\u015f\u0131yan SWM Motors\u2019un Ar-Ge Merkezi Chongging\u2019de (\u00c7in) bulunmaktad\u0131r. SWM Motors,&hellip;<\/p>\n","protected":false},"author":1,"featured_media":0,"parent":0,"menu_order":0,"comment_status":"closed","ping_status":"closed","template":"elementor_header_footer","meta":{"footnotes":""},"class_list":["post-34","page","type-page","status-publish","hentry","description-off"],"_links":{"self":[{"href":"https:\/\/yukselenoto.com.tr\/swm\/wp-json\/wp\/v2\/pages\/34","targetHints":{"allow":["GET"]}}],"collection":[{"href":"https:\/\/yukselenoto.com.tr\/swm\/wp-json\/wp\/v2\/pages"}],"about":[{"href":"https:\/\/yukselenoto.com.tr\/swm\/wp-json\/wp\/v2\/types\/page"}],"author":[{"embeddable":true,"href":"https:\/\/yukselenoto.com.tr\/swm\/wp-json\/wp\/v2\/users\/1"}],"replies":[{"embeddable":true,"href":"https:\/\/yukselenoto.com.tr\/swm\/wp-json\/wp\/v2\/comments?post=34"}],"version-history":[{"count":0,"href":"https:\/\/yukselenoto.com.tr\/swm\/wp-json\/wp\/v2\/pages\/34\/revisions"}],"wp:attachment":[{"href":"https:\/\/yukselenoto.com.tr\/swm\/wp-json\/wp\/v2\/media?parent=34"}],"curies":[{"name":"wp","href":"https:\/\/api.w.org\/{rel}","templated":true}]}}