{"id":48,"date":"2023-12-14T16:42:59","date_gmt":"2023-12-14T13:42:59","guid":{"rendered":"http:\/\/yukselenoto.com.tr\/swm\/?page_id=48"},"modified":"2024-08-16T17:54:48","modified_gmt":"2024-08-16T14:54:48","slug":"swm-g01","status":"publish","type":"page","link":"https:\/\/yukselenoto.com.tr\/swm\/swm-g01\/","title":{"rendered":"SWM G01"},"content":{"rendered":"<h2>SWM YUKSELEN OTOMOT\u0130V<\/h2>\n<h2>SWM G01: YEN\u0130L\u0130\u011e\u0130N YOLU<\/h2>\n<p>SWM G01, modern bir SUV tasar\u0131m\u0131n\u0131n t\u00fcm \u00f6zelliklerini b\u00fcnyesinde bar\u0131nd\u0131r\u0131yor. Dinamik \u00e7izgileri, geni\u015f \u00f6n \u0131zgaras\u0131 ve LED farlar\u0131yla dikkat \u00e7eken bu model, \u015fehir i\u00e7i trafi\u011finde oldu\u011fu kadar a\u00e7\u0131k arazide de etkileyici bir g\u00f6r\u00fcn\u00fcme sahip. Geni\u015f i\u00e7 hacmi, ferah ve konforlu bir s\u00fcr\u00fc\u015f deneyimi sunarken, y\u00fcksek kaliteli malzemelerle tasarlanm\u0131\u015f i\u00e7 mekan\u0131yla da s\u00fcr\u00fcc\u00fc ve yolcular\u0131na ayr\u0131cal\u0131kl\u0131 bir atmosfer sunuyor.<\/p>\n<h2>8.9L\/100 Km<br \/>\n<\/h2>\n<h2>T\u00dcKET\u0130M<\/h2>\n<h2>1.499 cc<br \/>\n<\/h2>\n<h2>S\u0130L\u0130ND\u0130R HACM\u0130<\/h2>\n<h2>150HP \/ 5.400rpm<br \/>\n<\/h2>\n<h2>G\u00dc\u00c7<\/h2>\n<p>\t\t\t\t\t\t\t\t\t\t\t\t\t<img loading=\"lazy\" decoding=\"async\" width=\"500\" height=\"272\" src=\"https:\/\/yukselenoto.com.tr\/swm\/wp-content\/uploads\/2023\/12\/swm-g01-bila-removebg-preview.png\" alt=\"\" srcset=\"https:\/\/yukselenoto.com.tr\/swm\/wp-content\/uploads\/2023\/12\/swm-g01-bila-removebg-preview.png 500w, https:\/\/yukselenoto.com.tr\/swm\/wp-content\/uploads\/2023\/12\/swm-g01-bila-removebg-preview-300x163.png 300w\" sizes=\"auto, (max-width: 500px) 100vw, 500px\" \/><br \/>\n\t\t\t\t\t\t\t\t\t\t\t\t\t<img loading=\"lazy\" decoding=\"async\" width=\"500\" height=\"272\" src=\"https:\/\/yukselenoto.com.tr\/swm\/wp-content\/uploads\/2023\/12\/swm-g01-cervena-removebg-preview.png\" alt=\"\" srcset=\"https:\/\/yukselenoto.com.tr\/swm\/wp-content\/uploads\/2023\/12\/swm-g01-cervena-removebg-preview.png 500w, https:\/\/yukselenoto.com.tr\/swm\/wp-content\/uploads\/2023\/12\/swm-g01-cervena-removebg-preview-300x163.png 300w\" sizes=\"auto, (max-width: 500px) 100vw, 500px\" \/><br \/>\n\t\t\t\t\t\t\t\t\t\t\t\t\t<img loading=\"lazy\" decoding=\"async\" width=\"500\" height=\"272\" src=\"https:\/\/yukselenoto.com.tr\/swm\/wp-content\/uploads\/2023\/12\/swm-g01-modra-removebg-preview.png\" alt=\"\" srcset=\"https:\/\/yukselenoto.com.tr\/swm\/wp-content\/uploads\/2023\/12\/swm-g01-modra-removebg-preview.png 500w, https:\/\/yukselenoto.com.tr\/swm\/wp-content\/uploads\/2023\/12\/swm-g01-modra-removebg-preview-300x163.png 300w\" sizes=\"auto, (max-width: 500px) 100vw, 500px\" \/><br \/>\n\t\t\t\t\t\t\t\t\t\t\t\t\t<img loading=\"lazy\" decoding=\"async\" width=\"500\" height=\"272\" src=\"https:\/\/yukselenoto.com.tr\/swm\/wp-content\/uploads\/2023\/12\/swm-g01-seda-removebg-preview.png\" alt=\"\" srcset=\"https:\/\/yukselenoto.com.tr\/swm\/wp-content\/uploads\/2023\/12\/swm-g01-seda-removebg-preview.png 500w, https:\/\/yukselenoto.com.tr\/swm\/wp-content\/uploads\/2023\/12\/swm-g01-seda-removebg-preview-300x163.png 300w\" sizes=\"auto, (max-width: 500px) 100vw, 500px\" \/><br \/>\n\t\t\t\t\t\t\t\t\t\t\t\t\t<img loading=\"lazy\" decoding=\"async\" width=\"500\" height=\"272\" src=\"https:\/\/yukselenoto.com.tr\/swm\/wp-content\/uploads\/2023\/12\/swm-g01-cerna-removebg-preview.png\" alt=\"\" srcset=\"https:\/\/yukselenoto.com.tr\/swm\/wp-content\/uploads\/2023\/12\/swm-g01-cerna-removebg-preview.png 500w, https:\/\/yukselenoto.com.tr\/swm\/wp-content\/uploads\/2023\/12\/swm-g01-cerna-removebg-preview-300x163.png 300w\" sizes=\"auto, (max-width: 500px) 100vw, 500px\" \/>\t\t\t\t\t\t\t\t\t\t\t\t\t<\/p>\n<h2>G01<\/h2>\n<h2>Renk Se\u00e7eneklerine G\u00f6zat\u0131n!<\/h2>\n<p>Yeni tasar\u0131m d\u00fcnyas\u0131n\u0131 ve yenilik\u00e7i ara\u00e7 i\u00e7i \u00e7\u00f6z\u00fcmleri ke\u015ffedin. C\u00f6mert alan\u0131n, en son teknolojinin ve s\u0131n\u0131rs\u0131z konforun birle\u015fti\u011fi bir ortama girin.<\/p>\n<p>\t\t\t<a role=\"button\"><br \/>\n\t\t\t\t<svg aria-hidden=\"true\" viewBox=\"0 0 512 512\" xmlns=\"http:\/\/www.w3.org\/2000\/svg\"><path d=\"M499.99 176h-59.87l-16.64-41.6C406.38 91.63 365.57 64 319.5 64h-127c-46.06 0-86.88 27.63-103.99 70.4L71.87 176H12.01C4.2 176-1.53 183.34.37 190.91l6 24C7.7 220.25 12.5 224 18.01 224h20.07C24.65 235.73 16 252.78 16 272v48c0 16.12 6.16 30.67 16 41.93V416c0 17.67 14.33 32 32 32h32c17.67 0 32-14.33 32-32v-32h256v32c0 17.67 14.33 32 32 32h32c17.67 0 32-14.33 32-32v-54.07c9.84-11.25 16-25.8 16-41.93v-48c0-19.22-8.65-36.27-22.07-48H494c5.51 0 10.31-3.75 11.64-9.09l6-24c1.89-7.57-3.84-14.91-11.65-14.91zm-352.06-17.83c7.29-18.22 24.94-30.17 44.57-30.17h127c19.63 0 37.28 11.95 44.57 30.17L384 208H128l19.93-49.83zM96 319.8c-19.2 0-32-12.76-32-31.9S76.8 256 96 256s48 28.71 48 47.85-28.8 15.95-48 15.95zm320 0c-19.2 0-48 3.19-48-15.95S396.8 256 416 256s32 12.76 32 31.9-12.8 31.9-32 31.9z\"><\/path><\/svg><br \/>\n\t\t\t\t\t<\/a><br \/>\n\t\t\t<a role=\"button\"><br \/>\n\t\t\t\t<svg aria-hidden=\"true\" viewBox=\"0 0 512 512\" xmlns=\"http:\/\/www.w3.org\/2000\/svg\"><path d=\"M499.99 176h-59.87l-16.64-41.6C406.38 91.63 365.57 64 319.5 64h-127c-46.06 0-86.88 27.63-103.99 70.4L71.87 176H12.01C4.2 176-1.53 183.34.37 190.91l6 24C7.7 220.25 12.5 224 18.01 224h20.07C24.65 235.73 16 252.78 16 272v48c0 16.12 6.16 30.67 16 41.93V416c0 17.67 14.33 32 32 32h32c17.67 0 32-14.33 32-32v-32h256v32c0 17.67 14.33 32 32 32h32c17.67 0 32-14.33 32-32v-54.07c9.84-11.25 16-25.8 16-41.93v-48c0-19.22-8.65-36.27-22.07-48H494c5.51 0 10.31-3.75 11.64-9.09l6-24c1.89-7.57-3.84-14.91-11.65-14.91zm-352.06-17.83c7.29-18.22 24.94-30.17 44.57-30.17h127c19.63 0 37.28 11.95 44.57 30.17L384 208H128l19.93-49.83zM96 319.8c-19.2 0-32-12.76-32-31.9S76.8 256 96 256s48 28.71 48 47.85-28.8 15.95-48 15.95zm320 0c-19.2 0-48 3.19-48-15.95S396.8 256 416 256s32 12.76 32 31.9-12.8 31.9-32 31.9z\"><\/path><\/svg><br \/>\n\t\t\t\t\t<\/a><br \/>\n\t\t\t<a role=\"button\"><br \/>\n\t\t\t\t<svg aria-hidden=\"true\" viewBox=\"0 0 512 512\" xmlns=\"http:\/\/www.w3.org\/2000\/svg\"><path d=\"M499.99 176h-59.87l-16.64-41.6C406.38 91.63 365.57 64 319.5 64h-127c-46.06 0-86.88 27.63-103.99 70.4L71.87 176H12.01C4.2 176-1.53 183.34.37 190.91l6 24C7.7 220.25 12.5 224 18.01 224h20.07C24.65 235.73 16 252.78 16 272v48c0 16.12 6.16 30.67 16 41.93V416c0 17.67 14.33 32 32 32h32c17.67 0 32-14.33 32-32v-32h256v32c0 17.67 14.33 32 32 32h32c17.67 0 32-14.33 32-32v-54.07c9.84-11.25 16-25.8 16-41.93v-48c0-19.22-8.65-36.27-22.07-48H494c5.51 0 10.31-3.75 11.64-9.09l6-24c1.89-7.57-3.84-14.91-11.65-14.91zm-352.06-17.83c7.29-18.22 24.94-30.17 44.57-30.17h127c19.63 0 37.28 11.95 44.57 30.17L384 208H128l19.93-49.83zM96 319.8c-19.2 0-32-12.76-32-31.9S76.8 256 96 256s48 28.71 48 47.85-28.8 15.95-48 15.95zm320 0c-19.2 0-48 3.19-48-15.95S396.8 256 416 256s32 12.76 32 31.9-12.8 31.9-32 31.9z\"><\/path><\/svg><br \/>\n\t\t\t\t\t<\/a><br \/>\n\t\t\t<a role=\"button\"><br \/>\n\t\t\t\t<svg aria-hidden=\"true\" viewBox=\"0 0 512 512\" xmlns=\"http:\/\/www.w3.org\/2000\/svg\"><path d=\"M499.99 176h-59.87l-16.64-41.6C406.38 91.63 365.57 64 319.5 64h-127c-46.06 0-86.88 27.63-103.99 70.4L71.87 176H12.01C4.2 176-1.53 183.34.37 190.91l6 24C7.7 220.25 12.5 224 18.01 224h20.07C24.65 235.73 16 252.78 16 272v48c0 16.12 6.16 30.67 16 41.93V416c0 17.67 14.33 32 32 32h32c17.67 0 32-14.33 32-32v-32h256v32c0 17.67 14.33 32 32 32h32c17.67 0 32-14.33 32-32v-54.07c9.84-11.25 16-25.8 16-41.93v-48c0-19.22-8.65-36.27-22.07-48H494c5.51 0 10.31-3.75 11.64-9.09l6-24c1.89-7.57-3.84-14.91-11.65-14.91zm-352.06-17.83c7.29-18.22 24.94-30.17 44.57-30.17h127c19.63 0 37.28 11.95 44.57 30.17L384 208H128l19.93-49.83zM96 319.8c-19.2 0-32-12.76-32-31.9S76.8 256 96 256s48 28.71 48 47.85-28.8 15.95-48 15.95zm320 0c-19.2 0-48 3.19-48-15.95S396.8 256 416 256s32 12.76 32 31.9-12.8 31.9-32 31.9z\"><\/path><\/svg><br \/>\n\t\t\t\t\t<\/a><br \/>\n\t\t\t<a role=\"button\"><br \/>\n\t\t\t\t<svg aria-hidden=\"true\" viewBox=\"0 0 512 512\" xmlns=\"http:\/\/www.w3.org\/2000\/svg\"><path d=\"M499.99 176h-59.87l-16.64-41.6C406.38 91.63 365.57 64 319.5 64h-127c-46.06 0-86.88 27.63-103.99 70.4L71.87 176H12.01C4.2 176-1.53 183.34.37 190.91l6 24C7.7 220.25 12.5 224 18.01 224h20.07C24.65 235.73 16 252.78 16 272v48c0 16.12 6.16 30.67 16 41.93V416c0 17.67 14.33 32 32 32h32c17.67 0 32-14.33 32-32v-32h256v32c0 17.67 14.33 32 32 32h32c17.67 0 32-14.33 32-32v-54.07c9.84-11.25 16-25.8 16-41.93v-48c0-19.22-8.65-36.27-22.07-48H494c5.51 0 10.31-3.75 11.64-9.09l6-24c1.89-7.57-3.84-14.91-11.65-14.91zm-352.06-17.83c7.29-18.22 24.94-30.17 44.57-30.17h127c19.63 0 37.28 11.95 44.57 30.17L384 208H128l19.93-49.83zM96 319.8c-19.2 0-32-12.76-32-31.9S76.8 256 96 256s48 28.71 48 47.85-28.8 15.95-48 15.95zm320 0c-19.2 0-48 3.19-48-15.95S396.8 256 416 256s32 12.76 32 31.9-12.8 31.9-32 31.9z\"><\/path><\/svg><br \/>\n\t\t\t\t\t<\/a><\/p>\n<h2>G01<\/h2>\n<h2>Ak\u0131ll\u0131 SUV<\/h2>\n<p>\t\t\t\t\t\t\t\t\t\t\t\t\t<img loading=\"lazy\" decoding=\"async\" width=\"1024\" height=\"683\" src=\"https:\/\/yukselenoto.com.tr\/swm\/wp-content\/uploads\/2023\/12\/FRONTAL-SWM-G01-2048x1365-1-1024x683.webp\" alt=\"\" srcset=\"https:\/\/yukselenoto.com.tr\/swm\/wp-content\/uploads\/2023\/12\/FRONTAL-SWM-G01-2048x1365-1-1024x683.webp 1024w, https:\/\/yukselenoto.com.tr\/swm\/wp-content\/uploads\/2023\/12\/FRONTAL-SWM-G01-2048x1365-1-300x200.webp 300w, https:\/\/yukselenoto.com.tr\/swm\/wp-content\/uploads\/2023\/12\/FRONTAL-SWM-G01-2048x1365-1-768x512.webp 768w, https:\/\/yukselenoto.com.tr\/swm\/wp-content\/uploads\/2023\/12\/FRONTAL-SWM-G01-2048x1365-1-1536x1024.webp 1536w, https:\/\/yukselenoto.com.tr\/swm\/wp-content\/uploads\/2023\/12\/FRONTAL-SWM-G01-2048x1365-1.webp 2048w\" sizes=\"auto, (max-width: 1024px) 100vw, 1024px\" \/>\t\t\t\t\t\t\t\t\t\t\t\t\t<\/p>\n<h2>SWM G01: YEN\u0130L\u0130\u011e\u0130N YOLU<\/h2>\n<p>SWM G01, g\u00fcc\u00fcn\u00fc benzinli veya dizel motor se\u00e7eneklerinden alabilir. Motor se\u00e7enekleri, \u00e7evik \u015fehir i\u00e7i s\u00fcr\u00fc\u015flerden, uzun yolculuklara kadar geni\u015f bir kullan\u0131m yelpazesi sunar. Geli\u015fmi\u015f teknoloji ve m\u00fckemmel yak\u0131t verimlili\u011fi, SWM G01&#8217;in performans\u0131n\u0131 s\u00fcrd\u00fcr\u00fclebilir bir \u015fekilde art\u0131r\u0131r. Ayr\u0131ca, benzinli-hibrit se\u00e7ene\u011fiyle \u00e7evre dostu bir s\u00fcr\u00fc\u015f deneyimi sunar.<\/p>\n<p>\t\t\t\t\t\t\t\t\t\t\t\t\t<img loading=\"lazy\" decoding=\"async\" width=\"800\" height=\"865\" src=\"https:\/\/yukselenoto.com.tr\/swm\/wp-content\/uploads\/2023\/12\/swm-1-1.jpg\" alt=\"\" srcset=\"https:\/\/yukselenoto.com.tr\/swm\/wp-content\/uploads\/2023\/12\/swm-1-1.jpg 800w, https:\/\/yukselenoto.com.tr\/swm\/wp-content\/uploads\/2023\/12\/swm-1-1-277x300.jpg 277w, https:\/\/yukselenoto.com.tr\/swm\/wp-content\/uploads\/2023\/12\/swm-1-1-768x830.jpg 768w\" sizes=\"auto, (max-width: 800px) 100vw, 800px\" \/>\t\t\t\t\t\t\t\t\t\t\t\t\t<\/p>\n<h2>G01<\/h2>\n<h2>\u0130TALYAN TASARIMI<\/h2>\n<p>Sofistike ve zamans\u0131z tarz\u0131yla \u00f6ne \u00e7\u0131kar. Ak\u0131c\u0131 \u00e7izgiler ve zarif k\u0131vr\u0131mlar, aerodinamik detaylar ve otomotiv end\u00fcstrisindeki \u0130talyan tasar\u0131m\u0131n\u0131n m\u00fckemmelli\u011fini yans\u0131tan stilize unsurlarla birle\u015ftirilmi\u015ftir. Her ayr\u0131nt\u0131 \u0130talyan otomotiv m\u00fchendisli\u011finin tutkusunu ve yenilik\u00e7i tarz\u0131n\u0131 yans\u0131t\u0131r.<\/p>\n<figure><img decoding=\"async\" src=\"https:\/\/yukselenoto.com.tr\/swm\/wp-content\/uploads\/2023\/12\/Mesa-de-trabajo-1-3.webp\" alt=\"Mesa-de-trabajo-1-3\" \/><\/figure>\n<figure><img decoding=\"async\" src=\"https:\/\/yukselenoto.com.tr\/swm\/wp-content\/uploads\/2023\/12\/Mesa-de-trabajo-1-4.webp\" alt=\"Mesa-de-trabajo-1-4\" \/><\/figure>\n<figure><img decoding=\"async\" src=\"https:\/\/yukselenoto.com.tr\/swm\/wp-content\/uploads\/2023\/12\/Mesa-de-trabajo-3.webp\" alt=\"Mesa-de-trabajo-3\" \/><\/figure>\n<figure><img decoding=\"async\" src=\"https:\/\/yukselenoto.com.tr\/swm\/wp-content\/uploads\/2023\/12\/Mesa-de-trabajo-2-3.webp\" alt=\"Mesa-de-trabajo-2-3\" \/><\/figure>\n<p>\t\t\t\t\t\t<svg aria-hidden=\"true\" viewBox=\"0 0 1000 1000\" xmlns=\"http:\/\/www.w3.org\/2000\/svg\"><path d=\"M646 125C629 125 613 133 604 142L308 442C296 454 292 471 292 487 292 504 296 521 308 533L604 854C617 867 629 875 646 875 663 875 679 871 692 858 704 846 713 829 713 812 713 796 708 779 692 767L438 487 692 225C700 217 708 204 708 187 708 171 704 154 692 142 675 129 663 125 646 125Z\"><\/path><\/svg><br \/>\n\t\t\t\t\t\t<svg aria-hidden=\"true\" viewBox=\"0 0 1000 1000\" xmlns=\"http:\/\/www.w3.org\/2000\/svg\"><path d=\"M696 533C708 521 713 504 713 487 713 471 708 454 696 446L400 146C388 133 375 125 354 125 338 125 325 129 313 142 300 154 292 171 292 187 292 204 296 221 308 233L563 492 304 771C292 783 288 800 288 817 288 833 296 850 308 863 321 871 338 875 354 875 371 875 388 867 400 854L696 533Z\"><\/path><\/svg>\t\t\t\t\t<\/p>\n<figure><img decoding=\"async\" src=\"https:\/\/yukselenoto.com.tr\/swm\/wp-content\/uploads\/2023\/12\/g01-white-4-new.jpg\" alt=\"g01-white-4-new\" \/><\/figure>\n<figure><img decoding=\"async\" src=\"https:\/\/yukselenoto.com.tr\/swm\/wp-content\/uploads\/2023\/12\/g01-white-2-new2.jpg\" alt=\"g01-white-2-new2\" \/><\/figure>\n<figure><img decoding=\"async\" src=\"https:\/\/yukselenoto.com.tr\/swm\/wp-content\/uploads\/2023\/12\/g01-white-1-new2.jpg\" alt=\"g01-white-1-new2\" \/><\/figure>\n<p>\t\t\t\t\t\t<svg aria-hidden=\"true\" viewBox=\"0 0 1000 1000\" xmlns=\"http:\/\/www.w3.org\/2000\/svg\"><path d=\"M646 125C629 125 613 133 604 142L308 442C296 454 292 471 292 487 292 504 296 521 308 533L604 854C617 867 629 875 646 875 663 875 679 871 692 858 704 846 713 829 713 812 713 796 708 779 692 767L438 487 692 225C700 217 708 204 708 187 708 171 704 154 692 142 675 129 663 125 646 125Z\"><\/path><\/svg><br \/>\n\t\t\t\t\t\t<svg aria-hidden=\"true\" viewBox=\"0 0 1000 1000\" xmlns=\"http:\/\/www.w3.org\/2000\/svg\"><path d=\"M696 533C708 521 713 504 713 487 713 471 708 454 696 446L400 146C388 133 375 125 354 125 338 125 325 129 313 142 300 154 292 171 292 187 292 204 296 221 308 233L563 492 304 771C292 783 288 800 288 817 288 833 296 850 308 863 321 871 338 875 354 875 371 875 388 867 400 854L696 533Z\"><\/path><\/svg>\t\t\t\t\t<\/p>\n<h3>\n\t\u0130talyan Keyfi<br \/>\n\t\t<svg aria-hidden=\"true\" viewBox=\"0 0 448 512\" xmlns=\"http:\/\/www.w3.org\/2000\/svg\"><path d=\"M416 208H32c-17.67 0-32 14.33-32 32v32c0 17.67 14.33 32 32 32h384c17.67 0 32-14.33 32-32v-32c0-17.67-14.33-32-32-32z\"><\/path><\/svg><br \/>\n<\/h3>\n<p>\u00d6zg\u00fcrl\u00fck hissi yaratan bir i\u00e7 mekan\u2026<br \/>Hayat\u0131n t\u00fcm anlar\u0131 i\u00e7in \u00f6zg\u00fcrl\u00fck hissini m\u00fckemmel tarz\u0131 ile birlikte sunar\u2026<\/p>\n<h3>\n\tTamamen LED Ayd\u0131nlatmalar<br \/>\n\t\t<svg aria-hidden=\"true\" viewBox=\"0 0 448 512\" xmlns=\"http:\/\/www.w3.org\/2000\/svg\"><path d=\"M416 208H32c-17.67 0-32 14.33-32 32v32c0 17.67 14.33 32 32 32h384c17.67 0 32-14.33 32-32v-32c0-17.67-14.33-32-32-32z\"><\/path><\/svg><br \/>\n<\/h3>\n<p>LED k\u0131sa menzilli, uzun menzilli ve fren lambalar\u0131 ile \u015f\u0131k bir \u015fekilde parlay\u0131n. Bu ileri teknoloji yaln\u0131zca g\u00f6r\u00fcn\u00fcrl\u00fc\u011f\u00fc art\u0131rmakla kalmaz, ayn\u0131 zamanda arac\u0131n g\u00f6r\u00fcn\u00fcm\u00fcn\u00fc de iyile\u015ftirir.<\/p>\n<h3>\n\tBeni Takip Et \u00d6zelli\u011fi<br \/>\n\t\t<svg aria-hidden=\"true\" viewBox=\"0 0 448 512\" xmlns=\"http:\/\/www.w3.org\/2000\/svg\"><path d=\"M416 208H32c-17.67 0-32 14.33-32 32v32c0 17.67 14.33 32 32 32h384c17.67 0 32-14.33 32-32v-32c0-17.67-14.33-32-32-32z\"><\/path><\/svg><br \/>\n<\/h3>\n<p>S\u00fcr\u00fcc\u00fc motoru kapat\u0131p ara\u00e7tan \u00e7\u0131kt\u0131ktan sonra arac\u0131n \u0131\u015f\u0131klar\u0131n\u0131n k\u0131sa bir s\u00fcre daha a\u00e7\u0131k kalmas\u0131n\u0131 sa\u011flar. Bu, s\u00fcr\u00fcc\u00fcn\u00fcn yolunu bulmas\u0131na veya hedefine g\u00fcvenli bir \u015fekilde ula\u015fmas\u0131na yard\u0131mc\u0131 olmak i\u00e7in ek ayd\u0131nlatma sa\u011flar.<\/p>\n<h3>\n\tElektrikli Aynalar<br \/>\n\t\t<svg aria-hidden=\"true\" viewBox=\"0 0 448 512\" xmlns=\"http:\/\/www.w3.org\/2000\/svg\"><path d=\"M416 208H32c-17.67 0-32 14.33-32 32v32c0 17.67 14.33 32 32 32h384c17.67 0 32-14.33 32-32v-32c0-17.67-14.33-32-32-32z\"><\/path><\/svg><br \/>\n<\/h3>\n<p>Elektrikli Aynalar ile g\u00f6r\u00fc\u015f\u00fcn\u00fcz\u00fc kontrol edin. \u00d6zelle\u015ftirilmi\u015f bir g\u00f6r\u00fcn\u00fcm i\u00e7in arac\u0131n i\u00e7inden a\u00e7\u0131lar\u0131 kolayca ayarlay\u0131n. Bu \u00f6zellik konforu ve g\u00fcvenli\u011fi art\u0131rarak s\u00fcr\u00fc\u015f s\u0131ras\u0131nda \u00e7evreniz \u00fczerinde tam kontrol sahibi olman\u0131z\u0131 sa\u011flar.<\/p>\n<h3>\n\tK\u00f6pekbal\u0131\u011f\u0131 Y\u00fczgeci Anteni<br \/>\n\t\t<svg aria-hidden=\"true\" viewBox=\"0 0 448 512\" xmlns=\"http:\/\/www.w3.org\/2000\/svg\"><path d=\"M416 208H32c-17.67 0-32 14.33-32 32v32c0 17.67 14.33 32 32 32h384c17.67 0 32-14.33 32-32v-32c0-17.67-14.33-32-32-32z\"><\/path><\/svg><br \/>\n<\/h3>\n<p>Arac\u0131n tasar\u0131m\u0131na modern ve aerodinamik bir dokunu\u015f katarak estetik bir i\u015flevi yerine getirmekle kalmaz, ayn\u0131 zamanda radyo sinyallerinin al\u0131m\u0131n\u0131 ve ba\u011flant\u0131y\u0131 da iyile\u015ftirir. Geleneksel antenlere k\u0131yasla daha temiz, daha aerodinamik bir g\u00f6r\u00fcn\u00fcm sa\u011flar.<\/p>\n<h3>\n\t\u00c7ift Renkli Al\u00fcminyum Jantlar<br \/>\n\t\t<svg aria-hidden=\"true\" viewBox=\"0 0 448 512\" xmlns=\"http:\/\/www.w3.org\/2000\/svg\"><path d=\"M416 208H32c-17.67 0-32 14.33-32 32v32c0 17.67 14.33 32 32 32h384c17.67 0 32-14.33 32-32v-32c0-17.67-14.33-32-32-32z\"><\/path><\/svg><br \/>\n<\/h3>\n<p>Bu benzersiz tasar\u0131ml\u0131 jantlar, cesur ve \u00f6zel bir g\u00f6r\u00fcn\u00fcm i\u00e7in iki tonu bir araya getirir. Arac\u0131n\u0131za \u015f\u0131k bir dokunu\u015f katarak g\u00fcvenle hareket ederken moda ve zarafeti yans\u0131t\u0131r.<\/p>\n<p>\u00a0\t<\/p>\n<h3>\n\tArka Hava Giri\u015fi<br \/>\n\t\t<svg aria-hidden=\"true\" viewBox=\"0 0 448 512\" xmlns=\"http:\/\/www.w3.org\/2000\/svg\"><path d=\"M416 208H32c-17.67 0-32 14.33-32 32v32c0 17.67 14.33 32 32 32h384c17.67 0 32-14.33 32-32v-32c0-17.67-14.33-32-32-32z\"><\/path><\/svg><br \/>\n<\/h3>\n<p>Arac\u0131n aerodinami\u011fini ve verimlili\u011fini art\u0131rmak i\u00e7in stratejik olarak tasarlanm\u0131\u015ft\u0131r. Bu a\u00e7\u0131kl\u0131klar kontroll\u00fc hava ak\u0131\u015f\u0131 sa\u011flayarak motor so\u011futmas\u0131na ve genel performansa katk\u0131da bulunur. Ayr\u0131ca tasar\u0131ma stilize ve sportif bir dokunu\u015f katarlar.<\/p>\n<p>\t\t\t\t\t\t\t\t\t\t\t\t\t<img loading=\"lazy\" decoding=\"async\" width=\"240\" height=\"180\" src=\"https:\/\/yukselenoto.com.tr\/swm\/wp-content\/uploads\/2023\/12\/g01-3-removebg-preview.png\" alt=\"\" \/>\t\t\t\t\t\t\t\t\t\t\t\t\t<\/p>\n<h2>G01<\/h2>\n<h2>HEMEN S\u0130PAR\u0130\u015e VER\u0130N!<\/h2>\n<p>Fiyat indirimlerinden yararlanmak \u015fimdi sipari\u015f verin!<\/p>\n<p>\t\t\t<a href=\"https:\/\/yukselenoto.com.tr\/swm\/iletisim\/\"><br \/>\n\t\t\t\t\t\t\t\t\tSipari\u015f Verin!<br \/>\n\t\t\t\t\t<\/a><br \/>\n\t\t\t\t\t\t\t\t\t\t\t\t\t<img loading=\"lazy\" decoding=\"async\" width=\"1000\" height=\"667\" src=\"https:\/\/yukselenoto.com.tr\/swm\/wp-content\/uploads\/2023\/12\/Sin-titulo-1-1.webp\" alt=\"\" srcset=\"https:\/\/yukselenoto.com.tr\/swm\/wp-content\/uploads\/2023\/12\/Sin-titulo-1-1.webp 1000w, https:\/\/yukselenoto.com.tr\/swm\/wp-content\/uploads\/2023\/12\/Sin-titulo-1-1-300x200.webp 300w, https:\/\/yukselenoto.com.tr\/swm\/wp-content\/uploads\/2023\/12\/Sin-titulo-1-1-768x512.webp 768w\" sizes=\"auto, (max-width: 1000px) 100vw, 1000px\" \/>\t\t\t\t\t\t\t\t\t\t\t\t\t<\/p>\n<h2>Kablosuz Ak\u0131ll\u0131 Telefon \u015earj\u0131<\/h2>\n<p>Kablosuz \u015farj teknolojisiyle ak\u0131ll\u0131 telefonlar\u0131 \u015farj etmek daha kolay.<br \/>T\u00fcm yolculuklar\u0131n\u0131zda ba\u011flant\u0131da kalarak cihazlar\u0131n\u0131z\u0131 kablo veya kar\u0131\u015f\u0131kl\u0131k olmadan her an kullan\u0131ma haz\u0131r tutar.<\/p>\n<p>\t\t\t\t\t\t\t\t\t\t\t\t\t<img loading=\"lazy\" decoding=\"async\" width=\"1000\" height=\"667\" src=\"https:\/\/yukselenoto.com.tr\/swm\/wp-content\/uploads\/2023\/12\/IMG_3563-1-1.webp\" alt=\"\" srcset=\"https:\/\/yukselenoto.com.tr\/swm\/wp-content\/uploads\/2023\/12\/IMG_3563-1-1.webp 1000w, https:\/\/yukselenoto.com.tr\/swm\/wp-content\/uploads\/2023\/12\/IMG_3563-1-1-300x200.webp 300w, https:\/\/yukselenoto.com.tr\/swm\/wp-content\/uploads\/2023\/12\/IMG_3563-1-1-768x512.webp 768w\" sizes=\"auto, (max-width: 1000px) 100vw, 1000px\" \/>\t\t\t\t\t\t\t\t\t\t\t\t\t<\/p>\n<h2>Dokunmatik Multimedia Ekran\u0131<\/h2>\n<p>Dokunmatik Multimedia Ekran\u0131 ile t\u00fcm yolculuklar daha konforlu ve daha e\u011flenceli. Go1F geli\u015fmi\u015f Multimedia ekran\u0131 ile bilgiye, e\u011flenceye ve daha fazlas\u0131na geni\u015f, sezgisel bir aray\u00fczde eri\u015fmenizi sa\u011flar.<\/p>\n<p>\t\t\t\t\t\t\t\t\t\t\t\t\t<img loading=\"lazy\" decoding=\"async\" width=\"1000\" height=\"667\" src=\"https:\/\/yukselenoto.com.tr\/swm\/wp-content\/uploads\/2023\/12\/new-21.jpg\" alt=\"\" srcset=\"https:\/\/yukselenoto.com.tr\/swm\/wp-content\/uploads\/2023\/12\/new-21.jpg 1000w, https:\/\/yukselenoto.com.tr\/swm\/wp-content\/uploads\/2023\/12\/new-21-300x200.jpg 300w, https:\/\/yukselenoto.com.tr\/swm\/wp-content\/uploads\/2023\/12\/new-21-768x512.jpg 768w\" sizes=\"auto, (max-width: 1000px) 100vw, 1000px\" \/>\t\t\t\t\t\t\t\t\t\t\t\t\t<\/p>\n<h2>360\u00ba HD KAMERA<\/h2>\n<p>360 derece g\u00f6r\u00fc\u015f hakimiyeti ile daha g\u00fcvenli s\u00fcr\u00fc\u015f deneyimi. Arac\u0131n\u0131z\u0131 t\u00fcm a\u00e7\u0131lardan g\u00f6rmenizi sa\u011flayan kamera ile manevra yapman\u0131z kolayla\u015f\u0131rken, \u015fehir i\u00e7erisinde park ederken size zaman kazand\u0131r\u0131r.<\/p>\n<p>\t\t\t\t\t\t\t\t\t\t\t\t\t<img loading=\"lazy\" decoding=\"async\" width=\"1000\" height=\"667\" src=\"https:\/\/yukselenoto.com.tr\/swm\/wp-content\/uploads\/2023\/12\/hava-yastigi.jpg\" alt=\"\" srcset=\"https:\/\/yukselenoto.com.tr\/swm\/wp-content\/uploads\/2023\/12\/hava-yastigi.jpg 1000w, https:\/\/yukselenoto.com.tr\/swm\/wp-content\/uploads\/2023\/12\/hava-yastigi-300x200.jpg 300w, https:\/\/yukselenoto.com.tr\/swm\/wp-content\/uploads\/2023\/12\/hava-yastigi-768x512.jpg 768w\" sizes=\"auto, (max-width: 1000px) 100vw, 1000px\" \/>\t\t\t\t\t\t\t\t\t\t\t\t\t<\/p>\n<h2>\u00d6N VE ARKA HAVA YASTI\u011eI<\/h2>\n<p>\u00c7ift \u00d6n Hava Yast\u0131\u011f\u0131 ile her y\u00f6nden g\u00fcvendesiniz. \u00d6nden gelen darbelerde temel koruma sa\u011flayarak her yolculukta sizin ve yolcular\u0131n\u0131z\u0131n i\u00e7inin rahat olmas\u0131n\u0131 sa\u011flar.<\/p>\n<figure><img decoding=\"async\" src=\"https:\/\/yukselenoto.com.tr\/swm\/wp-content\/uploads\/2023\/12\/swm_G01_gal_02-1024x683-1-768x512.webp\" alt=\"swm_G01_gal_02-1024x683\" \/><\/figure>\n<figure><img decoding=\"async\" src=\"https:\/\/yukselenoto.com.tr\/swm\/wp-content\/uploads\/2023\/12\/swm_G01_gal_01-1024x683-1-768x512.webp\" alt=\"swm_G01_gal_01-1024x683\" \/><\/figure>\n<figure><img decoding=\"async\" src=\"https:\/\/yukselenoto.com.tr\/swm\/wp-content\/uploads\/2023\/12\/swm_G01_gal_03-1024x683-1-768x512.webp\" alt=\"swm_G01_gal_03-1024x683\" \/><\/figure>\n<figure><img decoding=\"async\" src=\"https:\/\/yukselenoto.com.tr\/swm\/wp-content\/uploads\/2023\/12\/swm_G01_gal_05-1024x662-1-768x497.webp\" alt=\"swm_G01_gal_05-1024x662\" \/><\/figure>\n<figure><img decoding=\"async\" src=\"https:\/\/yukselenoto.com.tr\/swm\/wp-content\/uploads\/2023\/12\/swm_G01_gal_06-1024x683-1-768x512.webp\" alt=\"swm_G01_gal_06-1024x683\" \/><\/figure>\n<figure><img decoding=\"async\" src=\"https:\/\/yukselenoto.com.tr\/swm\/wp-content\/uploads\/2023\/12\/swm_G01_gal_07-1024x671-1-768x503.webp\" alt=\"swm_G01_gal_07-1024x671\" \/><\/figure>\n","protected":false},"excerpt":{"rendered":"<p>SWM YUKSELEN OTOMOT\u0130V SWM G01: YEN\u0130L\u0130\u011e\u0130N YOLU SWM G01, modern bir SUV tasar\u0131m\u0131n\u0131n t\u00fcm \u00f6zelliklerini b\u00fcnyesinde bar\u0131nd\u0131r\u0131yor. Dinamik \u00e7izgileri, geni\u015f \u00f6n \u0131zgaras\u0131 ve LED farlar\u0131yla dikkat \u00e7eken bu model, \u015fehir i\u00e7i trafi\u011finde oldu\u011fu kadar a\u00e7\u0131k arazide de etkileyici bir g\u00f6r\u00fcn\u00fcme sahip. Geni\u015f i\u00e7 hacmi, ferah ve konforlu bir s\u00fcr\u00fc\u015f deneyimi sunarken, y\u00fcksek kaliteli malzemelerle tasarlanm\u0131\u015f&hellip;<\/p>\n","protected":false},"author":1,"featured_media":0,"parent":0,"menu_order":0,"comment_status":"closed","ping_status":"closed","template":"elementor_header_footer","meta":{"footnotes":""},"class_list":["post-48","page","type-page","status-publish","hentry","description-off"],"_links":{"self":[{"href":"https:\/\/yukselenoto.com.tr\/swm\/wp-json\/wp\/v2\/pages\/48","targetHints":{"allow":["GET"]}}],"collection":[{"href":"https:\/\/yukselenoto.com.tr\/swm\/wp-json\/wp\/v2\/pages"}],"about":[{"href":"https:\/\/yukselenoto.com.tr\/swm\/wp-json\/wp\/v2\/types\/page"}],"author":[{"embeddable":true,"href":"https:\/\/yukselenoto.com.tr\/swm\/wp-json\/wp\/v2\/users\/1"}],"replies":[{"embeddable":true,"href":"https:\/\/yukselenoto.com.tr\/swm\/wp-json\/wp\/v2\/comments?post=48"}],"version-history":[{"count":0,"href":"https:\/\/yukselenoto.com.tr\/swm\/wp-json\/wp\/v2\/pages\/48\/revisions"}],"wp:attachment":[{"href":"https:\/\/yukselenoto.com.tr\/swm\/wp-json\/wp\/v2\/media?parent=48"}],"curies":[{"name":"wp","href":"https:\/\/api.w.org\/{rel}","templated":true}]}}