{"id":494,"date":"2024-04-02T15:43:38","date_gmt":"2024-04-02T12:43:38","guid":{"rendered":"http:\/\/yukselenoto.com.tr\/swm\/?page_id=494"},"modified":"2024-04-02T15:56:35","modified_gmt":"2024-04-02T12:56:35","slug":"x30-lev","status":"publish","type":"page","link":"https:\/\/yukselenoto.com.tr\/swm\/x30-lev\/","title":{"rendered":"X30 LEV"},"content":{"rendered":"<h2>SWM YUKSELEN OTOMOT\u0130V<\/h2>\n<h2>%100 ELEKTR\u0130KL\u0130 KARGO VAN<\/h2>\n<p>Ayn\u0131 tip arabaya en iyi konfig\u00fcrasyon ve g\u00fcvenlik sistemini uyarlayarak, daha rahat ve daha g\u00fcvenli bir s\u00fcr\u00fc\u015f<br \/>deneyimi sa\u011flar<\/p>\n<h2>300 Km<\/h2>\n<h2>MENZ\u0130L<\/h2>\n<h2>220 Nm<\/h2>\n<h2>MAKS\u0130MUM TORK<\/h2>\n<h2>45 Dk<br \/>\n<\/h2>\n<h2>\u015eARJ S\u00dcRES\u0130<\/h2>\n<h2>X30 LEV<\/h2>\n<h2>\u00c7EVRE DOSTU ARA\u00c7<\/h2>\n<p>\t\t\t\t\t\t\t\t\t\t\t\t\t<img loading=\"lazy\" decoding=\"async\" width=\"1000\" height=\"636\" src=\"https:\/\/yukselenoto.com.tr\/swm\/wp-content\/uploads\/2024\/04\/x30lev-2.jpg\" alt=\"\" srcset=\"https:\/\/yukselenoto.com.tr\/swm\/wp-content\/uploads\/2024\/04\/x30lev-2.jpg 1000w, https:\/\/yukselenoto.com.tr\/swm\/wp-content\/uploads\/2024\/04\/x30lev-2-300x191.jpg 300w, https:\/\/yukselenoto.com.tr\/swm\/wp-content\/uploads\/2024\/04\/x30lev-2-768x488.jpg 768w, https:\/\/yukselenoto.com.tr\/swm\/wp-content\/uploads\/2024\/04\/x30lev-2-600x382.jpg 600w\" sizes=\"auto, (max-width: 1000px) 100vw, 1000px\" \/>\t\t\t\t\t\t\t\t\t\t\t\t\t<\/p>\n<h2>\u015eehir \u0130\u00e7i Ta\u015f\u0131ma<\/h2>\n<p>300 Km menzilli, ile rakiplerinden en uzun olarak ayr\u0131\u015fan, \u0130yi performans g\u00f6steren bir ak\u00fc ve motor seti ile donat\u0131larak<br \/>220 Nm maksimum tork sa\u011flayan, \u015eehir i\u00e7i ta\u015f\u0131mac\u0131l\u0131\u011f\u0131 her t\u00fcrl\u00fc yol ko\u015fulunda ekonomik ve \u00e7evre dostu olarak<br \/>optimize eden yol arkada\u015f\u0131n\u0131z<\/p>\n<h2>Ola\u011fan\u00fcst\u00fc Y\u00fckleme Kapasitesi<\/h2>\n<p>Dar yollarda daha iyi s\u00fcr\u00fc\u015f deneyimi, daha k\u0131sa d\u00f6n\u00fc\u015f yar\u0131\u00e7ap\u0131, 5 metrek\u00fcp y\u00fckleme kapasitesi ve kompakt yap\u0131s\u0131 ile<br \/>yer alt\u0131 otoparklar\u0131 gibi kapal\u0131 alanlara dahi kolay eri\u015fim.<\/p>\n<p>\t\t\t\t\t\t\t\t\t\t\t\t\t<img loading=\"lazy\" decoding=\"async\" width=\"1000\" height=\"636\" src=\"https:\/\/yukselenoto.com.tr\/swm\/wp-content\/uploads\/2024\/04\/x30lev-4-1.jpg\" alt=\"\" srcset=\"https:\/\/yukselenoto.com.tr\/swm\/wp-content\/uploads\/2024\/04\/x30lev-4-1.jpg 1000w, https:\/\/yukselenoto.com.tr\/swm\/wp-content\/uploads\/2024\/04\/x30lev-4-1-300x191.jpg 300w, https:\/\/yukselenoto.com.tr\/swm\/wp-content\/uploads\/2024\/04\/x30lev-4-1-768x488.jpg 768w, https:\/\/yukselenoto.com.tr\/swm\/wp-content\/uploads\/2024\/04\/x30lev-4-1-600x382.jpg 600w\" sizes=\"auto, (max-width: 1000px) 100vw, 1000px\" \/>\t\t\t\t\t\t\t\t\t\t\t\t\t<\/p>\n<h2>X30 LEV<\/h2>\n<h2>Y\u00dcKSEK KAL\u0130TE<\/h2>\n<p>Sofistike ve zamans\u0131z tarz\u0131yla \u00f6ne \u00e7\u0131kar. Ak\u0131c\u0131 \u00e7izgiler ve zarif k\u0131vr\u0131mlar, aerodinamik detaylar ve otomotiv end\u00fcstrisindeki \u0130talyan tasar\u0131m\u0131n\u0131n m\u00fckemmelli\u011fini yans\u0131tan stilize unsurlarla birle\u015ftirilmi\u015ftir. Her ayr\u0131nt\u0131 \u0130talyan otomotiv m\u00fchendisli\u011finin tutkusunu ve yenilik\u00e7i tarz\u0131n\u0131 yans\u0131t\u0131r.<\/p>\n<p>\t\t\t\t\t\t\t\t\t\t\t\t\t<img loading=\"lazy\" decoding=\"async\" width=\"768\" height=\"488\" src=\"https:\/\/yukselenoto.com.tr\/swm\/wp-content\/uploads\/2024\/04\/x30lev-5-1-768x488-1.jpg\" alt=\"\" srcset=\"https:\/\/yukselenoto.com.tr\/swm\/wp-content\/uploads\/2024\/04\/x30lev-5-1-768x488-1.jpg 768w, https:\/\/yukselenoto.com.tr\/swm\/wp-content\/uploads\/2024\/04\/x30lev-5-1-768x488-1-300x191.jpg 300w, https:\/\/yukselenoto.com.tr\/swm\/wp-content\/uploads\/2024\/04\/x30lev-5-1-768x488-1-600x381.jpg 600w\" sizes=\"auto, (max-width: 768px) 100vw, 768px\" \/><br \/>\n\t\t\t\t\t\t\t\t\t\t\t\t\t<img loading=\"lazy\" decoding=\"async\" width=\"239\" height=\"180\" src=\"https:\/\/yukselenoto.com.tr\/swm\/wp-content\/uploads\/2024\/04\/x30-LEV-removebg-preview.png\" alt=\"\" \/>\t\t\t\t\t\t\t\t\t\t\t\t\t<\/p>\n<h2>G01<\/h2>\n<h2>HEMEN S\u0130PAR\u0130\u015e VER\u0130N!<\/h2>\n<p>Fiyat indirimlerinden yararlanmak \u015fimdi sipari\u015f verin!<\/p>\n<p>\t\t\t<a href=\"https:\/\/yukselenoto.com.tr\/swm\/iletisim\/\"><br \/>\n\t\t\t\t\t\tSipari\u015f Verin!<br \/>\n\t\t\t\t\t<\/a><br \/>\n\t\t\t<a href=\"https:\/\/yukselenoto.com.tr\/swm\/wp-content\/uploads\/2024\/01\/Donanim-Ozellik-Listesi-G01-G01F.pdf\"><br \/>\n\t\t\t\t\t\tTEKN\u0130K DONANIM<br \/>\n\t\t\t\t\t<\/a><\/p>\n<h3>\n\tOLA\u011eAN\u00dcST\u00dc PERFORMANSLI VE G\u00dcVEN\u0130L\u0130R 100% ELEKTR\u0130KL\u0130 KARGO VAN<br \/>\n\t\t<svg aria-hidden=\"true\" viewBox=\"0 0 448 512\" xmlns=\"http:\/\/www.w3.org\/2000\/svg\"><path d=\"M416 208H32c-17.67 0-32 14.33-32 32v32c0 17.67 14.33 32 32 32h384c17.67 0 32-14.33 32-32v-32c0-17.67-14.33-32-32-32z\"><\/path><\/svg><br \/>\n<\/h3>\n<p><b>Y\u00fcksek Kaliteli Dayan\u0131kl\u0131 Pil<\/b><\/p>\n<p>CATL taraf\u0131ndan sa\u011flanan LFP pili i\u00e7eren 1 numaral\u0131 pil, g\u00fcncel motor ve kontrol cihaz\u0131 INOVANCEAUTOMO-TIVE ile birlikte \u00e7al\u0131\u015f\u0131r.<\/p>\n<p><strong>S\u00fcr\u00fc\u015f G\u00fcvenli\u011fi<\/strong><\/p>\n<p>\u00d6n koltuklarda \u00e7ift hava yast\u0131\u011f\u0131 ABS+EBD D\u00fc\u015f\u00fck h\u0131z alarm\u0131<\/p>\n<p><strong>S\u00fcr\u00fc\u015f Rahatl\u0131\u011f\u0131<\/strong><\/p>\n<p>Ergonomik g\u00f6sterge paneli \u015f\u0131k topuz tipi \u015fanz\u0131man<\/p>\n<p><strong>\u00c7arp\u0131\u015fma G\u00fcvenli\u011fi Tasar\u0131m\u0131<\/strong><\/p>\n<p>\u00c7arp\u0131\u015fma an\u0131nda g\u00fcvenli\u011fi sa\u011flamak i\u00e7in \u00f6n tekerlek s\u00fcr\u00fcc\u00fcn\u00fcn \u00f6n\u00fcnde bulunur<\/p>\n<h2>G01<\/h2>\n<h2>TEKN\u0130K B\u0130LG\u0130LER<br \/>\n<\/h2>\n<p>\t\t\t<a href=\"https:\/\/yukselenoto.com.tr\/swm\/wp-content\/uploads\/2024\/01\/Donanim-Ozellik-Listesi-G01-G01F.pdf\"><br \/>\n\t\t\t\t<svg aria-hidden=\"true\" viewBox=\"0 0 384 512\" xmlns=\"http:\/\/www.w3.org\/2000\/svg\"><path d=\"M369.9 97.9L286 14C277 5 264.8-.1 252.1-.1H48C21.5 0 0 21.5 0 48v416c0 26.5 21.5 48 48 48h288c26.5 0 48-21.5 48-48V131.9c0-12.7-5.1-25-14.1-34zM332.1 128H256V51.9l76.1 76.1zM48 464V48h160v104c0 13.3 10.7 24 24 24h104v288H48zm250.2-143.7c-12.2-12-47-8.7-64.4-6.5-17.2-10.5-28.7-25-36.8-46.3 3.9-16.1 10.1-40.6 5.4-56-4.2-26.2-37.8-23.6-42.6-5.9-4.4 16.1-.4 38.5 7 67.1-10 23.9-24.9 56-35.4 74.4-20 10.3-47 26.2-51 46.2-3.3 15.8 26 55.2 76.1-31.2 22.4-7.4 46.8-16.5 68.4-20.1 18.9 10.2 41 17 55.8 17 25.5 0 28-28.2 17.5-38.7zm-198.1 77.8c5.1-13.7 24.5-29.5 30.4-35-19 30.3-30.4 35.7-30.4 35zm81.6-190.6c7.4 0 6.7 32.1 1.8 40.8-4.4-13.9-4.3-40.8-1.8-40.8zm-24.4 136.6c9.7-16.9 18-37 24.7-54.7 8.3 15.1 18.9 27.2 30.1 35.5-20.8 4.3-38.9 13.1-54.8 19.2zm131.6-5s-5 6-37.3-7.8c35.1-2.6 40.9 5.4 37.3 7.8z\"><\/path><\/svg><br \/>\n\t\t\t\t\t\tTEKN\u0130K DONANIM<br \/>\n\t\t\t\t\t<\/a><\/p>\n<h3>\n\tTPMS<br \/>\n\t\t<svg aria-hidden=\"true\" viewBox=\"0 0 448 512\" xmlns=\"http:\/\/www.w3.org\/2000\/svg\"><path d=\"M416 208H32c-17.67 0-32 14.33-32 32v32c0 17.67 14.33 32 32 32h384c17.67 0 32-14.33 32-32v-32c0-17.67-14.33-32-32-32z\"><\/path><\/svg><br \/>\n<\/h3>\n<h3>\n\tDual Airbag<br \/>\n\t\t<svg aria-hidden=\"true\" viewBox=\"0 0 448 512\" xmlns=\"http:\/\/www.w3.org\/2000\/svg\"><path d=\"M416 208H32c-17.67 0-32 14.33-32 32v32c0 17.67 14.33 32 32 32h384c17.67 0 32-14.33 32-32v-32c0-17.67-14.33-32-32-32z\"><\/path><\/svg><br \/>\n<\/h3>\n<h3>\n\tDial Shift<br \/>\n\t\t<svg aria-hidden=\"true\" viewBox=\"0 0 448 512\" xmlns=\"http:\/\/www.w3.org\/2000\/svg\"><path d=\"M416 208H32c-17.67 0-32 14.33-32 32v32c0 17.67 14.33 32 32 32h384c17.67 0 32-14.33 32-32v-32c0-17.67-14.33-32-32-32z\"><\/path><\/svg><br \/>\n<\/h3>\n<h3>\n\tHAVC<br \/>\n\t\t<svg aria-hidden=\"true\" viewBox=\"0 0 448 512\" xmlns=\"http:\/\/www.w3.org\/2000\/svg\"><path d=\"M416 208H32c-17.67 0-32 14.33-32 32v32c0 17.67 14.33 32 32 32h384c17.67 0 32-14.33 32-32v-32c0-17.67-14.33-32-32-32z\"><\/path><\/svg><br \/>\n<\/h3>\n<h3>\n\tABS<br \/>\n\t\t<svg aria-hidden=\"true\" viewBox=\"0 0 448 512\" xmlns=\"http:\/\/www.w3.org\/2000\/svg\"><path d=\"M416 208H32c-17.67 0-32 14.33-32 32v32c0 17.67 14.33 32 32 32h384c17.67 0 32-14.33 32-32v-32c0-17.67-14.33-32-32-32z\"><\/path><\/svg><br \/>\n<\/h3>\n<h3>\n\tESC<br \/>\n\t\t<svg aria-hidden=\"true\" viewBox=\"0 0 448 512\" xmlns=\"http:\/\/www.w3.org\/2000\/svg\"><path d=\"M416 208H32c-17.67 0-32 14.33-32 32v32c0 17.67 14.33 32 32 32h384c17.67 0 32-14.33 32-32v-32c0-17.67-14.33-32-32-32z\"><\/path><\/svg><br \/>\n<\/h3>\n<h3>\n\tCombo1<br \/>\n\t\t<svg aria-hidden=\"true\" viewBox=\"0 0 448 512\" xmlns=\"http:\/\/www.w3.org\/2000\/svg\"><path d=\"M416 208H32c-17.67 0-32 14.33-32 32v32c0 17.67 14.33 32 32 32h384c17.67 0 32-14.33 32-32v-32c0-17.67-14.33-32-32-32z\"><\/path><\/svg><br \/>\n<\/h3>\n<p>Arac\u0131n aerodinami\u011fini ve verimlili\u011fini art\u0131rmak i\u00e7in stratejik olarak tasarlanm\u0131\u015ft\u0131r. Bu a\u00e7\u0131kl\u0131klar kontroll\u00fc hava ak\u0131\u015f\u0131 sa\u011flayarak motor so\u011futmas\u0131na ve genel performansa katk\u0131da bulunur. Ayr\u0131ca tasar\u0131ma stilize ve sportif bir dokunu\u015f katarlar.<\/p>\n<p>\u00a0\u00a0\u00a0\u00a0\u00a0\u00a0\u00a0\u00a0\u00a0\u00a0\u00a0\u00a0\u00a0\u00a0\u00a0\u00a0\t<\/p>\n<h3>\n\tHAC<br \/>\n\t\t<svg aria-hidden=\"true\" viewBox=\"0 0 448 512\" xmlns=\"http:\/\/www.w3.org\/2000\/svg\"><path d=\"M416 208H32c-17.67 0-32 14.33-32 32v32c0 17.67 14.33 32 32 32h384c17.67 0 32-14.33 32-32v-32c0-17.67-14.33-32-32-32z\"><\/path><\/svg><br \/>\n<\/h3>\n<p>Arac\u0131n aerodinami\u011fini ve verimlili\u011fini art\u0131rmak i\u00e7in stratejik olarak tasarlanm\u0131\u015ft\u0131r. Bu a\u00e7\u0131kl\u0131klar kontroll\u00fc hava ak\u0131\u015f\u0131 sa\u011flayarak motor so\u011futmas\u0131na ve genel performansa katk\u0131da bulunur. Ayr\u0131ca tasar\u0131ma stilize ve sportif bir dokunu\u015f katarlar.<\/p>\n<p>\u00a0\u00a0\u00a0\u00a0\u00a0\u00a0\u00a0\u00a0\u00a0\u00a0\u00a0\u00a0\u00a0\u00a0\u00a0\u00a0\t<\/p>\n<figure><img decoding=\"async\" src=\"https:\/\/yukselenoto.com.tr\/swm\/wp-content\/uploads\/2024\/04\/x30lev-4-1-1-768x488.jpg\" alt=\"x30lev-4-1\" \/><\/figure>\n<figure><img decoding=\"async\" src=\"https:\/\/yukselenoto.com.tr\/swm\/wp-content\/uploads\/2024\/04\/x30lev-5-1-768x488-1.jpg\" alt=\"x30lev-5-1-768x488\" \/><\/figure>\n<figure><img decoding=\"async\" src=\"https:\/\/yukselenoto.com.tr\/swm\/wp-content\/uploads\/2024\/04\/x30lev-1-768x512.jpg\" alt=\"x30lev-1\" \/><\/figure>\n<figure><img decoding=\"async\" src=\"https:\/\/yukselenoto.com.tr\/swm\/wp-content\/uploads\/2024\/04\/x30lev-2-768x488.jpg\" alt=\"x30lev-2\" \/><\/figure>\n","protected":false},"excerpt":{"rendered":"<p>SWM YUKSELEN OTOMOT\u0130V %100 ELEKTR\u0130KL\u0130 KARGO VAN Ayn\u0131 tip arabaya en iyi konfig\u00fcrasyon ve g\u00fcvenlik sistemini uyarlayarak, daha rahat ve daha g\u00fcvenli bir s\u00fcr\u00fc\u015fdeneyimi sa\u011flar 300 Km MENZ\u0130L 220 Nm MAKS\u0130MUM TORK 45 Dk \u015eARJ S\u00dcRES\u0130 X30 LEV \u00c7EVRE DOSTU ARA\u00c7 \u015eehir \u0130\u00e7i Ta\u015f\u0131ma 300 Km menzilli, ile rakiplerinden en uzun olarak ayr\u0131\u015fan, \u0130yi performans&hellip;<\/p>\n","protected":false},"author":1,"featured_media":0,"parent":0,"menu_order":0,"comment_status":"closed","ping_status":"closed","template":"elementor_header_footer","meta":{"footnotes":""},"class_list":["post-494","page","type-page","status-publish","hentry","description-off"],"_links":{"self":[{"href":"https:\/\/yukselenoto.com.tr\/swm\/wp-json\/wp\/v2\/pages\/494","targetHints":{"allow":["GET"]}}],"collection":[{"href":"https:\/\/yukselenoto.com.tr\/swm\/wp-json\/wp\/v2\/pages"}],"about":[{"href":"https:\/\/yukselenoto.com.tr\/swm\/wp-json\/wp\/v2\/types\/page"}],"author":[{"embeddable":true,"href":"https:\/\/yukselenoto.com.tr\/swm\/wp-json\/wp\/v2\/users\/1"}],"replies":[{"embeddable":true,"href":"https:\/\/yukselenoto.com.tr\/swm\/wp-json\/wp\/v2\/comments?post=494"}],"version-history":[{"count":0,"href":"https:\/\/yukselenoto.com.tr\/swm\/wp-json\/wp\/v2\/pages\/494\/revisions"}],"wp:attachment":[{"href":"https:\/\/yukselenoto.com.tr\/swm\/wp-json\/wp\/v2\/media?parent=494"}],"curies":[{"name":"wp","href":"https:\/\/api.w.org\/{rel}","templated":true}]}}