{"id":515,"date":"2024-04-17T16:57:48","date_gmt":"2024-04-17T13:57:48","guid":{"rendered":"http:\/\/yukselenoto.com.tr\/swm\/?page_id=515"},"modified":"2024-04-26T13:07:55","modified_gmt":"2024-04-26T10:07:55","slug":"swm-g03f","status":"publish","type":"page","link":"https:\/\/yukselenoto.com.tr\/swm\/swm-g03f\/","title":{"rendered":"SWM G03F"},"content":{"rendered":"<h2>SWM Y\u00dcKSELEN OTOMOT\u0130V<\/h2>\n<h2>SWM G03F: G\u00dc\u00c7L\u00dc PERFORMANS<\/h2>\n<p>SWM Motors&#8217;un \u00fcst\u00fcn kalite ve yenilik\u00e7i tasar\u0131m anlay\u0131\u015f\u0131, G03F modeliyle bir kez daha zirveye \u00e7\u0131k\u0131yor. Hem \u015fehir i\u00e7i hem de \u015fehirleraras\u0131 kullan\u0131m i\u00e7in ideal olan bu ara\u00e7, s\u00fcr\u00fcc\u00fclere e\u015fsiz bir s\u00fcr\u00fc\u015f deneyimi sunuyor.<\/p>\n<h2>7<\/h2>\n<h2>KOLTUK<\/h2>\n<h2>1.499 cc<br \/>\n<\/h2>\n<h2>S\u0130L\u0130ND\u0130R HACM\u0130<\/h2>\n<h2>152 \/ 4000<\/h2>\n<h2>TORK<\/h2>\n<p>\t\t\t\t\t\t\t\t\t\t\t\t\t<img loading=\"lazy\" decoding=\"async\" width=\"500\" height=\"272\" src=\"https:\/\/yukselenoto.com.tr\/swm\/wp-content\/uploads\/2023\/12\/swm-g01-bila-removebg-preview.png\" alt=\"\" srcset=\"https:\/\/yukselenoto.com.tr\/swm\/wp-content\/uploads\/2023\/12\/swm-g01-bila-removebg-preview.png 500w, https:\/\/yukselenoto.com.tr\/swm\/wp-content\/uploads\/2023\/12\/swm-g01-bila-removebg-preview-300x163.png 300w\" sizes=\"auto, (max-width: 500px) 100vw, 500px\" \/><br \/>\n\t\t\t\t\t\t\t\t\t\t\t\t\t<img loading=\"lazy\" decoding=\"async\" width=\"500\" height=\"272\" src=\"https:\/\/yukselenoto.com.tr\/swm\/wp-content\/uploads\/2023\/12\/swm-g01-cervena-removebg-preview.png\" alt=\"\" srcset=\"https:\/\/yukselenoto.com.tr\/swm\/wp-content\/uploads\/2023\/12\/swm-g01-cervena-removebg-preview.png 500w, https:\/\/yukselenoto.com.tr\/swm\/wp-content\/uploads\/2023\/12\/swm-g01-cervena-removebg-preview-300x163.png 300w\" sizes=\"auto, (max-width: 500px) 100vw, 500px\" \/><br \/>\n\t\t\t\t\t\t\t\t\t\t\t\t\t<img loading=\"lazy\" decoding=\"async\" width=\"500\" height=\"272\" src=\"https:\/\/yukselenoto.com.tr\/swm\/wp-content\/uploads\/2023\/12\/swm-g01-modra-removebg-preview.png\" alt=\"\" srcset=\"https:\/\/yukselenoto.com.tr\/swm\/wp-content\/uploads\/2023\/12\/swm-g01-modra-removebg-preview.png 500w, https:\/\/yukselenoto.com.tr\/swm\/wp-content\/uploads\/2023\/12\/swm-g01-modra-removebg-preview-300x163.png 300w\" sizes=\"auto, (max-width: 500px) 100vw, 500px\" \/><br \/>\n\t\t\t\t\t\t\t\t\t\t\t\t\t<img loading=\"lazy\" decoding=\"async\" width=\"500\" height=\"272\" src=\"https:\/\/yukselenoto.com.tr\/swm\/wp-content\/uploads\/2023\/12\/swm-g01-seda-removebg-preview.png\" alt=\"\" srcset=\"https:\/\/yukselenoto.com.tr\/swm\/wp-content\/uploads\/2023\/12\/swm-g01-seda-removebg-preview.png 500w, https:\/\/yukselenoto.com.tr\/swm\/wp-content\/uploads\/2023\/12\/swm-g01-seda-removebg-preview-300x163.png 300w\" sizes=\"auto, (max-width: 500px) 100vw, 500px\" \/><br \/>\n\t\t\t\t\t\t\t\t\t\t\t\t\t<img loading=\"lazy\" decoding=\"async\" width=\"500\" height=\"272\" src=\"https:\/\/yukselenoto.com.tr\/swm\/wp-content\/uploads\/2023\/12\/swm-g01-cerna-removebg-preview.png\" alt=\"\" srcset=\"https:\/\/yukselenoto.com.tr\/swm\/wp-content\/uploads\/2023\/12\/swm-g01-cerna-removebg-preview.png 500w, https:\/\/yukselenoto.com.tr\/swm\/wp-content\/uploads\/2023\/12\/swm-g01-cerna-removebg-preview-300x163.png 300w\" sizes=\"auto, (max-width: 500px) 100vw, 500px\" \/>\t\t\t\t\t\t\t\t\t\t\t\t\t<\/p>\n<h2>G01<\/h2>\n<h2>Renk Se\u00e7eneklerine G\u00f6zat\u0131n!<\/h2>\n<p>Yeni tasar\u0131m d\u00fcnyas\u0131n\u0131 ve yenilik\u00e7i ara\u00e7 i\u00e7i \u00e7\u00f6z\u00fcmleri ke\u015ffedin. C\u00f6mert alan\u0131n, en son teknolojinin ve s\u0131n\u0131rs\u0131z konforun birle\u015fti\u011fi bir ortama girin.<\/p>\n<p>\t\t\t<a role=\"button\"><br \/>\n\t\t\t\t<svg aria-hidden=\"true\" viewBox=\"0 0 512 512\" xmlns=\"http:\/\/www.w3.org\/2000\/svg\"><path d=\"M499.99 176h-59.87l-16.64-41.6C406.38 91.63 365.57 64 319.5 64h-127c-46.06 0-86.88 27.63-103.99 70.4L71.87 176H12.01C4.2 176-1.53 183.34.37 190.91l6 24C7.7 220.25 12.5 224 18.01 224h20.07C24.65 235.73 16 252.78 16 272v48c0 16.12 6.16 30.67 16 41.93V416c0 17.67 14.33 32 32 32h32c17.67 0 32-14.33 32-32v-32h256v32c0 17.67 14.33 32 32 32h32c17.67 0 32-14.33 32-32v-54.07c9.84-11.25 16-25.8 16-41.93v-48c0-19.22-8.65-36.27-22.07-48H494c5.51 0 10.31-3.75 11.64-9.09l6-24c1.89-7.57-3.84-14.91-11.65-14.91zm-352.06-17.83c7.29-18.22 24.94-30.17 44.57-30.17h127c19.63 0 37.28 11.95 44.57 30.17L384 208H128l19.93-49.83zM96 319.8c-19.2 0-32-12.76-32-31.9S76.8 256 96 256s48 28.71 48 47.85-28.8 15.95-48 15.95zm320 0c-19.2 0-48 3.19-48-15.95S396.8 256 416 256s32 12.76 32 31.9-12.8 31.9-32 31.9z\"><\/path><\/svg><br \/>\n\t\t\t\t\t<\/a><br \/>\n\t\t\t<a role=\"button\"><br \/>\n\t\t\t\t<svg aria-hidden=\"true\" viewBox=\"0 0 512 512\" xmlns=\"http:\/\/www.w3.org\/2000\/svg\"><path d=\"M499.99 176h-59.87l-16.64-41.6C406.38 91.63 365.57 64 319.5 64h-127c-46.06 0-86.88 27.63-103.99 70.4L71.87 176H12.01C4.2 176-1.53 183.34.37 190.91l6 24C7.7 220.25 12.5 224 18.01 224h20.07C24.65 235.73 16 252.78 16 272v48c0 16.12 6.16 30.67 16 41.93V416c0 17.67 14.33 32 32 32h32c17.67 0 32-14.33 32-32v-32h256v32c0 17.67 14.33 32 32 32h32c17.67 0 32-14.33 32-32v-54.07c9.84-11.25 16-25.8 16-41.93v-48c0-19.22-8.65-36.27-22.07-48H494c5.51 0 10.31-3.75 11.64-9.09l6-24c1.89-7.57-3.84-14.91-11.65-14.91zm-352.06-17.83c7.29-18.22 24.94-30.17 44.57-30.17h127c19.63 0 37.28 11.95 44.57 30.17L384 208H128l19.93-49.83zM96 319.8c-19.2 0-32-12.76-32-31.9S76.8 256 96 256s48 28.71 48 47.85-28.8 15.95-48 15.95zm320 0c-19.2 0-48 3.19-48-15.95S396.8 256 416 256s32 12.76 32 31.9-12.8 31.9-32 31.9z\"><\/path><\/svg><br \/>\n\t\t\t\t\t<\/a><br \/>\n\t\t\t<a role=\"button\"><br \/>\n\t\t\t\t<svg aria-hidden=\"true\" viewBox=\"0 0 512 512\" xmlns=\"http:\/\/www.w3.org\/2000\/svg\"><path d=\"M499.99 176h-59.87l-16.64-41.6C406.38 91.63 365.57 64 319.5 64h-127c-46.06 0-86.88 27.63-103.99 70.4L71.87 176H12.01C4.2 176-1.53 183.34.37 190.91l6 24C7.7 220.25 12.5 224 18.01 224h20.07C24.65 235.73 16 252.78 16 272v48c0 16.12 6.16 30.67 16 41.93V416c0 17.67 14.33 32 32 32h32c17.67 0 32-14.33 32-32v-32h256v32c0 17.67 14.33 32 32 32h32c17.67 0 32-14.33 32-32v-54.07c9.84-11.25 16-25.8 16-41.93v-48c0-19.22-8.65-36.27-22.07-48H494c5.51 0 10.31-3.75 11.64-9.09l6-24c1.89-7.57-3.84-14.91-11.65-14.91zm-352.06-17.83c7.29-18.22 24.94-30.17 44.57-30.17h127c19.63 0 37.28 11.95 44.57 30.17L384 208H128l19.93-49.83zM96 319.8c-19.2 0-32-12.76-32-31.9S76.8 256 96 256s48 28.71 48 47.85-28.8 15.95-48 15.95zm320 0c-19.2 0-48 3.19-48-15.95S396.8 256 416 256s32 12.76 32 31.9-12.8 31.9-32 31.9z\"><\/path><\/svg><br \/>\n\t\t\t\t\t<\/a><br \/>\n\t\t\t<a role=\"button\"><br \/>\n\t\t\t\t<svg aria-hidden=\"true\" viewBox=\"0 0 512 512\" xmlns=\"http:\/\/www.w3.org\/2000\/svg\"><path d=\"M499.99 176h-59.87l-16.64-41.6C406.38 91.63 365.57 64 319.5 64h-127c-46.06 0-86.88 27.63-103.99 70.4L71.87 176H12.01C4.2 176-1.53 183.34.37 190.91l6 24C7.7 220.25 12.5 224 18.01 224h20.07C24.65 235.73 16 252.78 16 272v48c0 16.12 6.16 30.67 16 41.93V416c0 17.67 14.33 32 32 32h32c17.67 0 32-14.33 32-32v-32h256v32c0 17.67 14.33 32 32 32h32c17.67 0 32-14.33 32-32v-54.07c9.84-11.25 16-25.8 16-41.93v-48c0-19.22-8.65-36.27-22.07-48H494c5.51 0 10.31-3.75 11.64-9.09l6-24c1.89-7.57-3.84-14.91-11.65-14.91zm-352.06-17.83c7.29-18.22 24.94-30.17 44.57-30.17h127c19.63 0 37.28 11.95 44.57 30.17L384 208H128l19.93-49.83zM96 319.8c-19.2 0-32-12.76-32-31.9S76.8 256 96 256s48 28.71 48 47.85-28.8 15.95-48 15.95zm320 0c-19.2 0-48 3.19-48-15.95S396.8 256 416 256s32 12.76 32 31.9-12.8 31.9-32 31.9z\"><\/path><\/svg><br \/>\n\t\t\t\t\t<\/a><br \/>\n\t\t\t<a role=\"button\"><br \/>\n\t\t\t\t<svg aria-hidden=\"true\" viewBox=\"0 0 512 512\" xmlns=\"http:\/\/www.w3.org\/2000\/svg\"><path d=\"M499.99 176h-59.87l-16.64-41.6C406.38 91.63 365.57 64 319.5 64h-127c-46.06 0-86.88 27.63-103.99 70.4L71.87 176H12.01C4.2 176-1.53 183.34.37 190.91l6 24C7.7 220.25 12.5 224 18.01 224h20.07C24.65 235.73 16 252.78 16 272v48c0 16.12 6.16 30.67 16 41.93V416c0 17.67 14.33 32 32 32h32c17.67 0 32-14.33 32-32v-32h256v32c0 17.67 14.33 32 32 32h32c17.67 0 32-14.33 32-32v-54.07c9.84-11.25 16-25.8 16-41.93v-48c0-19.22-8.65-36.27-22.07-48H494c5.51 0 10.31-3.75 11.64-9.09l6-24c1.89-7.57-3.84-14.91-11.65-14.91zm-352.06-17.83c7.29-18.22 24.94-30.17 44.57-30.17h127c19.63 0 37.28 11.95 44.57 30.17L384 208H128l19.93-49.83zM96 319.8c-19.2 0-32-12.76-32-31.9S76.8 256 96 256s48 28.71 48 47.85-28.8 15.95-48 15.95zm320 0c-19.2 0-48 3.19-48-15.95S396.8 256 416 256s32 12.76 32 31.9-12.8 31.9-32 31.9z\"><\/path><\/svg><br \/>\n\t\t\t\t\t<\/a><\/p>\n<h2>G03F<\/h2>\n<h2>Ak\u0131ll\u0131 SUV<\/h2>\n<p>\t\t\t\t\t\t\t\t\t\t\t\t\t<img loading=\"lazy\" decoding=\"async\" width=\"800\" height=\"800\" src=\"https:\/\/yukselenoto.com.tr\/swm\/wp-content\/uploads\/2024\/04\/1679818896773383.jpg\" alt=\"\" srcset=\"https:\/\/yukselenoto.com.tr\/swm\/wp-content\/uploads\/2024\/04\/1679818896773383.jpg 800w, https:\/\/yukselenoto.com.tr\/swm\/wp-content\/uploads\/2024\/04\/1679818896773383-300x300.jpg 300w, https:\/\/yukselenoto.com.tr\/swm\/wp-content\/uploads\/2024\/04\/1679818896773383-150x150.jpg 150w, https:\/\/yukselenoto.com.tr\/swm\/wp-content\/uploads\/2024\/04\/1679818896773383-768x768.jpg 768w, https:\/\/yukselenoto.com.tr\/swm\/wp-content\/uploads\/2024\/04\/1679818896773383-650x650.jpg 650w, https:\/\/yukselenoto.com.tr\/swm\/wp-content\/uploads\/2024\/04\/1679818896773383-600x600.jpg 600w, https:\/\/yukselenoto.com.tr\/swm\/wp-content\/uploads\/2024\/04\/1679818896773383-200x200.jpg 200w\" sizes=\"auto, (max-width: 800px) 100vw, 800px\" \/>\t\t\t\t\t\t\t\t\t\t\t\t\t<\/p>\n<h2>G\u00fc\u00e7l\u00fc Performans<\/h2>\n<p>Arkas\u0131nda y\u00fcksek performansl\u0131 bir motorla donat\u0131lm\u0131\u015f olan G03F, g\u00fc\u00e7l\u00fc bir s\u00fcr\u00fc\u015f deneyimi sunuyor. Hem \u015fehir i\u00e7i trafikte manevra kabiliyetiyle dikkat \u00e7ekiyor hem de uzun yolculuklarda istikrarl\u0131 bir performans sergiliyor.<\/p>\n<p>\t\t\t\t\t\t\t\t\t\t\t\t\t<img loading=\"lazy\" decoding=\"async\" width=\"1024\" height=\"682\" src=\"https:\/\/yukselenoto.com.tr\/swm\/wp-content\/uploads\/2024\/04\/1672909683740479-1024x682.jpg\" alt=\"\" srcset=\"https:\/\/yukselenoto.com.tr\/swm\/wp-content\/uploads\/2024\/04\/1672909683740479-1024x682.jpg 1024w, https:\/\/yukselenoto.com.tr\/swm\/wp-content\/uploads\/2024\/04\/1672909683740479-300x200.jpg 300w, https:\/\/yukselenoto.com.tr\/swm\/wp-content\/uploads\/2024\/04\/1672909683740479-768x512.jpg 768w, https:\/\/yukselenoto.com.tr\/swm\/wp-content\/uploads\/2024\/04\/1672909683740479-1536x1024.jpg 1536w, https:\/\/yukselenoto.com.tr\/swm\/wp-content\/uploads\/2024\/04\/1672909683740479-600x400.jpg 600w, https:\/\/yukselenoto.com.tr\/swm\/wp-content\/uploads\/2024\/04\/1672909683740479.jpg 2000w\" sizes=\"auto, (max-width: 1024px) 100vw, 1024px\" \/><br \/>\n\t\t\t\t\t\t\t\t\t\t\t\t\t<img loading=\"lazy\" decoding=\"async\" width=\"1000\" height=\"600\" src=\"https:\/\/yukselenoto.com.tr\/swm\/wp-content\/uploads\/2024\/04\/1678349613544335.jpg\" alt=\"\" srcset=\"https:\/\/yukselenoto.com.tr\/swm\/wp-content\/uploads\/2024\/04\/1678349613544335.jpg 1000w, https:\/\/yukselenoto.com.tr\/swm\/wp-content\/uploads\/2024\/04\/1678349613544335-300x180.jpg 300w, https:\/\/yukselenoto.com.tr\/swm\/wp-content\/uploads\/2024\/04\/1678349613544335-768x461.jpg 768w, https:\/\/yukselenoto.com.tr\/swm\/wp-content\/uploads\/2024\/04\/1678349613544335-600x360.jpg 600w\" sizes=\"auto, (max-width: 1000px) 100vw, 1000px\" \/>\t\t\t\t\t\t\t\t\t\t\t\t\t<\/p>\n<h2>G03F<\/h2>\n<h2>MODERN VE ZAR\u0130F TASARIM<\/h2>\n<p>G03F, modern ve zarif tasar\u0131m\u0131yla g\u00f6z kama\u015ft\u0131r\u0131yor. Ak\u0131c\u0131 hatlar\u0131, dinamik \u00e7izgileri ve dikkat \u00e7ekici detaylar\u0131yla herkesin be\u011fenisini kazan\u0131yor.<\/p>\n<figure><img decoding=\"async\" src=\"https:\/\/yukselenoto.com.tr\/swm\/wp-content\/uploads\/2024\/04\/1678349613544335.jpg\" alt=\"1678349613544335\" \/><\/figure>\n<figure><img decoding=\"async\" src=\"https:\/\/yukselenoto.com.tr\/swm\/wp-content\/uploads\/2024\/04\/1679818896773383.jpg\" alt=\"1679818896773383\" \/><\/figure>\n<figure><img decoding=\"async\" src=\"https:\/\/yukselenoto.com.tr\/swm\/wp-content\/uploads\/2024\/04\/1672909683740479.jpg\" alt=\"1672909683740479\" \/><\/figure>\n<p>\t\t\t\t\t\t<svg aria-hidden=\"true\" viewBox=\"0 0 1000 1000\" xmlns=\"http:\/\/www.w3.org\/2000\/svg\"><path d=\"M646 125C629 125 613 133 604 142L308 442C296 454 292 471 292 487 292 504 296 521 308 533L604 854C617 867 629 875 646 875 663 875 679 871 692 858 704 846 713 829 713 812 713 796 708 779 692 767L438 487 692 225C700 217 708 204 708 187 708 171 704 154 692 142 675 129 663 125 646 125Z\"><\/path><\/svg><br \/>\n\t\t\t\t\t\t<svg aria-hidden=\"true\" viewBox=\"0 0 1000 1000\" xmlns=\"http:\/\/www.w3.org\/2000\/svg\"><path d=\"M696 533C708 521 713 504 713 487 713 471 708 454 696 446L400 146C388 133 375 125 354 125 338 125 325 129 313 142 300 154 292 171 292 187 292 204 296 221 308 233L563 492 304 771C292 783 288 800 288 817 288 833 296 850 308 863 321 871 338 875 354 875 371 875 388 867 400 854L696 533Z\"><\/path><\/svg>\t\t\t\t\t<\/p>\n<figure><img decoding=\"async\" src=\"https:\/\/yukselenoto.com.tr\/swm\/wp-content\/uploads\/2024\/04\/1678349637433219.jpg\" alt=\"1678349637433219\" \/><\/figure>\n<h3>\n\t\u0130talyan Keyfi<br \/>\n\t\t<svg aria-hidden=\"true\" viewBox=\"0 0 448 512\" xmlns=\"http:\/\/www.w3.org\/2000\/svg\"><path d=\"M416 208H32c-17.67 0-32 14.33-32 32v32c0 17.67 14.33 32 32 32h384c17.67 0 32-14.33 32-32v-32c0-17.67-14.33-32-32-32z\"><\/path><\/svg><br \/>\n<\/h3>\n<p>\u00d6zg\u00fcrl\u00fck hissi yaratan bir i\u00e7 mekan\u2026<br \/>Hayat\u0131n t\u00fcm anlar\u0131 i\u00e7in \u00f6zg\u00fcrl\u00fck hissini m\u00fckemmel tarz\u0131 ile birlikte sunar\u2026<\/p>\n<h3>\n\tTamamen LED Ayd\u0131nlatmalar<br \/>\n\t\t<svg aria-hidden=\"true\" viewBox=\"0 0 448 512\" xmlns=\"http:\/\/www.w3.org\/2000\/svg\"><path d=\"M416 208H32c-17.67 0-32 14.33-32 32v32c0 17.67 14.33 32 32 32h384c17.67 0 32-14.33 32-32v-32c0-17.67-14.33-32-32-32z\"><\/path><\/svg><br \/>\n<\/h3>\n<p>LED k\u0131sa menzilli, uzun menzilli ve fren lambalar\u0131 ile \u015f\u0131k bir \u015fekilde parlay\u0131n. Bu ileri teknoloji yaln\u0131zca g\u00f6r\u00fcn\u00fcrl\u00fc\u011f\u00fc art\u0131rmakla kalmaz, ayn\u0131 zamanda arac\u0131n g\u00f6r\u00fcn\u00fcm\u00fcn\u00fc de iyile\u015ftirir.<\/p>\n<h3>\n\tBeni Takip Et \u00d6zelli\u011fi<br \/>\n\t\t<svg aria-hidden=\"true\" viewBox=\"0 0 448 512\" xmlns=\"http:\/\/www.w3.org\/2000\/svg\"><path d=\"M416 208H32c-17.67 0-32 14.33-32 32v32c0 17.67 14.33 32 32 32h384c17.67 0 32-14.33 32-32v-32c0-17.67-14.33-32-32-32z\"><\/path><\/svg><br \/>\n<\/h3>\n<p>S\u00fcr\u00fcc\u00fc motoru kapat\u0131p ara\u00e7tan \u00e7\u0131kt\u0131ktan sonra arac\u0131n \u0131\u015f\u0131klar\u0131n\u0131n k\u0131sa bir s\u00fcre daha a\u00e7\u0131k kalmas\u0131n\u0131 sa\u011flar. Bu, s\u00fcr\u00fcc\u00fcn\u00fcn yolunu bulmas\u0131na veya hedefine g\u00fcvenli bir \u015fekilde ula\u015fmas\u0131na yard\u0131mc\u0131 olmak i\u00e7in ek ayd\u0131nlatma sa\u011flar.<\/p>\n<h3>\n\tElektrikli Aynalar<br \/>\n\t\t<svg aria-hidden=\"true\" viewBox=\"0 0 448 512\" xmlns=\"http:\/\/www.w3.org\/2000\/svg\"><path d=\"M416 208H32c-17.67 0-32 14.33-32 32v32c0 17.67 14.33 32 32 32h384c17.67 0 32-14.33 32-32v-32c0-17.67-14.33-32-32-32z\"><\/path><\/svg><br \/>\n<\/h3>\n<p>Elektrikli Aynalar ile g\u00f6r\u00fc\u015f\u00fcn\u00fcz\u00fc kontrol edin. \u00d6zelle\u015ftirilmi\u015f bir g\u00f6r\u00fcn\u00fcm i\u00e7in arac\u0131n i\u00e7inden a\u00e7\u0131lar\u0131 kolayca ayarlay\u0131n. Bu \u00f6zellik konforu ve g\u00fcvenli\u011fi art\u0131rarak s\u00fcr\u00fc\u015f s\u0131ras\u0131nda \u00e7evreniz \u00fczerinde tam kontrol sahibi olman\u0131z\u0131 sa\u011flar.<\/p>\n<h3>\n\tK\u00f6pekbal\u0131\u011f\u0131 Y\u00fczgeci Anteni<br \/>\n\t\t<svg aria-hidden=\"true\" viewBox=\"0 0 448 512\" xmlns=\"http:\/\/www.w3.org\/2000\/svg\"><path d=\"M416 208H32c-17.67 0-32 14.33-32 32v32c0 17.67 14.33 32 32 32h384c17.67 0 32-14.33 32-32v-32c0-17.67-14.33-32-32-32z\"><\/path><\/svg><br \/>\n<\/h3>\n<p>Arac\u0131n tasar\u0131m\u0131na modern ve aerodinamik bir dokunu\u015f katarak estetik bir i\u015flevi yerine getirmekle kalmaz, ayn\u0131 zamanda radyo sinyallerinin al\u0131m\u0131n\u0131 ve ba\u011flant\u0131y\u0131 da iyile\u015ftirir. Geleneksel antenlere k\u0131yasla daha temiz, daha aerodinamik bir g\u00f6r\u00fcn\u00fcm sa\u011flar.<\/p>\n<h3>\n\t\u00c7ift Renkli Al\u00fcminyum Jantlar<br \/>\n\t\t<svg aria-hidden=\"true\" viewBox=\"0 0 448 512\" xmlns=\"http:\/\/www.w3.org\/2000\/svg\"><path d=\"M416 208H32c-17.67 0-32 14.33-32 32v32c0 17.67 14.33 32 32 32h384c17.67 0 32-14.33 32-32v-32c0-17.67-14.33-32-32-32z\"><\/path><\/svg><br \/>\n<\/h3>\n<p>Bu benzersiz tasar\u0131ml\u0131 jantlar, cesur ve \u00f6zel bir g\u00f6r\u00fcn\u00fcm i\u00e7in iki tonu bir araya getirir. Arac\u0131n\u0131za \u015f\u0131k bir dokunu\u015f katarak g\u00fcvenle hareket ederken moda ve zarafeti yans\u0131t\u0131r.<\/p>\n<p>\u00a0\t<\/p>\n<h3>\n\tArka Hava Giri\u015fi<br \/>\n\t\t<svg aria-hidden=\"true\" viewBox=\"0 0 448 512\" xmlns=\"http:\/\/www.w3.org\/2000\/svg\"><path d=\"M416 208H32c-17.67 0-32 14.33-32 32v32c0 17.67 14.33 32 32 32h384c17.67 0 32-14.33 32-32v-32c0-17.67-14.33-32-32-32z\"><\/path><\/svg><br \/>\n<\/h3>\n<p>Arac\u0131n aerodinami\u011fini ve verimlili\u011fini art\u0131rmak i\u00e7in stratejik olarak tasarlanm\u0131\u015ft\u0131r. Bu a\u00e7\u0131kl\u0131klar kontroll\u00fc hava ak\u0131\u015f\u0131 sa\u011flayarak motor so\u011futmas\u0131na ve genel performansa katk\u0131da bulunur. Ayr\u0131ca tasar\u0131ma stilize ve sportif bir dokunu\u015f katarlar.<\/p>\n<p>\t\t\t\t\t\t\t\t\t\t\t\t\t<img loading=\"lazy\" decoding=\"async\" width=\"240\" height=\"180\" src=\"https:\/\/yukselenoto.com.tr\/swm\/wp-content\/uploads\/2024\/04\/1678366216128336-removebg-preview.png\" alt=\"\" \/>\t\t\t\t\t\t\t\t\t\t\t\t\t<\/p>\n<h2>G03F<\/h2>\n<h2>HEMEN S\u0130PAR\u0130\u015e VER\u0130N!<\/h2>\n<p>Fiyat indirimlerinden yararlanmak \u015fimdi sipari\u015f verin!<\/p>\n<p>\t\t\t<a href=\"https:\/\/yukselenoto.com.tr\/swm\/iletisim\/\"><br \/>\n\t\t\t\t\t\tSipari\u015f Verin!<br \/>\n\t\t\t\t\t<\/a><br \/>\n\t\t\t<a href=\"https:\/\/yukselenoto.com.tr\/swm\/wp-content\/uploads\/2024\/04\/G03F-Brosur.pdf\"><br \/>\n\t\t\t\t\t\tTEKN\u0130K DONANIM<br \/>\n\t\t\t\t\t<\/a><br \/>\n\t\t\t\t\t\t\t\t\t\t\t\t\t<img loading=\"lazy\" decoding=\"async\" width=\"1024\" height=\"683\" src=\"https:\/\/yukselenoto.com.tr\/swm\/wp-content\/uploads\/2024\/04\/1672909683373629-Large-1024x683.jpg\" alt=\"\" srcset=\"https:\/\/yukselenoto.com.tr\/swm\/wp-content\/uploads\/2024\/04\/1672909683373629-Large-1024x683.jpg 1024w, https:\/\/yukselenoto.com.tr\/swm\/wp-content\/uploads\/2024\/04\/1672909683373629-Large-300x200.jpg 300w, https:\/\/yukselenoto.com.tr\/swm\/wp-content\/uploads\/2024\/04\/1672909683373629-Large-768x512.jpg 768w, https:\/\/yukselenoto.com.tr\/swm\/wp-content\/uploads\/2024\/04\/1672909683373629-Large-1536x1024.jpg 1536w, https:\/\/yukselenoto.com.tr\/swm\/wp-content\/uploads\/2024\/04\/1672909683373629-Large-600x400.jpg 600w, https:\/\/yukselenoto.com.tr\/swm\/wp-content\/uploads\/2024\/04\/1672909683373629-Large.jpg 1620w\" sizes=\"auto, (max-width: 1024px) 100vw, 1024px\" \/>\t\t\t\t\t\t\t\t\t\t\t\t\t<\/p>\n<h2> Geli\u015fmi\u015f G\u00fcvenlik \u00d6zellikleri<\/h2>\n<p>S\u00fcr\u00fcc\u00fc ve yolcular\u0131n g\u00fcvenli\u011fi her zaman \u00f6nceli\u011fimizdir. Bu nedenle G03F, geli\u015fmi\u015f g\u00fcvenlik \u00f6zellikleriyle donat\u0131lm\u0131\u015ft\u0131r. En son teknolojiye sahip g\u00fcvenlik sistemleriyle s\u00fcr\u00fc\u015f\u00fcn\u00fcz\u00fc daha g\u00fcvenli hale getirir.<\/p>\n<p>\t\t\t\t\t\t\t\t\t\t\t\t\t<img loading=\"lazy\" decoding=\"async\" width=\"1024\" height=\"683\" src=\"https:\/\/yukselenoto.com.tr\/swm\/wp-content\/uploads\/2024\/04\/1672909690123842-Large-1024x683.jpg\" alt=\"\" srcset=\"https:\/\/yukselenoto.com.tr\/swm\/wp-content\/uploads\/2024\/04\/1672909690123842-Large-1024x683.jpg 1024w, https:\/\/yukselenoto.com.tr\/swm\/wp-content\/uploads\/2024\/04\/1672909690123842-Large-300x200.jpg 300w, https:\/\/yukselenoto.com.tr\/swm\/wp-content\/uploads\/2024\/04\/1672909690123842-Large-768x512.jpg 768w, https:\/\/yukselenoto.com.tr\/swm\/wp-content\/uploads\/2024\/04\/1672909690123842-Large-1536x1024.jpg 1536w, https:\/\/yukselenoto.com.tr\/swm\/wp-content\/uploads\/2024\/04\/1672909690123842-Large-600x400.jpg 600w, https:\/\/yukselenoto.com.tr\/swm\/wp-content\/uploads\/2024\/04\/1672909690123842-Large.jpg 1620w\" sizes=\"auto, (max-width: 1024px) 100vw, 1024px\" \/>\t\t\t\t\t\t\t\t\t\t\t\t\t<\/p>\n<h2>Ak\u0131ll\u0131 Teknoloji<\/h2>\n<p>G03F, ak\u0131ll\u0131 teknoloji \u00f6zellikleriyle donat\u0131lm\u0131\u015ft\u0131r. \u0130leri d\u00fczeyde bilgi ve e\u011flence sistemleri, kullan\u0131c\u0131 dostu aray\u00fczler ve ba\u011flant\u0131 se\u00e7enekleriyle s\u00fcr\u00fc\u015f deneyiminizi daha keyifli hale getirir.<\/p>\n<p>SWM Motors&#8217;un G03F modeli, s\u00fcr\u00fcc\u00fclere stil, performans ve g\u00fcvenlik sunan bir ara\u00e7t\u0131r. G03F ile her yolculuk unutulmaz bir deneyime d\u00f6n\u00fc\u015f\u00fcr!<\/p>\n<h2>G03F<\/h2>\n<h2>TEKN\u0130K B\u0130LG\u0130LER<br \/>\n<\/h2>\n<p>\t\t\t<a href=\"https:\/\/yukselenoto.com.tr\/swm\/wp-content\/uploads\/2024\/04\/Final-PD-G03F.pdf\"><br \/>\n\t\t\t\t<svg aria-hidden=\"true\" viewBox=\"0 0 384 512\" xmlns=\"http:\/\/www.w3.org\/2000\/svg\"><path d=\"M369.9 97.9L286 14C277 5 264.8-.1 252.1-.1H48C21.5 0 0 21.5 0 48v416c0 26.5 21.5 48 48 48h288c26.5 0 48-21.5 48-48V131.9c0-12.7-5.1-25-14.1-34zM332.1 128H256V51.9l76.1 76.1zM48 464V48h160v104c0 13.3 10.7 24 24 24h104v288H48zm250.2-143.7c-12.2-12-47-8.7-64.4-6.5-17.2-10.5-28.7-25-36.8-46.3 3.9-16.1 10.1-40.6 5.4-56-4.2-26.2-37.8-23.6-42.6-5.9-4.4 16.1-.4 38.5 7 67.1-10 23.9-24.9 56-35.4 74.4-20 10.3-47 26.2-51 46.2-3.3 15.8 26 55.2 76.1-31.2 22.4-7.4 46.8-16.5 68.4-20.1 18.9 10.2 41 17 55.8 17 25.5 0 28-28.2 17.5-38.7zm-198.1 77.8c5.1-13.7 24.5-29.5 30.4-35-19 30.3-30.4 35.7-30.4 35zm81.6-190.6c7.4 0 6.7 32.1 1.8 40.8-4.4-13.9-4.3-40.8-1.8-40.8zm-24.4 136.6c9.7-16.9 18-37 24.7-54.7 8.3 15.1 18.9 27.2 30.1 35.5-20.8 4.3-38.9 13.1-54.8 19.2zm131.6-5s-5 6-37.3-7.8c35.1-2.6 40.9 5.4 37.3 7.8z\"><\/path><\/svg><br \/>\n\t\t\t\t\t\tTEKN\u0130K DONANIM<br \/>\n\t\t\t\t\t<\/a><\/p>\n<h3>\n\tSWM Motors G03F: Yenilik ve Performans\u0131n Bulu\u015ftu\u011fu Yolculuk<br \/>\n\t\t<svg aria-hidden=\"true\" viewBox=\"0 0 448 512\" xmlns=\"http:\/\/www.w3.org\/2000\/svg\"><path d=\"M416 208H32c-17.67 0-32 14.33-32 32v32c0 17.67 14.33 32 32 32h384c17.67 0 32-14.33 32-32v-32c0-17.67-14.33-32-32-32z\"><\/path><\/svg><br \/>\n<\/h3>\n<p>SWM Motors, otomotiv end\u00fcstrisinde ad\u0131n\u0131 yenilik ve performansla duyuruyor. G03F modeli, markan\u0131n bu iddial\u0131 yakla\u015f\u0131m\u0131n\u0131n en iyi \u00f6rneklerinden biri olarak kar\u015f\u0131m\u0131za \u00e7\u0131k\u0131yor. \u0130\u015fte G03F&#8217;\u00fcn detayl\u0131 incelemesi:<\/p>\n<p>\ud83c\udf1f <strong>Modern Tasar\u0131m ve Estetik \u00c7izgiler:<\/strong> G03F, modern otomobil tasar\u0131m\u0131n\u0131n en g\u00fczel \u00f6rneklerinden birini sunuyor. Estetik \u00e7izgileri, ak\u0131c\u0131 hatlar\u0131 ve dikkat \u00e7ekici detaylar\u0131yla g\u00f6z dolduruyor. Hem \u015fehir i\u00e7inde hem de \u015fehir d\u0131\u015f\u0131nda her ortamda kendine g\u00fcvenle yerini al\u0131yor.<\/p>\n<p>\ud83d\udd0b <strong>G\u00fc\u00e7l\u00fc Motor ve Dinamik Performans:<\/strong> Arka taraf\u0131nda g\u00fc\u00e7l\u00fc bir motor bar\u0131nd\u0131ran G03F, y\u00fcksek performans\u0131yla s\u0131n\u0131f\u0131n\u0131n \u00f6ne \u00e7\u0131kan modellerinden biri olmay\u0131 ba\u015far\u0131yor. H\u0131zl\u0131 ivmelenme, dinamik s\u00fcr\u00fc\u015f \u00f6zellikleri ve etkileyici yak\u0131t ekonomisiyle dikkat \u00e7ekiyor.<\/p>\n<p>\ud83c\udf3f <strong>\u00c7evreci Yakla\u015f\u0131m ve D\u00fc\u015f\u00fck Emisyonlar:<\/strong> SWM Motors&#8217;un \u00e7evreye duyarl\u0131 teknolojisiyle donat\u0131lan G03F, d\u00fc\u015f\u00fck emisyon ve \u00e7evre dostu bir s\u00fcr\u00fc\u015f deneyimi sunuyor. \u00c7evreye sayg\u0131l\u0131 bir yakla\u015f\u0131mla tasarlanm\u0131\u015f olup, s\u00fcr\u00fc\u015f keyfini \u00e7evre bilinciyle birle\u015ftiriyor.<\/p>\n<figure><img decoding=\"async\" src=\"https:\/\/yukselenoto.com.tr\/swm\/wp-content\/uploads\/2024\/04\/1672909683871269-768x512.jpg\" alt=\"1672909683871269\" \/><\/figure>\n<figure><img decoding=\"async\" src=\"https:\/\/yukselenoto.com.tr\/swm\/wp-content\/uploads\/2024\/04\/1672909690123842-Large-768x512.jpg\" alt=\"1672909690123842 (Large)\" \/><\/figure>\n<figure><img decoding=\"async\" src=\"https:\/\/yukselenoto.com.tr\/swm\/wp-content\/uploads\/2024\/04\/1672909683373629-Large-768x512.jpg\" alt=\"1672909683373629 (Large)\" \/><\/figure>\n<figure><img decoding=\"async\" src=\"https:\/\/yukselenoto.com.tr\/swm\/wp-content\/uploads\/2024\/04\/1678349637433219-768x461.jpg\" alt=\"1678349637433219\" \/><\/figure>\n<figure><img decoding=\"async\" src=\"https:\/\/yukselenoto.com.tr\/swm\/wp-content\/uploads\/2024\/04\/1678349613544335-768x461.jpg\" alt=\"1678349613544335\" \/><\/figure>\n","protected":false},"excerpt":{"rendered":"<p>SWM Y\u00dcKSELEN OTOMOT\u0130V SWM G03F: G\u00dc\u00c7L\u00dc PERFORMANS SWM Motors&#8217;un \u00fcst\u00fcn kalite ve yenilik\u00e7i tasar\u0131m anlay\u0131\u015f\u0131, G03F modeliyle bir kez daha zirveye \u00e7\u0131k\u0131yor. Hem \u015fehir i\u00e7i hem de \u015fehirleraras\u0131 kullan\u0131m i\u00e7in ideal olan bu ara\u00e7, s\u00fcr\u00fcc\u00fclere e\u015fsiz bir s\u00fcr\u00fc\u015f deneyimi sunuyor. 7 KOLTUK 1.499 cc S\u0130L\u0130ND\u0130R HACM\u0130 152 \/ 4000 TORK G01 Renk Se\u00e7eneklerine G\u00f6zat\u0131n! Yeni&hellip;<\/p>\n","protected":false},"author":1,"featured_media":0,"parent":0,"menu_order":0,"comment_status":"closed","ping_status":"closed","template":"elementor_header_footer","meta":{"footnotes":""},"class_list":["post-515","page","type-page","status-publish","hentry","description-off"],"_links":{"self":[{"href":"https:\/\/yukselenoto.com.tr\/swm\/wp-json\/wp\/v2\/pages\/515","targetHints":{"allow":["GET"]}}],"collection":[{"href":"https:\/\/yukselenoto.com.tr\/swm\/wp-json\/wp\/v2\/pages"}],"about":[{"href":"https:\/\/yukselenoto.com.tr\/swm\/wp-json\/wp\/v2\/types\/page"}],"author":[{"embeddable":true,"href":"https:\/\/yukselenoto.com.tr\/swm\/wp-json\/wp\/v2\/users\/1"}],"replies":[{"embeddable":true,"href":"https:\/\/yukselenoto.com.tr\/swm\/wp-json\/wp\/v2\/comments?post=515"}],"version-history":[{"count":0,"href":"https:\/\/yukselenoto.com.tr\/swm\/wp-json\/wp\/v2\/pages\/515\/revisions"}],"wp:attachment":[{"href":"https:\/\/yukselenoto.com.tr\/swm\/wp-json\/wp\/v2\/media?parent=515"}],"curies":[{"name":"wp","href":"https:\/\/api.w.org\/{rel}","templated":true}]}}