{"id":103,"date":"2024-11-29T09:11:25","date_gmt":"2024-11-29T09:11:25","guid":{"rendered":"http:\/\/yukselenoto.com.tr\/tenax\/?page_id=103"},"modified":"2026-04-27T12:19:59","modified_gmt":"2026-04-27T12:19:59","slug":"anasayfa","status":"publish","type":"page","link":"https:\/\/yukselenoto.com.tr\/tenax\/","title":{"rendered":"Anasayfa"},"content":{"rendered":"\t\t<div data-elementor-type=\"wp-page\" data-elementor-id=\"103\" class=\"elementor elementor-103\" data-elementor-post-type=\"page\">\n\t\t\t\t<div class=\"elementor-element elementor-element-df8e996 e-flex e-con-boxed e-con e-parent\" data-id=\"df8e996\" data-element_type=\"container\" data-settings=\"{&quot;background_background&quot;:&quot;classic&quot;}\">\n\t\t\t\t\t<div class=\"e-con-inner\">\n\t\t\t\t<div class=\"elementor-element elementor-element-e1db988 elementor-widget elementor-widget-heading\" data-id=\"e1db988\" data-element_type=\"widget\" data-widget_type=\"heading.default\">\n\t\t\t\t<div class=\"elementor-widget-container\">\n\t\t\t\t\t<h2 class=\"elementor-heading-title elementor-size-default\">1.239.000 TL Nakit F\u0131rsat\u0131yla Yerli \u00dcretim TENAX Sizi Bekliyor!<\/h2>\t\t\t\t<\/div>\n\t\t\t\t<\/div>\n\t\t\t\t<div class=\"elementor-element elementor-element-32a63c7 elementor-widget elementor-widget-text-editor\" data-id=\"32a63c7\" data-element_type=\"widget\" data-widget_type=\"text-editor.default\">\n\t\t\t\t<div class=\"elementor-widget-container\">\n\t\t\t\t\t\t\t\t\t<p>Yerli \u00fcretim ayr\u0131cal\u0131\u011f\u0131n\u0131 ve kalitesini i\u015finize ta\u015f\u0131y\u0131n. \u0130htiyac\u0131n\u0131za uygun TENAX modeli, 1.180.000 TL nakit \u00f6zel fiyat\u0131yla Y\u00fckselen Oto Yenibosna&#8217;da haz\u0131r. Sat\u0131\u015f sonras\u0131 38 servis noktas\u0131 ile yolda kalmazs\u0131n\u0131z. Detayl\u0131 bilgi ve ileti\u015fim i\u00e7in t\u0131klay\u0131n.<\/p>\t\t\t\t\t\t\t\t<\/div>\n\t\t\t\t<\/div>\n\t\t\t\t<div class=\"elementor-element elementor-element-d8b612a elementor-widget elementor-widget-qi_addons_for_elementor_button\" data-id=\"d8b612a\" data-element_type=\"widget\" data-widget_type=\"qi_addons_for_elementor_button.default\">\n\t\t\t\t<div class=\"elementor-widget-container\">\n\t\t\t\t\t<a class=\"qodef-shortcode qodef-m qodef-qi-button qodef-html--link qodef-layout--filled qodef-type--standard qodef-size--small qodef-icon--right qodef-hover--icon-move-horizontal-short\" href=\"https:\/\/yukselenoto.com.tr\/tenax\/index.php\/iletisim\/\" target=\"_self\">\n\t<span class=\"qodef-m-text\">\u0130leti\u015fim<\/span>\n\t<\/a>\n\t\t\t\t<\/div>\n\t\t\t\t<\/div>\n\t\t\t\t\t<\/div>\n\t\t\t\t<\/div>\n\t\t<div class=\"elementor-element elementor-element-2ba67f5 e-flex e-con-boxed e-con e-parent\" data-id=\"2ba67f5\" data-element_type=\"container\">\n\t\t\t\t\t<div class=\"e-con-inner\">\n\t\t<div class=\"elementor-element elementor-element-d42ff26 e-con-full e-flex e-con e-child\" data-id=\"d42ff26\" data-element_type=\"container\">\n\t\t\t\t<div class=\"elementor-element elementor-element-80ffbef elementor-widget elementor-widget-image\" data-id=\"80ffbef\" data-element_type=\"widget\" data-widget_type=\"image.default\">\n\t\t\t\t<div class=\"elementor-widget-container\">\n\t\t\t\t\t\t\t\t\t\t\t\t\t\t\t<img fetchpriority=\"high\" decoding=\"async\" width=\"800\" height=\"670\" src=\"https:\/\/yukselenoto.com.tr\/tenax\/wp-content\/uploads\/2024\/11\/Tenax-Magaza.jpg\" class=\"attachment-large size-large wp-image-78\" alt=\"\" srcset=\"https:\/\/yukselenoto.com.tr\/tenax\/wp-content\/uploads\/2024\/11\/Tenax-Magaza.jpg 836w, https:\/\/yukselenoto.com.tr\/tenax\/wp-content\/uploads\/2024\/11\/Tenax-Magaza-300x251.jpg 300w, https:\/\/yukselenoto.com.tr\/tenax\/wp-content\/uploads\/2024\/11\/Tenax-Magaza-768x643.jpg 768w\" sizes=\"(max-width: 800px) 100vw, 800px\" \/>\t\t\t\t\t\t\t\t\t\t\t\t\t\t\t<\/div>\n\t\t\t\t<\/div>\n\t\t\t\t<\/div>\n\t\t<div class=\"elementor-element elementor-element-8a5ff1b e-con-full e-flex e-con e-child\" data-id=\"8a5ff1b\" data-element_type=\"container\">\n\t\t\t\t<div class=\"elementor-element elementor-element-8f45630 elementor-widget elementor-widget-heading\" data-id=\"8f45630\" data-element_type=\"widget\" data-widget_type=\"heading.default\">\n\t\t\t\t<div class=\"elementor-widget-container\">\n\t\t\t\t\t<h2 class=\"elementor-heading-title elementor-size-default\">Hakk\u0131m\u0131zda<\/h2>\t\t\t\t<\/div>\n\t\t\t\t<\/div>\n\t\t\t\t<div class=\"elementor-element elementor-element-1d07443 elementor-widget elementor-widget-text-editor\" data-id=\"1d07443\" data-element_type=\"widget\" data-widget_type=\"text-editor.default\">\n\t\t\t\t<div class=\"elementor-widget-container\">\n\t\t\t\t\t\t\t\t\t<p>Y\u00fckselen Otomotiv olarak, otomotiv sekt\u00f6r\u00fcnde m\u00fc\u015fteri memnuniyetini esas alan bir hizmet anlay\u0131\u015f\u0131yla faaliyet g\u00f6stermekteyiz. Tenax ara\u00e7lar\u0131n\u0131n yetkili bayisi olarak, bireysel ve ticari m\u00fc\u015fterilerimizin ihtiya\u00e7lar\u0131n\u0131 kar\u015f\u0131lamak i\u00e7in yenilik\u00e7i \u00e7\u00f6z\u00fcmler sunuyoruz. Kaliteyi, g\u00fcveni ve modern teknolojiyi bir araya getirerek sekt\u00f6rde fark yaratmay\u0131 hedefliyoruz.<\/p>\t\t\t\t\t\t\t\t<\/div>\n\t\t\t\t<\/div>\n\t\t\t\t<div class=\"elementor-element elementor-element-e618bce elementor-widget elementor-widget-qi_addons_for_elementor_progress_bar_horizontal\" data-id=\"e618bce\" data-element_type=\"widget\" data-widget_type=\"qi_addons_for_elementor_progress_bar_horizontal.default\">\n\t\t\t\t<div class=\"elementor-widget-container\">\n\t\t\t\t\t<div class=\"qodef-shortcode qodef-m qodef-qi-progress-bar-horizontal qodef-percentage--floating-above\" data-active-line-color=\"#1e1e1e\" data-active-line-width=\"4\" data-inactive-line-color=\"#ececec\" data-inactive-line-width=\"4\"  data-number=\"100\" data-percentage-type=\"floating-above\" data-gradient-fill=\"no\" data-rand-id=\"229742130\" data-gradient-start=\"#D9E7FA\" data-gradient-end=\"#FCC4AF\" data-text-color=\"#1e1e1e\" >\n\t<div class=\"qodef-m-inner\">\n\t\t<div class=\"qodef-m-content\">\n\t\t\t\t\t\t\t<h5 class=\"qodef-m-title\">\n\t\t\t\t\tKalite\t\t\t\t<\/h5>\n\t\t\t\t\t\t<div class=\"qodef-m-value\">\n\t\t\t\t<div class=\"qodef-m-value-inner\"><\/div>\n\t\t\t<\/div>\n\t\t<\/div>\n\t\t<div class=\"qodef-m-canvas\"><\/div>\n\t<\/div>\n<\/div>\n\t\t\t\t<\/div>\n\t\t\t\t<\/div>\n\t\t\t\t<div class=\"elementor-element elementor-element-35018f9 elementor-widget elementor-widget-qi_addons_for_elementor_progress_bar_horizontal\" data-id=\"35018f9\" data-element_type=\"widget\" data-widget_type=\"qi_addons_for_elementor_progress_bar_horizontal.default\">\n\t\t\t\t<div class=\"elementor-widget-container\">\n\t\t\t\t\t<div class=\"qodef-shortcode qodef-m qodef-qi-progress-bar-horizontal qodef-percentage--floating-above\" data-active-line-color=\"#1e1e1e\" data-active-line-width=\"4\" data-inactive-line-color=\"#ececec\" data-inactive-line-width=\"4\"  data-number=\"100\" data-percentage-type=\"floating-above\" data-gradient-fill=\"no\" data-rand-id=\"118803978\" data-gradient-start=\"#D9E7FA\" data-gradient-end=\"#FCC4AF\" data-text-color=\"#1e1e1e\" >\n\t<div class=\"qodef-m-inner\">\n\t\t<div class=\"qodef-m-content\">\n\t\t\t\t\t\t\t<h5 class=\"qodef-m-title\">\n\t\t\t\t\tG\u00fcven\t\t\t\t<\/h5>\n\t\t\t\t\t\t<div class=\"qodef-m-value\">\n\t\t\t\t<div class=\"qodef-m-value-inner\"><\/div>\n\t\t\t<\/div>\n\t\t<\/div>\n\t\t<div class=\"qodef-m-canvas\"><\/div>\n\t<\/div>\n<\/div>\n\t\t\t\t<\/div>\n\t\t\t\t<\/div>\n\t\t\t\t<div class=\"elementor-element elementor-element-ff1fce5 elementor-widget elementor-widget-qi_addons_for_elementor_progress_bar_horizontal\" data-id=\"ff1fce5\" data-element_type=\"widget\" data-widget_type=\"qi_addons_for_elementor_progress_bar_horizontal.default\">\n\t\t\t\t<div class=\"elementor-widget-container\">\n\t\t\t\t\t<div class=\"qodef-shortcode qodef-m qodef-qi-progress-bar-horizontal qodef-percentage--floating-above\" data-active-line-color=\"#1e1e1e\" data-active-line-width=\"4\" data-inactive-line-color=\"#ececec\" data-inactive-line-width=\"4\"  data-number=\"100\" data-percentage-type=\"floating-above\" data-gradient-fill=\"no\" data-rand-id=\"886958965\" data-gradient-start=\"#D9E7FA\" data-gradient-end=\"#FCC4AF\" data-text-color=\"#1e1e1e\" >\n\t<div class=\"qodef-m-inner\">\n\t\t<div class=\"qodef-m-content\">\n\t\t\t\t\t\t\t<h5 class=\"qodef-m-title\">\n\t\t\t\t\t\u0130novasyon\t\t\t\t<\/h5>\n\t\t\t\t\t\t<div class=\"qodef-m-value\">\n\t\t\t\t<div class=\"qodef-m-value-inner\"><\/div>\n\t\t\t<\/div>\n\t\t<\/div>\n\t\t<div class=\"qodef-m-canvas\"><\/div>\n\t<\/div>\n<\/div>\n\t\t\t\t<\/div>\n\t\t\t\t<\/div>\n\t\t\t\t<\/div>\n\t\t\t\t\t<\/div>\n\t\t\t\t<\/div>\n\t\t<div class=\"elementor-element elementor-element-54a06a7 e-flex e-con-boxed e-con e-parent\" data-id=\"54a06a7\" data-element_type=\"container\" data-settings=\"{&quot;background_background&quot;:&quot;classic&quot;}\">\n\t\t\t\t\t<div class=\"e-con-inner\">\n\t\t<div class=\"elementor-element elementor-element-eab53fd e-con-full e-flex e-con e-child\" data-id=\"eab53fd\" data-element_type=\"container\">\n\t\t\t\t<div class=\"elementor-element elementor-element-55200dd elementor-widget elementor-widget-qi_addons_for_elementor_counter\" data-id=\"55200dd\" data-element_type=\"widget\" data-widget_type=\"qi_addons_for_elementor_counter.default\">\n\t\t\t\t<div class=\"elementor-widget-container\">\n\t\t\t\t\t<div class=\"qodef-shortcode qodef-m qodef-qi-counter qodef-layout--simple\" data-end-digit=\"29\" data-digit-label=\"+\">\n\t<div class=\"qodef-m-digit-wrapper\">\n\t\t<div class=\"qodef-m-digit\"><\/div>\n\t<\/div>\n\t\t<div class=\"qodef-m-content\">\n\t\t\t<h5 class=\"qodef-m-title\">\n\t\tSenelik Tecr\u00fcbe\t<\/h5>\n\t\t\t<\/div>\n<\/div>\n\t\t\t\t<\/div>\n\t\t\t\t<\/div>\n\t\t\t\t<\/div>\n\t\t<div class=\"elementor-element elementor-element-f83efe8 e-con-full e-flex e-con e-child\" data-id=\"f83efe8\" data-element_type=\"container\">\n\t\t\t\t<div class=\"elementor-element elementor-element-b3bc543 elementor-widget elementor-widget-qi_addons_for_elementor_counter\" data-id=\"b3bc543\" data-element_type=\"widget\" data-widget_type=\"qi_addons_for_elementor_counter.default\">\n\t\t\t\t<div class=\"elementor-widget-container\">\n\t\t\t\t\t<div class=\"qodef-shortcode qodef-m qodef-qi-counter qodef-layout--simple\" data-end-digit=\"100\" data-digit-label=\"%\">\n\t<div class=\"qodef-m-digit-wrapper\">\n\t\t<div class=\"qodef-m-digit\"><\/div>\n\t<\/div>\n\t\t<div class=\"qodef-m-content\">\n\t\t\t<h5 class=\"qodef-m-title\">\n\t\tM\u00fc\u015fteri Memnuniyeti\t<\/h5>\n\t\t\t<\/div>\n<\/div>\n\t\t\t\t<\/div>\n\t\t\t\t<\/div>\n\t\t\t\t<\/div>\n\t\t<div class=\"elementor-element elementor-element-174cf0b e-con-full e-flex e-con e-child\" data-id=\"174cf0b\" data-element_type=\"container\">\n\t\t\t\t<div class=\"elementor-element elementor-element-e47b988 elementor-widget elementor-widget-qi_addons_for_elementor_counter\" data-id=\"e47b988\" data-element_type=\"widget\" data-widget_type=\"qi_addons_for_elementor_counter.default\">\n\t\t\t\t<div class=\"elementor-widget-container\">\n\t\t\t\t\t<div class=\"qodef-shortcode qodef-m qodef-qi-counter qodef-layout--simple\" data-end-digit=\"2512\" data-digit-label=\"+\">\n\t<div class=\"qodef-m-digit-wrapper\">\n\t\t<div class=\"qodef-m-digit\"><\/div>\n\t<\/div>\n\t\t<div class=\"qodef-m-content\">\n\t\t\t<h5 class=\"qodef-m-title\">\n\t\tMutlu M\u00fc\u015fteri\t<\/h5>\n\t\t\t<\/div>\n<\/div>\n\t\t\t\t<\/div>\n\t\t\t\t<\/div>\n\t\t\t\t<\/div>\n\t\t\t\t\t<\/div>\n\t\t\t\t<\/div>\n\t\t<div class=\"elementor-element elementor-element-3a89d59 e-flex e-con-boxed e-con e-parent\" data-id=\"3a89d59\" data-element_type=\"container\">\n\t\t\t\t\t<div class=\"e-con-inner\">\n\t\t\t\t<div class=\"elementor-element elementor-element-9b90f72 elementor-widget elementor-widget-heading\" data-id=\"9b90f72\" data-element_type=\"widget\" data-widget_type=\"heading.default\">\n\t\t\t\t<div class=\"elementor-widget-container\">\n\t\t\t\t\t<h2 class=\"elementor-heading-title elementor-size-default\">Modellerimiz<\/h2>\t\t\t\t<\/div>\n\t\t\t\t<\/div>\n\t\t\t\t\t<\/div>\n\t\t\t\t<\/div>\n\t\t<div class=\"elementor-element elementor-element-9ed6ff0 e-flex e-con-boxed e-con e-parent\" data-id=\"9ed6ff0\" data-element_type=\"container\">\n\t\t\t\t\t<div class=\"e-con-inner\">\n\t\t<div class=\"elementor-element elementor-element-262d888 e-con-full e-flex e-con e-child\" data-id=\"262d888\" data-element_type=\"container\">\n\t\t\t\t<div class=\"elementor-element elementor-element-8658201 elementor-widget elementor-widget-image\" data-id=\"8658201\" data-element_type=\"widget\" data-widget_type=\"image.default\">\n\t\t\t\t<div class=\"elementor-widget-container\">\n\t\t\t\t\t\t\t\t\t\t\t\t\t\t\t<img decoding=\"async\" width=\"768\" height=\"520\" src=\"https:\/\/yukselenoto.com.tr\/tenax\/wp-content\/uploads\/2024\/11\/C35-Tek-Kabin-Uzun-Sase-Ticari-Arac-768x520-1.png\" class=\"attachment-large size-large wp-image-33\" alt=\"\" srcset=\"https:\/\/yukselenoto.com.tr\/tenax\/wp-content\/uploads\/2024\/11\/C35-Tek-Kabin-Uzun-Sase-Ticari-Arac-768x520-1.png 768w, https:\/\/yukselenoto.com.tr\/tenax\/wp-content\/uploads\/2024\/11\/C35-Tek-Kabin-Uzun-Sase-Ticari-Arac-768x520-1-300x203.png 300w\" sizes=\"(max-width: 768px) 100vw, 768px\" \/>\t\t\t\t\t\t\t\t\t\t\t\t\t\t\t<\/div>\n\t\t\t\t<\/div>\n\t\t\t\t<div class=\"elementor-element elementor-element-ff67775 elementor-widget elementor-widget-heading\" data-id=\"ff67775\" data-element_type=\"widget\" data-widget_type=\"heading.default\">\n\t\t\t\t<div class=\"elementor-widget-container\">\n\t\t\t\t\t<h2 class=\"elementor-heading-title elementor-size-default\">C35 Tek Kabin<\/h2>\t\t\t\t<\/div>\n\t\t\t\t<\/div>\n\t\t\t\t<div class=\"elementor-element elementor-element-d138e86 elementor-widget elementor-widget-text-editor\" data-id=\"d138e86\" data-element_type=\"widget\" data-widget_type=\"text-editor.default\">\n\t\t\t\t<div class=\"elementor-widget-container\">\n\t\t\t\t\t\t\t\t\t<p>Y\u00fckselen Otomotiv olarak, Tenax C35 hem bireysel hem de ticari ihtiya\u00e7lar\u0131n\u0131za \u00fcst d\u00fczey \u00e7\u00f6z\u00fcmler sunuyoruz.<\/p>\t\t\t\t\t\t\t\t<\/div>\n\t\t\t\t<\/div>\n\t\t<div class=\"elementor-element elementor-element-02679e4 e-con-full e-flex e-con e-child\" data-id=\"02679e4\" data-element_type=\"container\">\n\t\t\t\t<div class=\"elementor-element elementor-element-a40848c elementor-widget elementor-widget-qi_addons_for_elementor_button\" data-id=\"a40848c\" data-element_type=\"widget\" data-widget_type=\"qi_addons_for_elementor_button.default\">\n\t\t\t\t<div class=\"elementor-widget-container\">\n\t\t\t\t\t<a class=\"qodef-shortcode qodef-m qodef-qi-button qodef-html--link qodef-layout--filled qodef-type--standard qodef-size--small qodef-icon--left qodef-hover--icon-move-horizontal-short\" href=\"https:\/\/yukselenoto.com.tr\/tenax\/index.php\/c35-tek-kabin-uzun-sasi\/\" target=\"_self\">\n\t<span class=\"qodef-m-text\">Detaylar<\/span>\n\t<\/a>\n\t\t\t\t<\/div>\n\t\t\t\t<\/div>\n\t\t\t\t<div class=\"elementor-element elementor-element-f743491 elementor-widget elementor-widget-qi_addons_for_elementor_button\" data-id=\"f743491\" data-element_type=\"widget\" data-widget_type=\"qi_addons_for_elementor_button.default\">\n\t\t\t\t<div class=\"elementor-widget-container\">\n\t\t\t\t\t<a class=\"qodef-shortcode qodef-m qodef-qi-button qodef-html--link qodef-layout--filled qodef-type--standard qodef-size--small qodef-icon--left qodef-hover--icon-move-horizontal-short\" href=\"https:\/\/yukselenoto.com.tr\/tenax\/index.php\/iletisim\/\" target=\"_self\">\n\t<span class=\"qodef-m-text\">Test S\u00fcr\u00fc\u015f\u00fc<\/span>\n\t<\/a>\n\t\t\t\t<\/div>\n\t\t\t\t<\/div>\n\t\t\t\t<\/div>\n\t\t\t\t<\/div>\n\t\t<div class=\"elementor-element elementor-element-a7028e3 e-con-full e-flex e-con e-child\" data-id=\"a7028e3\" data-element_type=\"container\">\n\t\t\t\t<div class=\"elementor-element elementor-element-1be3a98 elementor-widget elementor-widget-image\" data-id=\"1be3a98\" data-element_type=\"widget\" data-widget_type=\"image.default\">\n\t\t\t\t<div class=\"elementor-widget-container\">\n\t\t\t\t\t\t\t\t\t\t\t\t\t\t\t<img decoding=\"async\" width=\"768\" height=\"520\" src=\"https:\/\/yukselenoto.com.tr\/tenax\/wp-content\/uploads\/2024\/11\/Tenax-C35D-Cift-Kabin-Uzun-Sase-Kamyonet-768x520-1.png\" class=\"attachment-large size-large wp-image-60\" alt=\"\" srcset=\"https:\/\/yukselenoto.com.tr\/tenax\/wp-content\/uploads\/2024\/11\/Tenax-C35D-Cift-Kabin-Uzun-Sase-Kamyonet-768x520-1.png 768w, https:\/\/yukselenoto.com.tr\/tenax\/wp-content\/uploads\/2024\/11\/Tenax-C35D-Cift-Kabin-Uzun-Sase-Kamyonet-768x520-1-300x203.png 300w\" sizes=\"(max-width: 768px) 100vw, 768px\" \/>\t\t\t\t\t\t\t\t\t\t\t\t\t\t\t<\/div>\n\t\t\t\t<\/div>\n\t\t\t\t<div class=\"elementor-element elementor-element-668a41b elementor-widget elementor-widget-heading\" data-id=\"668a41b\" data-element_type=\"widget\" data-widget_type=\"heading.default\">\n\t\t\t\t<div class=\"elementor-widget-container\">\n\t\t\t\t\t<h2 class=\"elementor-heading-title elementor-size-default\">C35D \u00c7\u0130ft Kabin<\/h2>\t\t\t\t<\/div>\n\t\t\t\t<\/div>\n\t\t\t\t<div class=\"elementor-element elementor-element-a5afcd0 elementor-widget elementor-widget-text-editor\" data-id=\"a5afcd0\" data-element_type=\"widget\" data-widget_type=\"text-editor.default\">\n\t\t\t\t<div class=\"elementor-widget-container\">\n\t\t\t\t\t\t\t\t\t<p>Y\u00fckselen Otomotiv olarak, Tenax C35D hem bireysel hem de ticari ihtiya\u00e7lar\u0131n\u0131za \u00fcst d\u00fczey \u00e7\u00f6z\u00fcmler sunuyoruz.<\/p>\t\t\t\t\t\t\t\t<\/div>\n\t\t\t\t<\/div>\n\t\t<div class=\"elementor-element elementor-element-655ba31 e-con-full e-flex e-con e-child\" data-id=\"655ba31\" data-element_type=\"container\">\n\t\t\t\t<div class=\"elementor-element elementor-element-d504ff8 elementor-widget elementor-widget-qi_addons_for_elementor_button\" data-id=\"d504ff8\" data-element_type=\"widget\" data-widget_type=\"qi_addons_for_elementor_button.default\">\n\t\t\t\t<div class=\"elementor-widget-container\">\n\t\t\t\t\t<a class=\"qodef-shortcode qodef-m qodef-qi-button qodef-html--link qodef-layout--filled qodef-type--standard qodef-size--small qodef-icon--left qodef-hover--icon-move-horizontal-short\" href=\"https:\/\/yukselenoto.com.tr\/tenax\/index.php\/c35d-cift-kabin\/\" target=\"_self\">\n\t<span class=\"qodef-m-text\">Detaylar<\/span>\n\t<\/a>\n\t\t\t\t<\/div>\n\t\t\t\t<\/div>\n\t\t\t\t<div class=\"elementor-element elementor-element-930bd44 elementor-widget elementor-widget-qi_addons_for_elementor_button\" data-id=\"930bd44\" data-element_type=\"widget\" data-widget_type=\"qi_addons_for_elementor_button.default\">\n\t\t\t\t<div class=\"elementor-widget-container\">\n\t\t\t\t\t<a class=\"qodef-shortcode qodef-m qodef-qi-button qodef-html--link qodef-layout--filled qodef-type--standard qodef-size--small qodef-icon--left qodef-hover--icon-move-horizontal-short\" href=\"https:\/\/yukselenoto.com.tr\/tenax\/index.php\/iletisim\/\" target=\"_self\">\n\t<span class=\"qodef-m-text\">Test S\u00fcr\u00fc\u015f\u00fc<\/span>\n\t<\/a>\n\t\t\t\t<\/div>\n\t\t\t\t<\/div>\n\t\t\t\t<\/div>\n\t\t\t\t<\/div>\n\t\t<div class=\"elementor-element elementor-element-99f7d00 e-con-full e-flex e-con e-child\" data-id=\"99f7d00\" data-element_type=\"container\">\n\t\t\t\t<div class=\"elementor-element elementor-element-8f53051 elementor-widget elementor-widget-image\" data-id=\"8f53051\" data-element_type=\"widget\" data-widget_type=\"image.default\">\n\t\t\t\t<div class=\"elementor-widget-container\">\n\t\t\t\t\t\t\t\t\t\t\t\t\t\t\t<img loading=\"lazy\" decoding=\"async\" width=\"768\" height=\"520\" src=\"https:\/\/yukselenoto.com.tr\/tenax\/wp-content\/uploads\/2024\/11\/V35-Panelvan-768x520-1.jpg\" class=\"attachment-large size-large wp-image-69\" alt=\"\" srcset=\"https:\/\/yukselenoto.com.tr\/tenax\/wp-content\/uploads\/2024\/11\/V35-Panelvan-768x520-1.jpg 768w, https:\/\/yukselenoto.com.tr\/tenax\/wp-content\/uploads\/2024\/11\/V35-Panelvan-768x520-1-300x203.jpg 300w\" sizes=\"(max-width: 768px) 100vw, 768px\" \/>\t\t\t\t\t\t\t\t\t\t\t\t\t\t\t<\/div>\n\t\t\t\t<\/div>\n\t\t\t\t<div class=\"elementor-element elementor-element-4725fe5 elementor-widget elementor-widget-heading\" data-id=\"4725fe5\" data-element_type=\"widget\" data-widget_type=\"heading.default\">\n\t\t\t\t<div class=\"elementor-widget-container\">\n\t\t\t\t\t<h2 class=\"elementor-heading-title elementor-size-default\">V35 Panelvan<\/h2>\t\t\t\t<\/div>\n\t\t\t\t<\/div>\n\t\t\t\t<div class=\"elementor-element elementor-element-9b9f2e2 elementor-widget elementor-widget-text-editor\" data-id=\"9b9f2e2\" data-element_type=\"widget\" data-widget_type=\"text-editor.default\">\n\t\t\t\t<div class=\"elementor-widget-container\">\n\t\t\t\t\t\t\t\t\t<p>Tenax V35 Panelvan, i\u015f d\u00fcnyas\u0131nda verimlilik ve g\u00fcvenlik arayanlar i\u00e7in ideal bir \u00e7\u00f6z\u00fcm sunuyor.<\/p>\t\t\t\t\t\t\t\t<\/div>\n\t\t\t\t<\/div>\n\t\t<div class=\"elementor-element elementor-element-dc4f644 e-con-full e-flex e-con e-child\" data-id=\"dc4f644\" data-element_type=\"container\">\n\t\t\t\t<div class=\"elementor-element elementor-element-bf136a1 elementor-widget elementor-widget-qi_addons_for_elementor_button\" data-id=\"bf136a1\" data-element_type=\"widget\" data-widget_type=\"qi_addons_for_elementor_button.default\">\n\t\t\t\t<div class=\"elementor-widget-container\">\n\t\t\t\t\t<a class=\"qodef-shortcode qodef-m qodef-qi-button qodef-html--link qodef-layout--filled qodef-type--standard qodef-size--small qodef-icon--left qodef-hover--icon-move-horizontal-short\" href=\"https:\/\/yukselenoto.com.tr\/tenax\/index.php\/v35-panelvan\/\" target=\"_self\">\n\t<span class=\"qodef-m-text\">Detaylar<\/span>\n\t<\/a>\n\t\t\t\t<\/div>\n\t\t\t\t<\/div>\n\t\t\t\t<div class=\"elementor-element elementor-element-fcadbd3 elementor-widget elementor-widget-qi_addons_for_elementor_button\" data-id=\"fcadbd3\" data-element_type=\"widget\" data-widget_type=\"qi_addons_for_elementor_button.default\">\n\t\t\t\t<div class=\"elementor-widget-container\">\n\t\t\t\t\t<a class=\"qodef-shortcode qodef-m qodef-qi-button qodef-html--link qodef-layout--filled qodef-type--standard qodef-size--small qodef-icon--left qodef-hover--icon-move-horizontal-short\" href=\"https:\/\/yukselenoto.com.tr\/tenax\/index.php\/iletisim\/\" target=\"_self\">\n\t<span class=\"qodef-m-text\">Test S\u00fcr\u00fc\u015f\u00fc<\/span>\n\t<\/a>\n\t\t\t\t<\/div>\n\t\t\t\t<\/div>\n\t\t\t\t<\/div>\n\t\t\t\t<\/div>\n\t\t\t\t\t<\/div>\n\t\t\t\t<\/div>\n\t\t<div class=\"elementor-element elementor-element-dfb2b05 e-flex e-con-boxed e-con e-parent\" data-id=\"dfb2b05\" data-element_type=\"container\" data-settings=\"{&quot;background_background&quot;:&quot;classic&quot;}\">\n\t\t\t\t\t<div class=\"e-con-inner\">\n\t\t\t\t<div class=\"elementor-element elementor-element-c510834 elementor-widget elementor-widget-heading\" data-id=\"c510834\" data-element_type=\"widget\" data-widget_type=\"heading.default\">\n\t\t\t\t<div class=\"elementor-widget-container\">\n\t\t\t\t\t<h2 class=\"elementor-heading-title elementor-size-default\">Bizimle \u0130leti\u015fime Ge\u00e7in!<\/h2>\t\t\t\t<\/div>\n\t\t\t\t<\/div>\n\t\t\t\t<div class=\"elementor-element elementor-element-be64f94 elementor-widget elementor-widget-text-editor\" data-id=\"be64f94\" data-element_type=\"widget\" data-widget_type=\"text-editor.default\">\n\t\t\t\t<div class=\"elementor-widget-container\">\n\t\t\t\t\t\t\t\t\t<p>Ara\u00e7lar ile ilgili daha fazla bilgi i\u00e7in bize ula\u015fabilirsiniz.<\/p>\t\t\t\t\t\t\t\t<\/div>\n\t\t\t\t<\/div>\n\t\t\t\t<div class=\"elementor-element elementor-element-22fefcb elementor-widget elementor-widget-qi_addons_for_elementor_button\" data-id=\"22fefcb\" data-element_type=\"widget\" data-widget_type=\"qi_addons_for_elementor_button.default\">\n\t\t\t\t<div class=\"elementor-widget-container\">\n\t\t\t\t\t<a class=\"qodef-shortcode qodef-m qodef-qi-button qodef-html--link qodef-layout--filled qodef-type--standard qodef-size--small qodef-icon--right qodef-hover--icon-move-horizontal-short\" href=\"https:\/\/yukselenoto.com.tr\/tenax\/index.php\/iletisim\/\" target=\"_self\">\n\t<span class=\"qodef-m-text\">\u0130leti\u015fim<\/span>\n\t<\/a>\n\t\t\t\t<\/div>\n\t\t\t\t<\/div>\n\t\t\t\t\t<\/div>\n\t\t\t\t<\/div>\n\t\t\t\t<\/div>\n\t\t","protected":false},"excerpt":{"rendered":"<p>1.239.000 TL Nakit F\u0131rsat\u0131yla Yerli \u00dcretim TENAX Sizi Bekliyor! Yerli \u00fcretim ayr\u0131cal\u0131\u011f\u0131n\u0131 ve kalitesini i\u015finize ta\u015f\u0131y\u0131n. \u0130htiyac\u0131n\u0131za uygun TENAX modeli, 1.180.000 TL nakit \u00f6zel fiyat\u0131yla Y\u00fckselen Oto Yenibosna&#8217;da haz\u0131r. Sat\u0131\u015f sonras\u0131 38 servis noktas\u0131 ile yolda kalmazs\u0131n\u0131z. Detayl\u0131 bilgi ve ileti\u015fim i\u00e7in t\u0131klay\u0131n. \u0130leti\u015fim Hakk\u0131m\u0131zda Y\u00fckselen Otomotiv olarak, otomotiv sekt\u00f6r\u00fcnde m\u00fc\u015fteri memnuniyetini esas alan bir [&hellip;]<\/p>\n","protected":false},"author":1,"featured_media":0,"parent":0,"menu_order":0,"comment_status":"closed","ping_status":"closed","template":"elementor_header_footer","meta":{"footnotes":""},"class_list":["post-103","page","type-page","status-publish","hentry"],"_links":{"self":[{"href":"https:\/\/yukselenoto.com.tr\/tenax\/wp-json\/wp\/v2\/pages\/103","targetHints":{"allow":["GET"]}}],"collection":[{"href":"https:\/\/yukselenoto.com.tr\/tenax\/wp-json\/wp\/v2\/pages"}],"about":[{"href":"https:\/\/yukselenoto.com.tr\/tenax\/wp-json\/wp\/v2\/types\/page"}],"author":[{"embeddable":true,"href":"https:\/\/yukselenoto.com.tr\/tenax\/wp-json\/wp\/v2\/users\/1"}],"replies":[{"embeddable":true,"href":"https:\/\/yukselenoto.com.tr\/tenax\/wp-json\/wp\/v2\/comments?post=103"}],"version-history":[{"count":28,"href":"https:\/\/yukselenoto.com.tr\/tenax\/wp-json\/wp\/v2\/pages\/103\/revisions"}],"predecessor-version":[{"id":209,"href":"https:\/\/yukselenoto.com.tr\/tenax\/wp-json\/wp\/v2\/pages\/103\/revisions\/209"}],"wp:attachment":[{"href":"https:\/\/yukselenoto.com.tr\/tenax\/wp-json\/wp\/v2\/media?parent=103"}],"curies":[{"name":"wp","href":"https:\/\/api.w.org\/{rel}","templated":true}]}}