{"id":19,"date":"2024-11-28T11:00:18","date_gmt":"2024-11-28T11:00:18","guid":{"rendered":"http:\/\/yukselenoto.com.tr\/tenax\/?page_id=19"},"modified":"2025-12-09T15:37:15","modified_gmt":"2025-12-09T15:37:15","slug":"fiyat-listesi","status":"publish","type":"page","link":"https:\/\/yukselenoto.com.tr\/tenax\/fiyat-listesi\/","title":{"rendered":"Fiyat Listesi"},"content":{"rendered":"\t\t<div data-elementor-type=\"wp-page\" data-elementor-id=\"19\" class=\"elementor elementor-19\" data-elementor-post-type=\"page\">\n\t\t\t\t<div class=\"elementor-element elementor-element-64a0de9 e-flex e-con-boxed e-con e-parent\" data-id=\"64a0de9\" data-element_type=\"container\" data-settings=\"{&quot;background_background&quot;:&quot;classic&quot;}\">\n\t\t\t\t\t<div class=\"e-con-inner\">\n\t\t\t\t<div class=\"elementor-element elementor-element-8ed8c08 elementor-widget elementor-widget-heading\" data-id=\"8ed8c08\" data-element_type=\"widget\" data-widget_type=\"heading.default\">\n\t\t\t\t<div class=\"elementor-widget-container\">\n\t\t\t\t\t<h2 class=\"elementor-heading-title elementor-size-default\">F\u0130YAT L\u0130STES\u0130<\/h2>\t\t\t\t<\/div>\n\t\t\t\t<\/div>\n\t\t\t\t\t<\/div>\n\t\t\t\t<\/div>\n\t\t<div class=\"elementor-element elementor-element-56801a3 e-flex e-con-boxed e-con e-parent\" data-id=\"56801a3\" data-element_type=\"container\">\n\t\t\t\t\t<div class=\"e-con-inner\">\n\t\t\t\t<div class=\"elementor-element elementor-element-0691394 elementor-widget elementor-widget-text-editor\" data-id=\"0691394\" data-element_type=\"widget\" data-widget_type=\"text-editor.default\">\n\t\t\t\t<div class=\"elementor-widget-container\">\n\t\t\t\t\t\t\t\t\t<table width=\"1093\"><tbody><tr><td colspan=\"5\" width=\"1093\"><strong>TENAX MODELLER\u0130 TAVS\u0130YE ED\u0130LEN PERAKENDE SATI\u015e F\u0130YATLARI<\/strong><\/td><\/tr><\/tbody><\/table>\t\t\t\t\t\t\t\t<\/div>\n\t\t\t\t<\/div>\n\t\t\t\t<div class=\"elementor-element elementor-element-e956eb0 elementor-widget elementor-widget-n-accordion\" data-id=\"e956eb0\" data-element_type=\"widget\" data-settings=\"{&quot;default_state&quot;:&quot;expanded&quot;,&quot;max_items_expended&quot;:&quot;one&quot;,&quot;n_accordion_animation_duration&quot;:{&quot;unit&quot;:&quot;ms&quot;,&quot;size&quot;:400,&quot;sizes&quot;:[]}}\" data-widget_type=\"nested-accordion.default\">\n\t\t\t\t<div class=\"elementor-widget-container\">\n\t\t\t\t\t\t\t<div class=\"e-n-accordion\" aria-label=\"Accordion. Open links with Enter or Space, close with Escape, and navigate with Arrow Keys\">\n\t\t\t\t\t\t<details id=\"e-n-accordion-item-2440\" class=\"e-n-accordion-item\" open>\n\t\t\t\t<summary class=\"e-n-accordion-item-title\" data-accordion-index=\"1\" tabindex=\"0\" aria-expanded=\"true\" aria-controls=\"e-n-accordion-item-2440\" >\n\t\t\t\t\t<span class='e-n-accordion-item-title-header'><div class=\"e-n-accordion-item-title-text\"> TENAX C35 TEK KAB\u0130N - KASASIZ <\/div><\/span>\n\t\t\t\t\t\t\t<span class='e-n-accordion-item-title-icon'>\n\t\t\t<span class='e-opened' ><svg aria-hidden=\"true\" class=\"e-font-icon-svg e-fas-minus\" viewBox=\"0 0 448 512\" xmlns=\"http:\/\/www.w3.org\/2000\/svg\"><path d=\"M416 208H32c-17.67 0-32 14.33-32 32v32c0 17.67 14.33 32 32 32h384c17.67 0 32-14.33 32-32v-32c0-17.67-14.33-32-32-32z\"><\/path><\/svg><\/span>\n\t\t\t<span class='e-closed'><svg aria-hidden=\"true\" class=\"e-font-icon-svg e-fas-plus\" viewBox=\"0 0 448 512\" xmlns=\"http:\/\/www.w3.org\/2000\/svg\"><path d=\"M416 208H272V64c0-17.67-14.33-32-32-32h-32c-17.67 0-32 14.33-32 32v144H32c-17.67 0-32 14.33-32 32v32c0 17.67 14.33 32 32 32h144v144c0 17.67 14.33 32 32 32h32c17.67 0 32-14.33 32-32V304h144c17.67 0 32-14.33 32-32v-32c0-17.67-14.33-32-32-32z\"><\/path><\/svg><\/span>\n\t\t<\/span>\n\n\t\t\t\t\t\t<\/summary>\n\t\t\t\t<div role=\"region\" aria-labelledby=\"e-n-accordion-item-2440\" class=\"elementor-element elementor-element-9316747 e-con-full e-flex e-con e-child\" data-id=\"9316747\" data-element_type=\"container\">\n\t\t\t\t<div class=\"elementor-element elementor-element-7de8b6f elementor-widget elementor-widget-text-editor\" data-id=\"7de8b6f\" data-element_type=\"widget\" data-widget_type=\"text-editor.default\">\n\t\t\t\t<div class=\"elementor-widget-container\">\n\t\t\t\t\t\t\t\t\t<table class=\"tpl__table tpl__table--spec\"><thead><tr><th class=\"tpl__th tpl__th--features\">\u00d6ZELL\u0130KLER<\/th><th class=\"tpl__th tpl__th--price\">2025 F\u0130YATLARI<\/th><\/tr><\/thead><tbody><tr class=\"tpl__tr 170hp\"><td class=\"tpl__td tpl__td--features 170hp\"><span class=\"model-name\">170 HP \/ <\/span><span class=\"feat-cummins\">Cummins Motor \/ <\/span><span class=\"feat-uzun\">Uzun \u015easi \/ <\/span><span class=\"feat-klima\">Klima<\/span><\/td><td class=\"tpl__td tpl__td--price 170hp\"><strong>1.307.694 TL<\/strong><\/td><\/tr><tr class=\"tpl__tr 158hp\"><td class=\"tpl__td tpl__td--features 158hp\"><span class=\"model-name\">158 HP \/ <\/span><span class=\"feat-fd25\">FD25 Motor \/ <\/span><span class=\"feat-uzun\">Uzun \u015easi \/ <\/span><span class=\"feat-klima\">Klima \/ <\/span><span class=\"feat-esp\">ESP \/ <\/span><span class=\"feat-hsa\">HSA (Yoku\u015f Kalk\u0131\u015f Deste\u011fi) \/ <\/span><span class=\"feat-hava\">Hava Yast\u0131\u011f\u0131<\/span><\/td><td class=\"tpl__td tpl__td--price 158hp\"><strong>1.373.498 TL<\/strong><\/td><\/tr><\/tbody><\/table>\t\t\t\t\t\t\t\t<\/div>\n\t\t\t\t<\/div>\n\t\t\t\t<\/div>\n\t\t\t\t\t<\/details>\n\t\t\t\t\t\t<details id=\"e-n-accordion-item-2441\" class=\"e-n-accordion-item\" >\n\t\t\t\t<summary class=\"e-n-accordion-item-title\" data-accordion-index=\"2\" tabindex=\"-1\" aria-expanded=\"false\" aria-controls=\"e-n-accordion-item-2441\" >\n\t\t\t\t\t<span class='e-n-accordion-item-title-header'><div class=\"e-n-accordion-item-title-text\"> TENAX C35 TEK KAB\u0130N - KASALI <\/div><\/span>\n\t\t\t\t\t\t\t<span class='e-n-accordion-item-title-icon'>\n\t\t\t<span class='e-opened' ><svg aria-hidden=\"true\" class=\"e-font-icon-svg e-fas-minus\" viewBox=\"0 0 448 512\" xmlns=\"http:\/\/www.w3.org\/2000\/svg\"><path d=\"M416 208H32c-17.67 0-32 14.33-32 32v32c0 17.67 14.33 32 32 32h384c17.67 0 32-14.33 32-32v-32c0-17.67-14.33-32-32-32z\"><\/path><\/svg><\/span>\n\t\t\t<span class='e-closed'><svg aria-hidden=\"true\" class=\"e-font-icon-svg e-fas-plus\" viewBox=\"0 0 448 512\" xmlns=\"http:\/\/www.w3.org\/2000\/svg\"><path d=\"M416 208H272V64c0-17.67-14.33-32-32-32h-32c-17.67 0-32 14.33-32 32v144H32c-17.67 0-32 14.33-32 32v32c0 17.67 14.33 32 32 32h144v144c0 17.67 14.33 32 32 32h32c17.67 0 32-14.33 32-32V304h144c17.67 0 32-14.33 32-32v-32c0-17.67-14.33-32-32-32z\"><\/path><\/svg><\/span>\n\t\t<\/span>\n\n\t\t\t\t\t\t<\/summary>\n\t\t\t\t<div role=\"region\" aria-labelledby=\"e-n-accordion-item-2441\" class=\"elementor-element elementor-element-f5fb8f1 e-con-full e-flex e-con e-child\" data-id=\"f5fb8f1\" data-element_type=\"container\">\n\t\t\t\t<div class=\"elementor-element elementor-element-a9d667d elementor-widget elementor-widget-text-editor\" data-id=\"a9d667d\" data-element_type=\"widget\" data-widget_type=\"text-editor.default\">\n\t\t\t\t<div class=\"elementor-widget-container\">\n\t\t\t\t\t\t\t\t\t<table class=\"tpl__table tpl__table--spec\"><thead><tr><th class=\"tpl__th tpl__th--features\">\u00d6ZELL\u0130KLER<\/th><th class=\"tpl__th tpl__th--price\">2025 F\u0130YATLARI<\/th><\/tr><\/thead><tbody><tr class=\"tpl__tr 170hp\"><td class=\"tpl__td tpl__td--features 170hp\"><span class=\"model-name\">170 HP \/ <\/span><span class=\"feat-cummins\">Cummins Motor \/ <\/span><span class=\"feat-uzun\">Uzun \u015easi \/ <\/span><span class=\"feat-klima\">Klima<\/span><\/td><td class=\"tpl__td tpl__td--price 170hp\"><strong>1.401.275 TL<\/strong><\/td><\/tr><tr class=\"tpl__tr 158hp\"><td class=\"tpl__td tpl__td--features 158hp\"><span class=\"model-name\">158 HP \/<\/span><span class=\"feat-fd25\">FD25 Motor \/ <\/span><span class=\"feat-uzun\">Uzun \u015easi \/ <\/span><span class=\"feat-klima\">Klima \/ <\/span><span class=\"feat-esp\">ESP \/ <\/span><span class=\"feat-hsa\">HSA (Yoku\u015f Kalk\u0131\u015f Deste\u011fi) \/ <\/span><span class=\"feat-hava\">Hava Yast\u0131\u011f\u0131<\/span><\/td><td class=\"tpl__td tpl__td--price 158hp\"><strong>1.471.816 TL<\/strong><\/td><\/tr><\/tbody><\/table>\t\t\t\t\t\t\t\t<\/div>\n\t\t\t\t<\/div>\n\t\t\t\t<\/div>\n\t\t\t\t\t<\/details>\n\t\t\t\t\t\t<details id=\"e-n-accordion-item-2442\" class=\"e-n-accordion-item\" >\n\t\t\t\t<summary class=\"e-n-accordion-item-title\" data-accordion-index=\"3\" tabindex=\"-1\" aria-expanded=\"false\" aria-controls=\"e-n-accordion-item-2442\" >\n\t\t\t\t\t<span class='e-n-accordion-item-title-header'><div class=\"e-n-accordion-item-title-text\"> TENAX C35D TEK KAB\u0130N - KASASIZ <\/div><\/span>\n\t\t\t\t\t\t\t<span class='e-n-accordion-item-title-icon'>\n\t\t\t<span class='e-opened' ><svg aria-hidden=\"true\" class=\"e-font-icon-svg e-fas-minus\" viewBox=\"0 0 448 512\" xmlns=\"http:\/\/www.w3.org\/2000\/svg\"><path d=\"M416 208H32c-17.67 0-32 14.33-32 32v32c0 17.67 14.33 32 32 32h384c17.67 0 32-14.33 32-32v-32c0-17.67-14.33-32-32-32z\"><\/path><\/svg><\/span>\n\t\t\t<span class='e-closed'><svg aria-hidden=\"true\" class=\"e-font-icon-svg e-fas-plus\" viewBox=\"0 0 448 512\" xmlns=\"http:\/\/www.w3.org\/2000\/svg\"><path d=\"M416 208H272V64c0-17.67-14.33-32-32-32h-32c-17.67 0-32 14.33-32 32v144H32c-17.67 0-32 14.33-32 32v32c0 17.67 14.33 32 32 32h144v144c0 17.67 14.33 32 32 32h32c17.67 0 32-14.33 32-32V304h144c17.67 0 32-14.33 32-32v-32c0-17.67-14.33-32-32-32z\"><\/path><\/svg><\/span>\n\t\t<\/span>\n\n\t\t\t\t\t\t<\/summary>\n\t\t\t\t<div role=\"region\" aria-labelledby=\"e-n-accordion-item-2442\" class=\"elementor-element elementor-element-bfe1c7b e-con-full e-flex e-con e-child\" data-id=\"bfe1c7b\" data-element_type=\"container\">\n\t\t\t\t<div class=\"elementor-element elementor-element-56c5194 elementor-widget elementor-widget-text-editor\" data-id=\"56c5194\" data-element_type=\"widget\" data-widget_type=\"text-editor.default\">\n\t\t\t\t<div class=\"elementor-widget-container\">\n\t\t\t\t\t\t\t\t\t<table class=\"tpl__table tpl__table--spec\"><thead><tr><th class=\"tpl__th tpl__th--features\">\u00d6ZELL\u0130KLER<\/th><th class=\"tpl__th tpl__th--price\">2025 F\u0130YATLARI<\/th><\/tr><\/thead><tbody><tr class=\"tpl__tr 170hp\"><td class=\"tpl__td tpl__td--features 170hp\"><span class=\"model-name\">170 HP \/ <\/span><span class=\"feat-cummins\">Cummins Motor \/ <\/span><span class=\"feat-uzun\">Uzun \u015easi \/ <\/span><span class=\"feat-klima\">Klima<\/span><\/td><td class=\"tpl__td tpl__td--price 170hp\"><strong>1.422.330 TL<\/strong><\/td><\/tr><tr class=\"tpl__tr 158hp\"><td class=\"tpl__td tpl__td--features 158hp\"><span class=\"model-name\">158 HP \/<\/span><span class=\"feat-fd25\">FD25 Motor \/ <\/span><span class=\"feat-uzun\">Uzun \u015easi \/ <\/span><span class=\"feat-klima\">Klima \/ <\/span><span class=\"feat-esp\">ESP \/ <\/span><span class=\"feat-hsa\">HSA (Yoku\u015f Kalk\u0131\u015f Deste\u011fi) \/ <\/span><span class=\"feat-hava\">Hava Yast\u0131\u011f\u0131<\/span><\/td><td class=\"tpl__td tpl__td--price 158hp\"><strong>1.493.930 TL<\/strong><\/td><\/tr><\/tbody><\/table>\t\t\t\t\t\t\t\t<\/div>\n\t\t\t\t<\/div>\n\t\t\t\t<\/div>\n\t\t\t\t\t<\/details>\n\t\t\t\t\t\t<details id=\"e-n-accordion-item-2443\" class=\"e-n-accordion-item\" >\n\t\t\t\t<summary class=\"e-n-accordion-item-title\" data-accordion-index=\"4\" tabindex=\"-1\" aria-expanded=\"false\" aria-controls=\"e-n-accordion-item-2443\" >\n\t\t\t\t\t<span class='e-n-accordion-item-title-header'><div class=\"e-n-accordion-item-title-text\"> TENAX C35D TEK KAB\u0130N - KASALI <\/div><\/span>\n\t\t\t\t\t\t\t<span class='e-n-accordion-item-title-icon'>\n\t\t\t<span class='e-opened' ><svg aria-hidden=\"true\" class=\"e-font-icon-svg e-fas-minus\" viewBox=\"0 0 448 512\" xmlns=\"http:\/\/www.w3.org\/2000\/svg\"><path d=\"M416 208H32c-17.67 0-32 14.33-32 32v32c0 17.67 14.33 32 32 32h384c17.67 0 32-14.33 32-32v-32c0-17.67-14.33-32-32-32z\"><\/path><\/svg><\/span>\n\t\t\t<span class='e-closed'><svg aria-hidden=\"true\" class=\"e-font-icon-svg e-fas-plus\" viewBox=\"0 0 448 512\" xmlns=\"http:\/\/www.w3.org\/2000\/svg\"><path d=\"M416 208H272V64c0-17.67-14.33-32-32-32h-32c-17.67 0-32 14.33-32 32v144H32c-17.67 0-32 14.33-32 32v32c0 17.67 14.33 32 32 32h144v144c0 17.67 14.33 32 32 32h32c17.67 0 32-14.33 32-32V304h144c17.67 0 32-14.33 32-32v-32c0-17.67-14.33-32-32-32z\"><\/path><\/svg><\/span>\n\t\t<\/span>\n\n\t\t\t\t\t\t<\/summary>\n\t\t\t\t<div role=\"region\" aria-labelledby=\"e-n-accordion-item-2443\" class=\"elementor-element elementor-element-ec13c29 e-con-full e-flex e-con e-child\" data-id=\"ec13c29\" data-element_type=\"container\">\n\t\t\t\t<div class=\"elementor-element elementor-element-9909feb elementor-widget elementor-widget-text-editor\" data-id=\"9909feb\" data-element_type=\"widget\" data-widget_type=\"text-editor.default\">\n\t\t\t\t<div class=\"elementor-widget-container\">\n\t\t\t\t\t\t\t\t\t<table class=\"tpl__table tpl__table--spec\"><thead><tr><th class=\"tpl__th tpl__th--features\">\u00d6ZELL\u0130KLER<\/th><th class=\"tpl__th tpl__th--price\">2025 F\u0130YATLARI<\/th><\/tr><\/thead><tbody><tr class=\"tpl__tr 170hp\"><td class=\"tpl__td tpl__td--features 170hp\"><span class=\"model-name\">170 HP \/ <\/span><span class=\"feat-cummins\">Cummins Motor \/ <\/span><span class=\"feat-uzun\">Uzun \u015easi \/ <\/span><span class=\"feat-klima\">Klima<\/span><\/td><td class=\"tpl__td tpl__td--price 170hp\"><strong>1.504.213 TL<\/strong><\/td><\/tr><tr class=\"tpl__tr 158hp\"><td class=\"tpl__td tpl__td--features 158hp\"><span class=\"model-name\">158 HP \/<\/span><span class=\"feat-fd25\">FD25 Motor \/ <\/span><span class=\"feat-uzun\">Uzun \u015easi \/ <\/span><span class=\"feat-klima\">Klima \/ <\/span><span class=\"feat-esp\">ESP \/ <\/span><span class=\"feat-hsa\">HSA (Yoku\u015f Kalk\u0131\u015f Deste\u011fi) \/ <\/span><span class=\"feat-hava\">Hava Yast\u0131\u011f\u0131<\/span><\/td><td class=\"tpl__td tpl__td--price 158hp\"><strong>1.579.955 TL<\/strong><\/td><\/tr><\/tbody><\/table>\t\t\t\t\t\t\t\t<\/div>\n\t\t\t\t<\/div>\n\t\t\t\t<\/div>\n\t\t\t\t\t<\/details>\n\t\t\t\t\t\t<details id=\"e-n-accordion-item-2444\" class=\"e-n-accordion-item\" >\n\t\t\t\t<summary class=\"e-n-accordion-item-title\" data-accordion-index=\"5\" tabindex=\"-1\" aria-expanded=\"false\" aria-controls=\"e-n-accordion-item-2444\" >\n\t\t\t\t\t<span class='e-n-accordion-item-title-header'><div class=\"e-n-accordion-item-title-text\"> TENAX V35 PANEL VAN <\/div><\/span>\n\t\t\t\t\t\t\t<span class='e-n-accordion-item-title-icon'>\n\t\t\t<span class='e-opened' ><svg aria-hidden=\"true\" class=\"e-font-icon-svg e-fas-minus\" viewBox=\"0 0 448 512\" xmlns=\"http:\/\/www.w3.org\/2000\/svg\"><path d=\"M416 208H32c-17.67 0-32 14.33-32 32v32c0 17.67 14.33 32 32 32h384c17.67 0 32-14.33 32-32v-32c0-17.67-14.33-32-32-32z\"><\/path><\/svg><\/span>\n\t\t\t<span class='e-closed'><svg aria-hidden=\"true\" class=\"e-font-icon-svg e-fas-plus\" viewBox=\"0 0 448 512\" xmlns=\"http:\/\/www.w3.org\/2000\/svg\"><path d=\"M416 208H272V64c0-17.67-14.33-32-32-32h-32c-17.67 0-32 14.33-32 32v144H32c-17.67 0-32 14.33-32 32v32c0 17.67 14.33 32 32 32h144v144c0 17.67 14.33 32 32 32h32c17.67 0 32-14.33 32-32V304h144c17.67 0 32-14.33 32-32v-32c0-17.67-14.33-32-32-32z\"><\/path><\/svg><\/span>\n\t\t<\/span>\n\n\t\t\t\t\t\t<\/summary>\n\t\t\t\t<div role=\"region\" aria-labelledby=\"e-n-accordion-item-2444\" class=\"elementor-element elementor-element-7e5de02 e-con-full e-flex e-con e-child\" data-id=\"7e5de02\" data-element_type=\"container\">\n\t\t\t\t<div class=\"elementor-element elementor-element-f9028d4 elementor-widget elementor-widget-text-editor\" data-id=\"f9028d4\" data-element_type=\"widget\" data-widget_type=\"text-editor.default\">\n\t\t\t\t<div class=\"elementor-widget-container\">\n\t\t\t\t\t\t\t\t\t<table class=\"tpl__table tpl__table--spec\"><thead><tr><th class=\"tpl__th tpl__th--features\">\u00d6ZELL\u0130KLER<\/th><th class=\"tpl__th tpl__th--price\">2025 F\u0130YATLARI<\/th><\/tr><\/thead><tbody><tr class=\"tpl__tr 170hp\"><td class=\"tpl__td tpl__td--features 170hp\"><span class=\"model-name\">170 HP \/ <\/span><span class=\"feat-cummins\">Cummins Motor \/ <\/span><span class=\"feat-uzun\">Uzun \u015easi \/ <\/span><span class=\"feat-klima\">Klima<\/span><\/td><td class=\"tpl__td tpl__td--price 170hp\"><strong>1.350.716 TL<\/strong><\/td><\/tr><tr class=\"tpl__tr 158hp\"><td class=\"tpl__td tpl__td--features 158hp\"><span class=\"model-name\">158 HP \/<\/span><span class=\"feat-fd25\">FD25 Motor \/ <\/span><span class=\"feat-uzun\">Uzun \u015easi \/ <\/span><span class=\"feat-klima\">Klima \/ <\/span><span class=\"feat-esp\">ESP \/ <\/span><span class=\"feat-hsa\">HSA (Yoku\u015f Kalk\u0131\u015f Deste\u011fi) \/ <\/span><span class=\"feat-hava\">Hava Yast\u0131\u011f\u0131<\/span><\/td><td class=\"tpl__td tpl__td--price 158hp\"><strong>1.418.664 TL<\/strong><\/td><\/tr><\/tbody><\/table>\t\t\t\t\t\t\t\t<\/div>\n\t\t\t\t<\/div>\n\t\t\t\t<\/div>\n\t\t\t\t\t<\/details>\n\t\t\t\t\t<\/div>\n\t\t\t\t\t\t<\/div>\n\t\t\t\t<\/div>\n\t\t\t\t\t<\/div>\n\t\t\t\t<\/div>\n\t\t<div class=\"elementor-element elementor-element-e5ada57 e-flex e-con-boxed e-con e-parent\" data-id=\"e5ada57\" data-element_type=\"container\">\n\t\t\t\t\t<div class=\"e-con-inner\">\n\t\t\t\t<div class=\"elementor-element elementor-element-52d4ddc elementor-widget elementor-widget-text-editor\" data-id=\"52d4ddc\" data-element_type=\"widget\" data-widget_type=\"text-editor.default\">\n\t\t\t\t<div class=\"elementor-widget-container\">\n\t\t\t\t\t\t\t\t\t<p>* Tenax Otomotiv ara\u00e7lar\u0131n fiyat ve teknik \u00f6zelliklerinde de\u011fi\u015fiklik yapma hakk\u0131n\u0131 sakl\u0131 tutar.<br \/>** Fiyatlar \u00d6TV,KDV,plaka,ruhsat masraflar\u0131 dahil tavsiye edilen fiyatlard\u0131r.<br \/>*** Ara\u00e7lar\u0131n fatura tarihinde y\u00fcr\u00fcrl\u00fckte olan fiyat listesi ge\u00e7erlidir.<\/p>\t\t\t\t\t\t\t\t<\/div>\n\t\t\t\t<\/div>\n\t\t\t\t\t<\/div>\n\t\t\t\t<\/div>\n\t\t\t\t<\/div>\n\t\t","protected":false},"excerpt":{"rendered":"<p>F\u0130YAT L\u0130STES\u0130 TENAX MODELLER\u0130 TAVS\u0130YE ED\u0130LEN PERAKENDE SATI\u015e F\u0130YATLARI TENAX C35 TEK KAB\u0130N &#8211; KASASIZ \u00d6ZELL\u0130KLER 2025 F\u0130YATLARI 170 HP \/ Cummins Motor \/ Uzun \u015easi \/ Klima 1.307.694 TL 158 HP \/ FD25 Motor \/ Uzun \u015easi \/ Klima \/ ESP \/ HSA (Yoku\u015f Kalk\u0131\u015f Deste\u011fi) \/ Hava Yast\u0131\u011f\u0131 1.373.498 TL TENAX C35 TEK [&hellip;]<\/p>\n","protected":false},"author":1,"featured_media":0,"parent":0,"menu_order":0,"comment_status":"closed","ping_status":"closed","template":"elementor_header_footer","meta":{"footnotes":""},"class_list":["post-19","page","type-page","status-publish","hentry"],"_links":{"self":[{"href":"https:\/\/yukselenoto.com.tr\/tenax\/wp-json\/wp\/v2\/pages\/19","targetHints":{"allow":["GET"]}}],"collection":[{"href":"https:\/\/yukselenoto.com.tr\/tenax\/wp-json\/wp\/v2\/pages"}],"about":[{"href":"https:\/\/yukselenoto.com.tr\/tenax\/wp-json\/wp\/v2\/types\/page"}],"author":[{"embeddable":true,"href":"https:\/\/yukselenoto.com.tr\/tenax\/wp-json\/wp\/v2\/users\/1"}],"replies":[{"embeddable":true,"href":"https:\/\/yukselenoto.com.tr\/tenax\/wp-json\/wp\/v2\/comments?post=19"}],"version-history":[{"count":16,"href":"https:\/\/yukselenoto.com.tr\/tenax\/wp-json\/wp\/v2\/pages\/19\/revisions"}],"predecessor-version":[{"id":192,"href":"https:\/\/yukselenoto.com.tr\/tenax\/wp-json\/wp\/v2\/pages\/19\/revisions\/192"}],"wp:attachment":[{"href":"https:\/\/yukselenoto.com.tr\/tenax\/wp-json\/wp\/v2\/media?parent=19"}],"curies":[{"name":"wp","href":"https:\/\/api.w.org\/{rel}","templated":true}]}}