{"id":73,"date":"2024-11-28T13:55:06","date_gmt":"2024-11-28T13:55:06","guid":{"rendered":"http:\/\/yukselenoto.com.tr\/tenax\/?page_id=73"},"modified":"2024-12-02T08:56:20","modified_gmt":"2024-12-02T08:56:20","slug":"hakkimizda","status":"publish","type":"page","link":"https:\/\/yukselenoto.com.tr\/tenax\/hakkimizda\/","title":{"rendered":"Hakk\u0131m\u0131zda"},"content":{"rendered":"\t\t<div data-elementor-type=\"wp-page\" data-elementor-id=\"73\" class=\"elementor elementor-73\" data-elementor-post-type=\"page\">\n\t\t\t\t<div class=\"elementor-element elementor-element-d2959b1 e-flex e-con-boxed e-con e-parent\" data-id=\"d2959b1\" data-element_type=\"container\" data-settings=\"{&quot;background_background&quot;:&quot;classic&quot;}\">\n\t\t\t\t\t<div class=\"e-con-inner\">\n\t\t\t\t<div class=\"elementor-element elementor-element-ff17478 elementor-widget elementor-widget-heading\" data-id=\"ff17478\" data-element_type=\"widget\" data-widget_type=\"heading.default\">\n\t\t\t\t<div class=\"elementor-widget-container\">\n\t\t\t\t\t<h2 class=\"elementor-heading-title elementor-size-default\">HAKKIMIZDA<\/h2>\t\t\t\t<\/div>\n\t\t\t\t<\/div>\n\t\t\t\t\t<\/div>\n\t\t\t\t<\/div>\n\t\t<div class=\"elementor-element elementor-element-000d5c9 e-flex e-con-boxed e-con e-parent\" data-id=\"000d5c9\" data-element_type=\"container\">\n\t\t\t\t\t<div class=\"e-con-inner\">\n\t\t<div class=\"elementor-element elementor-element-9dcdafd e-con-full e-flex e-con e-child\" data-id=\"9dcdafd\" data-element_type=\"container\">\n\t\t\t\t<div class=\"elementor-element elementor-element-e2e033d elementor-widget elementor-widget-image\" data-id=\"e2e033d\" data-element_type=\"widget\" data-widget_type=\"image.default\">\n\t\t\t\t<div class=\"elementor-widget-container\">\n\t\t\t\t\t\t\t\t\t\t\t\t\t\t\t<img fetchpriority=\"high\" decoding=\"async\" width=\"800\" height=\"670\" src=\"https:\/\/yukselenoto.com.tr\/tenax\/wp-content\/uploads\/2024\/11\/Tenax-Magaza.jpg\" class=\"attachment-large size-large wp-image-78\" alt=\"\" srcset=\"https:\/\/yukselenoto.com.tr\/tenax\/wp-content\/uploads\/2024\/11\/Tenax-Magaza.jpg 836w, https:\/\/yukselenoto.com.tr\/tenax\/wp-content\/uploads\/2024\/11\/Tenax-Magaza-300x251.jpg 300w, https:\/\/yukselenoto.com.tr\/tenax\/wp-content\/uploads\/2024\/11\/Tenax-Magaza-768x643.jpg 768w\" sizes=\"(max-width: 800px) 100vw, 800px\" \/>\t\t\t\t\t\t\t\t\t\t\t\t\t\t\t<\/div>\n\t\t\t\t<\/div>\n\t\t\t\t<\/div>\n\t\t<div class=\"elementor-element elementor-element-e2dfe8f e-con-full e-flex e-con e-child\" data-id=\"e2dfe8f\" data-element_type=\"container\">\n\t\t\t\t<div class=\"elementor-element elementor-element-a47a860 elementor-widget elementor-widget-heading\" data-id=\"a47a860\" data-element_type=\"widget\" data-widget_type=\"heading.default\">\n\t\t\t\t<div class=\"elementor-widget-container\">\n\t\t\t\t\t<h2 class=\"elementor-heading-title elementor-size-default\">Hakk\u0131m\u0131zda<\/h2>\t\t\t\t<\/div>\n\t\t\t\t<\/div>\n\t\t\t\t<div class=\"elementor-element elementor-element-0b584c6 elementor-widget elementor-widget-text-editor\" data-id=\"0b584c6\" data-element_type=\"widget\" data-widget_type=\"text-editor.default\">\n\t\t\t\t<div class=\"elementor-widget-container\">\n\t\t\t\t\t\t\t\t\t<p>Y\u00fckselen Otomotiv olarak, otomotiv sekt\u00f6r\u00fcnde m\u00fc\u015fteri memnuniyetini esas alan bir hizmet anlay\u0131\u015f\u0131yla faaliyet g\u00f6stermekteyiz. Tenax ara\u00e7lar\u0131n\u0131n yetkili bayisi olarak, bireysel ve ticari m\u00fc\u015fterilerimizin ihtiya\u00e7lar\u0131n\u0131 kar\u015f\u0131lamak i\u00e7in yenilik\u00e7i \u00e7\u00f6z\u00fcmler sunuyoruz. Kaliteyi, g\u00fcveni ve modern teknolojiyi bir araya getirerek sekt\u00f6rde fark yaratmay\u0131 hedefliyoruz.<\/p>\t\t\t\t\t\t\t\t<\/div>\n\t\t\t\t<\/div>\n\t\t\t\t<div class=\"elementor-element elementor-element-0cfc3cb elementor-widget elementor-widget-qi_addons_for_elementor_progress_bar_horizontal\" data-id=\"0cfc3cb\" data-element_type=\"widget\" data-widget_type=\"qi_addons_for_elementor_progress_bar_horizontal.default\">\n\t\t\t\t<div class=\"elementor-widget-container\">\n\t\t\t\t\t<div class=\"qodef-shortcode qodef-m qodef-qi-progress-bar-horizontal qodef-percentage--floating-above\" data-active-line-color=\"#1e1e1e\" data-active-line-width=\"4\" data-inactive-line-color=\"#ececec\" data-inactive-line-width=\"4\"  data-number=\"100\" data-percentage-type=\"floating-above\" data-gradient-fill=\"no\" data-rand-id=\"938939743\" data-gradient-start=\"#D9E7FA\" data-gradient-end=\"#FCC4AF\" data-text-color=\"#1e1e1e\" >\n\t<div class=\"qodef-m-inner\">\n\t\t<div class=\"qodef-m-content\">\n\t\t\t\t\t\t\t<h5 class=\"qodef-m-title\">\n\t\t\t\t\tKalite\t\t\t\t<\/h5>\n\t\t\t\t\t\t<div class=\"qodef-m-value\">\n\t\t\t\t<div class=\"qodef-m-value-inner\"><\/div>\n\t\t\t<\/div>\n\t\t<\/div>\n\t\t<div class=\"qodef-m-canvas\"><\/div>\n\t<\/div>\n<\/div>\n\t\t\t\t<\/div>\n\t\t\t\t<\/div>\n\t\t\t\t<div class=\"elementor-element elementor-element-3fa8169 elementor-widget elementor-widget-qi_addons_for_elementor_progress_bar_horizontal\" data-id=\"3fa8169\" data-element_type=\"widget\" data-widget_type=\"qi_addons_for_elementor_progress_bar_horizontal.default\">\n\t\t\t\t<div class=\"elementor-widget-container\">\n\t\t\t\t\t<div class=\"qodef-shortcode qodef-m qodef-qi-progress-bar-horizontal qodef-percentage--floating-above\" data-active-line-color=\"#1e1e1e\" data-active-line-width=\"4\" data-inactive-line-color=\"#ececec\" data-inactive-line-width=\"4\"  data-number=\"100\" data-percentage-type=\"floating-above\" data-gradient-fill=\"no\" data-rand-id=\"312398333\" data-gradient-start=\"#D9E7FA\" data-gradient-end=\"#FCC4AF\" data-text-color=\"#1e1e1e\" >\n\t<div class=\"qodef-m-inner\">\n\t\t<div class=\"qodef-m-content\">\n\t\t\t\t\t\t\t<h5 class=\"qodef-m-title\">\n\t\t\t\t\tG\u00fcven\t\t\t\t<\/h5>\n\t\t\t\t\t\t<div class=\"qodef-m-value\">\n\t\t\t\t<div class=\"qodef-m-value-inner\"><\/div>\n\t\t\t<\/div>\n\t\t<\/div>\n\t\t<div class=\"qodef-m-canvas\"><\/div>\n\t<\/div>\n<\/div>\n\t\t\t\t<\/div>\n\t\t\t\t<\/div>\n\t\t\t\t<div class=\"elementor-element elementor-element-813b61c elementor-widget elementor-widget-qi_addons_for_elementor_progress_bar_horizontal\" data-id=\"813b61c\" data-element_type=\"widget\" data-widget_type=\"qi_addons_for_elementor_progress_bar_horizontal.default\">\n\t\t\t\t<div class=\"elementor-widget-container\">\n\t\t\t\t\t<div class=\"qodef-shortcode qodef-m qodef-qi-progress-bar-horizontal qodef-percentage--floating-above\" data-active-line-color=\"#1e1e1e\" data-active-line-width=\"4\" data-inactive-line-color=\"#ececec\" data-inactive-line-width=\"4\"  data-number=\"100\" data-percentage-type=\"floating-above\" data-gradient-fill=\"no\" data-rand-id=\"582234438\" data-gradient-start=\"#D9E7FA\" data-gradient-end=\"#FCC4AF\" data-text-color=\"#1e1e1e\" >\n\t<div class=\"qodef-m-inner\">\n\t\t<div class=\"qodef-m-content\">\n\t\t\t\t\t\t\t<h5 class=\"qodef-m-title\">\n\t\t\t\t\t\u0130novasyon\t\t\t\t<\/h5>\n\t\t\t\t\t\t<div class=\"qodef-m-value\">\n\t\t\t\t<div class=\"qodef-m-value-inner\"><\/div>\n\t\t\t<\/div>\n\t\t<\/div>\n\t\t<div class=\"qodef-m-canvas\"><\/div>\n\t<\/div>\n<\/div>\n\t\t\t\t<\/div>\n\t\t\t\t<\/div>\n\t\t\t\t<\/div>\n\t\t\t\t\t<\/div>\n\t\t\t\t<\/div>\n\t\t<div class=\"elementor-element elementor-element-0aeb400 e-flex e-con-boxed e-con e-parent\" data-id=\"0aeb400\" data-element_type=\"container\" data-settings=\"{&quot;background_background&quot;:&quot;classic&quot;}\">\n\t\t\t\t\t<div class=\"e-con-inner\">\n\t\t<div class=\"elementor-element elementor-element-e979584 e-con-full e-flex e-con e-child\" data-id=\"e979584\" data-element_type=\"container\">\n\t\t\t\t<div class=\"elementor-element elementor-element-76a6c06 elementor-widget elementor-widget-qi_addons_for_elementor_counter\" data-id=\"76a6c06\" data-element_type=\"widget\" data-widget_type=\"qi_addons_for_elementor_counter.default\">\n\t\t\t\t<div class=\"elementor-widget-container\">\n\t\t\t\t\t<div class=\"qodef-shortcode qodef-m qodef-qi-counter qodef-layout--simple\" data-end-digit=\"29\" data-digit-label=\"+\">\n\t<div class=\"qodef-m-digit-wrapper\">\n\t\t<div class=\"qodef-m-digit\"><\/div>\n\t<\/div>\n\t\t<div class=\"qodef-m-content\">\n\t\t\t<h5 class=\"qodef-m-title\">\n\t\tSenelik Tecr\u00fcbe\t<\/h5>\n\t\t\t<\/div>\n<\/div>\n\t\t\t\t<\/div>\n\t\t\t\t<\/div>\n\t\t\t\t<\/div>\n\t\t<div class=\"elementor-element elementor-element-32c7dfa e-con-full e-flex e-con e-child\" data-id=\"32c7dfa\" data-element_type=\"container\">\n\t\t\t\t<div class=\"elementor-element elementor-element-47863a9 elementor-widget elementor-widget-qi_addons_for_elementor_counter\" data-id=\"47863a9\" data-element_type=\"widget\" data-widget_type=\"qi_addons_for_elementor_counter.default\">\n\t\t\t\t<div class=\"elementor-widget-container\">\n\t\t\t\t\t<div class=\"qodef-shortcode qodef-m qodef-qi-counter qodef-layout--simple\" data-end-digit=\"100\" data-digit-label=\"%\">\n\t<div class=\"qodef-m-digit-wrapper\">\n\t\t<div class=\"qodef-m-digit\"><\/div>\n\t<\/div>\n\t\t<div class=\"qodef-m-content\">\n\t\t\t<h5 class=\"qodef-m-title\">\n\t\tM\u00fc\u015fteri Memnuniyeti\t<\/h5>\n\t\t\t<\/div>\n<\/div>\n\t\t\t\t<\/div>\n\t\t\t\t<\/div>\n\t\t\t\t<\/div>\n\t\t<div class=\"elementor-element elementor-element-ba0b97c e-con-full e-flex e-con e-child\" data-id=\"ba0b97c\" data-element_type=\"container\">\n\t\t\t\t<div class=\"elementor-element elementor-element-ac4f3cd elementor-widget elementor-widget-qi_addons_for_elementor_counter\" data-id=\"ac4f3cd\" data-element_type=\"widget\" data-widget_type=\"qi_addons_for_elementor_counter.default\">\n\t\t\t\t<div class=\"elementor-widget-container\">\n\t\t\t\t\t<div class=\"qodef-shortcode qodef-m qodef-qi-counter qodef-layout--simple\" data-end-digit=\"2512\" data-digit-label=\"+\">\n\t<div class=\"qodef-m-digit-wrapper\">\n\t\t<div class=\"qodef-m-digit\"><\/div>\n\t<\/div>\n\t\t<div class=\"qodef-m-content\">\n\t\t\t<h5 class=\"qodef-m-title\">\n\t\tMutlu M\u00fc\u015fteri\t<\/h5>\n\t\t\t<\/div>\n<\/div>\n\t\t\t\t<\/div>\n\t\t\t\t<\/div>\n\t\t\t\t<\/div>\n\t\t\t\t\t<\/div>\n\t\t\t\t<\/div>\n\t\t<div class=\"elementor-element elementor-element-05cb924 e-flex e-con-boxed e-con e-parent\" data-id=\"05cb924\" data-element_type=\"container\" data-settings=\"{&quot;background_background&quot;:&quot;classic&quot;}\">\n\t\t\t\t\t<div class=\"e-con-inner\">\n\t\t<div class=\"elementor-element elementor-element-b033e92 e-con-full e-flex e-con e-child\" data-id=\"b033e92\" data-element_type=\"container\">\n\t\t\t\t<div class=\"elementor-element elementor-element-e8e229d elementor-widget elementor-widget-heading\" data-id=\"e8e229d\" data-element_type=\"widget\" data-widget_type=\"heading.default\">\n\t\t\t\t<div class=\"elementor-widget-container\">\n\t\t\t\t\t<h2 class=\"elementor-heading-title elementor-size-default\">Misyonumuz<\/h2>\t\t\t\t<\/div>\n\t\t\t\t<\/div>\n\t\t\t\t<div class=\"elementor-element elementor-element-8aa6af6 elementor-widget elementor-widget-text-editor\" data-id=\"8aa6af6\" data-element_type=\"widget\" data-widget_type=\"text-editor.default\">\n\t\t\t\t<div class=\"elementor-widget-container\">\n\t\t\t\t\t\t\t\t\t<p>M\u00fc\u015fterilerimize g\u00fcvenilir, s\u00fcrd\u00fcr\u00fclebilir ve y\u00fcksek standartlarda otomotiv \u00e7\u00f6z\u00fcmleri sunarak onlar\u0131n hayatlar\u0131n\u0131 kolayla\u015ft\u0131rmak. Ara\u00e7 sat\u0131\u015f\u0131ndan sat\u0131\u015f sonras\u0131 hizmetlere kadar her a\u015famada yan\u0131n\u0131zda olmay\u0131 ve en iyi hizmeti sunmay\u0131 ama\u00e7l\u0131yoruz.<\/p><p>\u00a0<\/p>\t\t\t\t\t\t\t\t<\/div>\n\t\t\t\t<\/div>\n\t\t\t\t<\/div>\n\t\t<div class=\"elementor-element elementor-element-b5f13e0 e-con-full e-flex e-con e-child\" data-id=\"b5f13e0\" data-element_type=\"container\">\n\t\t\t\t<div class=\"elementor-element elementor-element-f9b6134 elementor-widget elementor-widget-heading\" data-id=\"f9b6134\" data-element_type=\"widget\" data-widget_type=\"heading.default\">\n\t\t\t\t<div class=\"elementor-widget-container\">\n\t\t\t\t\t<h2 class=\"elementor-heading-title elementor-size-default\">Vizyonumuz<\/h2>\t\t\t\t<\/div>\n\t\t\t\t<\/div>\n\t\t\t\t<div class=\"elementor-element elementor-element-ca33771 elementor-widget elementor-widget-text-editor\" data-id=\"ca33771\" data-element_type=\"widget\" data-widget_type=\"text-editor.default\">\n\t\t\t\t<div class=\"elementor-widget-container\">\n\t\t\t\t\t\t\t\t\t<p>Otomotiv sekt\u00f6r\u00fcnde yenilik\u00e7i yakla\u015f\u0131mlar\u0131m\u0131z ve m\u00fc\u015fteri odakl\u0131 hizmet anlay\u0131\u015f\u0131m\u0131zla lider bir marka olmak. Yaln\u0131zca ara\u00e7 sat\u0131\u015f\u0131 yapan bir firma de\u011fil, m\u00fc\u015fterilerimizin her ad\u0131m\u0131nda onlara destek olan bir \u00e7\u00f6z\u00fcm orta\u011f\u0131 olmay\u0131 hedefliyoruz.<\/p><p>\u00a0<\/p>\t\t\t\t\t\t\t\t<\/div>\n\t\t\t\t<\/div>\n\t\t\t\t<\/div>\n\t\t\t\t\t<\/div>\n\t\t\t\t<\/div>\n\t\t<div class=\"elementor-element elementor-element-70eab42 e-flex e-con-boxed e-con e-parent\" data-id=\"70eab42\" data-element_type=\"container\">\n\t\t\t\t\t<div class=\"e-con-inner\">\n\t\t\t\t<div class=\"elementor-element elementor-element-df0f617 elementor-widget elementor-widget-heading\" data-id=\"df0f617\" data-element_type=\"widget\" data-widget_type=\"heading.default\">\n\t\t\t\t<div class=\"elementor-widget-container\">\n\t\t\t\t\t<h2 class=\"elementor-heading-title elementor-size-default\">De\u011ferlerimiz<\/h2>\t\t\t\t<\/div>\n\t\t\t\t<\/div>\n\t\t\t\t<div class=\"elementor-element elementor-element-db53356 elementor-widget elementor-widget-text-editor\" data-id=\"db53356\" data-element_type=\"widget\" data-widget_type=\"text-editor.default\">\n\t\t\t\t<div class=\"elementor-widget-container\">\n\t\t\t\t\t\t\t\t\t<ul><li><strong>G\u00fcvenilirlik:<\/strong> M\u00fc\u015fterilerimizle uzun vadeli ili\u015fkiler kurarak g\u00fcvenilir bir i\u015f orta\u011f\u0131 olmay\u0131 \u00f6nemsiyoruz.<\/li><li><strong>Kalite:<\/strong> Sat\u0131\u015f ve hizmet s\u00fcre\u00e7lerimizde uluslararas\u0131 standartlar\u0131 benimsiyor, Tenax ara\u00e7lar\u0131n\u0131n \u00fcst\u00fcn kalitesini m\u00fc\u015fterilerimizle bulu\u015fturuyoruz.<\/li><li><strong>M\u00fc\u015fteri Odakl\u0131l\u0131k:<\/strong> \u0130htiya\u00e7lar\u0131n\u0131za \u00f6zel \u00e7\u00f6z\u00fcmler sunarak her zaman beklentilerinizi a\u015fmay\u0131 ama\u00e7l\u0131yoruz.<\/li><li><strong>Yenilik\u00e7ilik:<\/strong> Teknolojik geli\u015fmeleri yak\u0131ndan takip ederek, modern ve yenilik\u00e7i hizmetler sunuyoruz.<\/li><\/ul><p>\u00a0<\/p><p><strong>Neden Y\u00fckselen Otomotiv?<\/strong><br \/>Otomotiv sekt\u00f6r\u00fcndeki tecr\u00fcbemiz, geni\u015f hizmet a\u011f\u0131m\u0131z ve m\u00fc\u015fteri memnuniyetine olan ba\u011fl\u0131l\u0131\u011f\u0131m\u0131zla fark yarat\u0131yoruz. Her m\u00fc\u015fterimizin ihtiya\u00e7lar\u0131na \u00f6zel \u00e7\u00f6z\u00fcmler sunarak i\u015flerini kolayla\u015ft\u0131rmay\u0131 ve hayatlar\u0131n\u0131 g\u00fczelle\u015ftirmeyi hedefliyoruz.<\/p>\t\t\t\t\t\t\t\t<\/div>\n\t\t\t\t<\/div>\n\t\t\t\t\t<\/div>\n\t\t\t\t<\/div>\n\t\t\t\t<\/div>\n\t\t","protected":false},"excerpt":{"rendered":"<p>HAKKIMIZDA Hakk\u0131m\u0131zda Y\u00fckselen Otomotiv olarak, otomotiv sekt\u00f6r\u00fcnde m\u00fc\u015fteri memnuniyetini esas alan bir hizmet anlay\u0131\u015f\u0131yla faaliyet g\u00f6stermekteyiz. Tenax ara\u00e7lar\u0131n\u0131n yetkili bayisi olarak, bireysel ve ticari m\u00fc\u015fterilerimizin ihtiya\u00e7lar\u0131n\u0131 kar\u015f\u0131lamak i\u00e7in yenilik\u00e7i \u00e7\u00f6z\u00fcmler sunuyoruz. Kaliteyi, g\u00fcveni ve modern teknolojiyi bir araya getirerek sekt\u00f6rde fark yaratmay\u0131 hedefliyoruz. Kalite G\u00fcven \u0130novasyon Senelik Tecr\u00fcbe M\u00fc\u015fteri Memnuniyeti Mutlu M\u00fc\u015fteri Misyonumuz M\u00fc\u015fterilerimize g\u00fcvenilir, [&hellip;]<\/p>\n","protected":false},"author":1,"featured_media":0,"parent":0,"menu_order":0,"comment_status":"closed","ping_status":"closed","template":"elementor_header_footer","meta":{"footnotes":""},"class_list":["post-73","page","type-page","status-publish","hentry"],"_links":{"self":[{"href":"https:\/\/yukselenoto.com.tr\/tenax\/wp-json\/wp\/v2\/pages\/73","targetHints":{"allow":["GET"]}}],"collection":[{"href":"https:\/\/yukselenoto.com.tr\/tenax\/wp-json\/wp\/v2\/pages"}],"about":[{"href":"https:\/\/yukselenoto.com.tr\/tenax\/wp-json\/wp\/v2\/types\/page"}],"author":[{"embeddable":true,"href":"https:\/\/yukselenoto.com.tr\/tenax\/wp-json\/wp\/v2\/users\/1"}],"replies":[{"embeddable":true,"href":"https:\/\/yukselenoto.com.tr\/tenax\/wp-json\/wp\/v2\/comments?post=73"}],"version-history":[{"count":10,"href":"https:\/\/yukselenoto.com.tr\/tenax\/wp-json\/wp\/v2\/pages\/73\/revisions"}],"predecessor-version":[{"id":145,"href":"https:\/\/yukselenoto.com.tr\/tenax\/wp-json\/wp\/v2\/pages\/73\/revisions\/145"}],"wp:attachment":[{"href":"https:\/\/yukselenoto.com.tr\/tenax\/wp-json\/wp\/v2\/media?parent=73"}],"curies":[{"name":"wp","href":"https:\/\/api.w.org\/{rel}","templated":true}]}}